{"id":5682,"date":"2026-01-13T13:36:05","date_gmt":"2026-01-13T13:36:05","guid":{"rendered":"https:\/\/nen.kmkoncept.fr\/?post_type=product&#038;p=5682"},"modified":"2026-04-28T07:28:04","modified_gmt":"2026-04-28T07:28:04","slug":"foc-open-5-00-homologue","status":"publish","type":"product","link":"https:\/\/www.nenuphar.com\/en\/shop\/navigation\/voiles\/focs\/foc-open-5-00-homologue\/","title":{"rendered":"FOC OPEN 5.00 HOMOLOGUE"},"content":{"rendered":"<p>Foc homologu\u00e9 par la classe Open 500 .<\/p>\n<p>Foc Open 500 en tissu Dimension Polyant HTP Plus 245 g\/m\u00b2<\/p>\n<p>Foc livr\u00e9 avec sa housse.<\/p>\n<p>Attention: pour livraison foc roul\u00e9, un suppl\u00e9ment de transport est demand\u00e9.<\/p>\n<p>En standard, il est envoy\u00e9 pli\u00e9.<\/p><\/p>","protected":false},"excerpt":{"rendered":"<p>Official jib for Open 5.00 Made in Dimension Polyant HTP Plus 245 g\/m\u00b2 Race jib, class legal. Delivered with his bag. Freight costs are for folded jib. Additional costs could be applied for rolled delivery<\/p>","protected":false},"featured_media":5710,"template":"","meta":{"_acf_changed":false,"_uag_custom_page_level_css":""},"product_brand":[430],"product_cat":[60,208],"product_tag":[499,500,501],"class_list":{"0":"post-5682","1":"product","2":"type-product","3":"status-publish","4":"has-post-thumbnail","6":"product_brand-nenuphar","7":"product_cat-focs","8":"product_cat-open-5-0","9":"product_tag-open","10":"product_tag-open-5","11":"product_tag-open-5-0","12":"product_shipping_class-schenker","14":"first","15":"onbackorder","16":"taxable","17":"shipping-taxable","18":"purchasable","19":"product-type-simple"},"acf":[],"aioseo_notices":[],"uagb_featured_image_src":{"full":["https:\/\/www.nenuphar.com\/wp-content\/uploads\/2026\/01\/4745-scaled.jpg",2560,1920,false],"thumbnail":["https:\/\/www.nenuphar.com\/wp-content\/uploads\/2026\/01\/4745-150x150.jpg",150,150,true],"medium":["https:\/\/www.nenuphar.com\/wp-content\/uploads\/2026\/01\/4745-300x225.jpg",300,225,true],"medium_large":["https:\/\/www.nenuphar.com\/wp-content\/uploads\/2026\/01\/4745-768x576.jpg",768,576,true],"large":["https:\/\/www.nenuphar.com\/wp-content\/uploads\/2026\/01\/4745-1024x768.jpg",1024,768,true],"1536x1536":["https:\/\/www.nenuphar.com\/wp-content\/uploads\/2026\/01\/4745-1536x1152.jpg",1536,1152,true],"2048x2048":["https:\/\/www.nenuphar.com\/wp-content\/uploads\/2026\/01\/4745-2048x1536.jpg",2048,1536,true],"trp-custom-language-flag":["https:\/\/www.nenuphar.com\/wp-content\/uploads\/2026\/01\/4745-scaled.jpg",16,12,false],"woocommerce_thumbnail":["https:\/\/www.nenuphar.com\/wp-content\/uploads\/2026\/01\/4745-300x300.jpg",300,300,true],"woocommerce_single":["https:\/\/www.nenuphar.com\/wp-content\/uploads\/2026\/01\/4745-600x450.jpg",600,450,true],"woocommerce_gallery_thumbnail":["https:\/\/www.nenuphar.com\/wp-content\/uploads\/2026\/01\/4745-100x100.jpg",100,100,true]},"uagb_author_info":{"display_name":"Karine","author_link":"https:\/\/www.nenuphar.com\/en\/author\/"},"uagb_comment_info":0,"uagb_excerpt":"Foc homologu\u00e9 par la classe Open 500 . Foc Open 500 en tissu Dimension Polyant HTP Plus 245 g\/m\u00b2 Foc livr\u00e9 avec sa housse. Attention: pour livraison foc roul\u00e9, un suppl\u00e9ment de transport est demand\u00e9. En standard, il est envoy\u00e9 pli\u00e9.","_links":{"self":[{"href":"https:\/\/www.nenuphar.com\/en\/wp-json\/wp\/v2\/product\/5682","targetHints":{"allow":["GET"]}}],"collection":[{"href":"https:\/\/www.nenuphar.com\/en\/wp-json\/wp\/v2\/product"}],"about":[{"href":"https:\/\/www.nenuphar.com\/en\/wp-json\/wp\/v2\/types\/product"}],"wp:featuredmedia":[{"embeddable":true,"href":"https:\/\/www.nenuphar.com\/en\/wp-json\/wp\/v2\/media\/5710"}],"wp:attachment":[{"href":"https:\/\/www.nenuphar.com\/en\/wp-json\/wp\/v2\/media?parent=5682"}],"wp:term":[{"taxonomy":"product_brand","embeddable":true,"href":"https:\/\/www.nenuphar.com\/en\/wp-json\/wp\/v2\/product_brand?post=5682"},{"taxonomy":"product_cat","embeddable":true,"href":"https:\/\/www.nenuphar.com\/en\/wp-json\/wp\/v2\/product_cat?post=5682"},{"taxonomy":"product_tag","embeddable":true,"href":"https:\/\/www.nenuphar.com\/en\/wp-json\/wp\/v2\/product_tag?post=5682"}],"curies":[{"name":"wp","href":"https:\/\/api.w.org\/{rel}","templated":true}]}}