{"id":5696,"date":"2026-01-13T13:36:29","date_gmt":"2026-01-13T13:36:29","guid":{"rendered":"https:\/\/nen.kmkoncept.fr\/?post_type=product&#038;p=5696"},"modified":"2026-04-28T07:28:05","modified_gmt":"2026-04-28T07:28:05","slug":"genois-muscadet-regate-cross-cut-biradial-mousquet","status":"publish","type":"product","link":"https:\/\/www.nenuphar.com\/en\/shop\/navigation\/voiles\/focs\/genois-muscadet-regate-cross-cut-biradial-mousquet\/","title":{"rendered":"MUSCADET REGATE Genoa \u2013 Cross Cut + Bi-Radial with Snap Hook"},"content":{"rendered":"<p>Muscadet Regate Genoa<\/p>\n<p>Coupe cross-cut et bas bi-radial<\/p>\n<p>Tissu 200OD ou 245 htp+square au choix.<\/p>\n<p>Double window<\/p>\n<p>Single-handed snap hooks<\/p>","protected":false},"excerpt":{"rendered":"<p>G\u00e9nois Muscadet r\u00e9gate . Coupe cross-cut et bas bi-radial Tissu 200OD ou 245 htp+square au choix. Double fen\u00eatre Mousquetons 1 main<\/p>","protected":false},"featured_media":5733,"template":"","meta":{"_acf_changed":false,"_uag_custom_page_level_css":""},"product_brand":[],"product_cat":[60],"product_tag":[],"class_list":{"0":"post-5696","1":"product","2":"type-product","3":"status-publish","4":"has-post-thumbnail","6":"product_cat-focs","8":"first","9":"onbackorder","10":"taxable","11":"shipping-taxable","12":"purchasable","13":"product-type-simple"},"acf":[],"aioseo_notices":[],"uagb_featured_image_src":{"full":["https:\/\/www.nenuphar.com\/wp-content\/uploads\/2026\/01\/5003.png",1335,897,false],"thumbnail":["https:\/\/www.nenuphar.com\/wp-content\/uploads\/2026\/01\/5003-150x150.png",150,150,true],"medium":["https:\/\/www.nenuphar.com\/wp-content\/uploads\/2026\/01\/5003-300x202.png",300,202,true],"medium_large":["https:\/\/www.nenuphar.com\/wp-content\/uploads\/2026\/01\/5003-768x516.png",768,516,true],"large":["https:\/\/www.nenuphar.com\/wp-content\/uploads\/2026\/01\/5003-1024x688.png",1024,688,true],"1536x1536":["https:\/\/www.nenuphar.com\/wp-content\/uploads\/2026\/01\/5003.png",1335,897,false],"2048x2048":["https:\/\/www.nenuphar.com\/wp-content\/uploads\/2026\/01\/5003.png",1335,897,false],"trp-custom-language-flag":["https:\/\/www.nenuphar.com\/wp-content\/uploads\/2026\/01\/5003.png",18,12,false],"woocommerce_thumbnail":["https:\/\/www.nenuphar.com\/wp-content\/uploads\/2026\/01\/5003-300x300.png",300,300,true],"woocommerce_single":["https:\/\/www.nenuphar.com\/wp-content\/uploads\/2026\/01\/5003-600x403.png",600,403,true],"woocommerce_gallery_thumbnail":["https:\/\/www.nenuphar.com\/wp-content\/uploads\/2026\/01\/5003-100x100.png",100,100,true]},"uagb_author_info":{"display_name":"Karine","author_link":"https:\/\/www.nenuphar.com\/en\/author\/"},"uagb_comment_info":0,"uagb_excerpt":"G\u00e9nois Muscadet r\u00e9gate . Coupe cross-cut et bas bi-radial Tissu 200OD ou 245 htp+square au choix. Double fen\u00eatre Mousquetons 1 main","_links":{"self":[{"href":"https:\/\/www.nenuphar.com\/en\/wp-json\/wp\/v2\/product\/5696","targetHints":{"allow":["GET"]}}],"collection":[{"href":"https:\/\/www.nenuphar.com\/en\/wp-json\/wp\/v2\/product"}],"about":[{"href":"https:\/\/www.nenuphar.com\/en\/wp-json\/wp\/v2\/types\/product"}],"wp:featuredmedia":[{"embeddable":true,"href":"https:\/\/www.nenuphar.com\/en\/wp-json\/wp\/v2\/media\/5733"}],"wp:attachment":[{"href":"https:\/\/www.nenuphar.com\/en\/wp-json\/wp\/v2\/media?parent=5696"}],"wp:term":[{"taxonomy":"product_brand","embeddable":true,"href":"https:\/\/www.nenuphar.com\/en\/wp-json\/wp\/v2\/product_brand?post=5696"},{"taxonomy":"product_cat","embeddable":true,"href":"https:\/\/www.nenuphar.com\/en\/wp-json\/wp\/v2\/product_cat?post=5696"},{"taxonomy":"product_tag","embeddable":true,"href":"https:\/\/www.nenuphar.com\/en\/wp-json\/wp\/v2\/product_tag?post=5696"}],"curies":[{"name":"wp","href":"https:\/\/api.w.org\/{rel}","templated":true}]}}