{"id":5720,"date":"2026-01-13T13:37:19","date_gmt":"2026-01-13T13:37:19","guid":{"rendered":"https:\/\/nen.kmkoncept.fr\/?post_type=product&#038;p=5720"},"modified":"2026-04-28T07:30:05","modified_gmt":"2026-04-28T07:30:05","slug":"option-pose-bande-uv-foc-deriveur-cata","status":"publish","type":"product","link":"https:\/\/www.nenuphar.com\/en\/shop\/navigation\/voiles\/focs\/option-pose-bande-uv-foc-deriveur-cata\/","title":{"rendered":"UV strip installation option \/ jib \u2013 dinghy\/catamaran"},"content":{"rendered":"<p>Made in France. We highly recommend this option if you often leave the jib rigged and rolled: it prevents the leech of the jib from being quickly damaged by the sun.<\/p>\n<p>This option must be ordered at the same time as the jib.<\/p>\n<p>\u00a0<\/p>","protected":false},"excerpt":{"rendered":"<p>Only when ordering a new jib. For existing jib: contact us. \u00a0<\/p>","protected":false},"featured_media":0,"template":"","meta":{"_acf_changed":false,"_uag_custom_page_level_css":""},"product_brand":[430],"product_cat":[60],"product_tag":[],"class_list":{"0":"post-5720","1":"product","2":"type-product","3":"status-publish","5":"product_brand-nenuphar","6":"product_cat-focs","8":"first","9":"onbackorder","10":"taxable","11":"shipping-taxable","12":"purchasable","13":"product-type-simple"},"acf":[],"aioseo_notices":[],"uagb_featured_image_src":{"full":false,"thumbnail":false,"medium":false,"medium_large":false,"large":false,"1536x1536":false,"2048x2048":false,"trp-custom-language-flag":false,"woocommerce_thumbnail":false,"woocommerce_single":false,"woocommerce_gallery_thumbnail":false},"uagb_author_info":{"display_name":"Karine","author_link":"https:\/\/www.nenuphar.com\/en\/author\/"},"uagb_comment_info":0,"uagb_excerpt":"Fabriqu\u00e9 en France. Nous conseillons vivement cette option si vous laissez souvent le foc gr\u00e9\u00e9 roul\u00e9: cela \u00e9vite que le tissu de la chute du foc soit brul\u00e9e tr\u00e8s rapidement. Il faut imp\u00e9rativement commander cette option en m\u00eame temps que le foc. \u00a0","_links":{"self":[{"href":"https:\/\/www.nenuphar.com\/en\/wp-json\/wp\/v2\/product\/5720","targetHints":{"allow":["GET"]}}],"collection":[{"href":"https:\/\/www.nenuphar.com\/en\/wp-json\/wp\/v2\/product"}],"about":[{"href":"https:\/\/www.nenuphar.com\/en\/wp-json\/wp\/v2\/types\/product"}],"wp:attachment":[{"href":"https:\/\/www.nenuphar.com\/en\/wp-json\/wp\/v2\/media?parent=5720"}],"wp:term":[{"taxonomy":"product_brand","embeddable":true,"href":"https:\/\/www.nenuphar.com\/en\/wp-json\/wp\/v2\/product_brand?post=5720"},{"taxonomy":"product_cat","embeddable":true,"href":"https:\/\/www.nenuphar.com\/en\/wp-json\/wp\/v2\/product_cat?post=5720"},{"taxonomy":"product_tag","embeddable":true,"href":"https:\/\/www.nenuphar.com\/en\/wp-json\/wp\/v2\/product_tag?post=5720"}],"curies":[{"name":"wp","href":"https:\/\/api.w.org\/{rel}","templated":true}]}}