{"id":5722,"date":"2026-01-13T13:37:19","date_gmt":"2026-01-13T13:37:19","guid":{"rendered":"https:\/\/nen.kmkoncept.fr\/?post_type=product&#038;p=5722"},"modified":"2026-04-28T07:30:19","modified_gmt":"2026-04-28T07:30:19","slug":"option-fenetre-dans-gd-voile-ou-foc-deriveur","status":"publish","type":"product","link":"https:\/\/www.nenuphar.com\/en\/shop\/navigation\/voiles\/focs\/option-fenetre-dans-gd-voile-ou-foc-deriveur\/","title":{"rendered":"Window option in large sail \u2013 or jib for dinghy or catamaran"},"content":{"rendered":"<p><span>We install a window in the new jib or mainsail that you order.<\/span><\/p>\n<p><span>We can also fit a window on an older sail or replace a damaged window, but these services are provided by quote only.<\/span><\/p>\n<p><span>For a jib or mainsail of a dinghy or sports catamaran. For other sails, please contact us.<\/span><\/p>","protected":false},"excerpt":{"rendered":"<p>Nous posons une fen\u00eatre dans le foc ou la Grand&rsquo;Voile neuve que vous commandez. Nous pouvons \u00e9galement poser une fen\u00eatre sur une ancienne voile, ou remplacer une fen\u00eatre endommag\u00e9e, mais ces op\u00e9rations se feront uniquement sur devis. Pour un foc ou une Grand Voile de d\u00e9riveur ou de catamaran de sport. Pour autres voiles: nous [&hellip;]<\/p>\n","protected":false},"featured_media":0,"template":"","meta":{"_acf_changed":false,"_uag_custom_page_level_css":""},"product_brand":[430],"product_cat":[60],"product_tag":[],"class_list":{"0":"post-5722","1":"product","2":"type-product","3":"status-publish","5":"product_brand-nenuphar","6":"product_cat-focs","8":"first","9":"onbackorder","10":"taxable","11":"shipping-taxable","12":"purchasable","13":"product-type-simple"},"acf":[],"aioseo_notices":[],"uagb_featured_image_src":{"full":false,"thumbnail":false,"medium":false,"medium_large":false,"large":false,"1536x1536":false,"2048x2048":false,"trp-custom-language-flag":false,"woocommerce_thumbnail":false,"woocommerce_single":false,"woocommerce_gallery_thumbnail":false},"uagb_author_info":{"display_name":"Karine","author_link":"https:\/\/www.nenuphar.com\/en\/author\/"},"uagb_comment_info":0,"uagb_excerpt":"Nous posons une fen\u00eatre dans le foc ou la Grand&rsquo;Voile neuve que vous commandez. Nous pouvons \u00e9galement poser une fen\u00eatre sur une ancienne voile, ou remplacer une fen\u00eatre endommag\u00e9e, mais ces op\u00e9rations se feront uniquement sur devis. Pour un foc ou une Grand Voile de d\u00e9riveur ou de catamaran de sport. Pour autres voiles: nous&hellip;","_links":{"self":[{"href":"https:\/\/www.nenuphar.com\/en\/wp-json\/wp\/v2\/product\/5722","targetHints":{"allow":["GET"]}}],"collection":[{"href":"https:\/\/www.nenuphar.com\/en\/wp-json\/wp\/v2\/product"}],"about":[{"href":"https:\/\/www.nenuphar.com\/en\/wp-json\/wp\/v2\/types\/product"}],"wp:attachment":[{"href":"https:\/\/www.nenuphar.com\/en\/wp-json\/wp\/v2\/media?parent=5722"}],"wp:term":[{"taxonomy":"product_brand","embeddable":true,"href":"https:\/\/www.nenuphar.com\/en\/wp-json\/wp\/v2\/product_brand?post=5722"},{"taxonomy":"product_cat","embeddable":true,"href":"https:\/\/www.nenuphar.com\/en\/wp-json\/wp\/v2\/product_cat?post=5722"},{"taxonomy":"product_tag","embeddable":true,"href":"https:\/\/www.nenuphar.com\/en\/wp-json\/wp\/v2\/product_tag?post=5722"}],"curies":[{"name":"wp","href":"https:\/\/api.w.org\/{rel}","templated":true}]}}