{"id":600,"date":"2026-01-04T15:00:02","date_gmt":"2026-01-04T15:00:02","guid":{"rendered":"https:\/\/nen.kmkoncept.fr\/?post_type=product&#038;p=600"},"modified":"2026-04-28T07:30:41","modified_gmt":"2026-04-28T07:30:41","slug":"jeu-de-lattes-cruciforme-gd-voile-compatible-hc","status":"publish","type":"product","link":"https:\/\/www.nenuphar.com\/en\/shop\/navigation\/voiles\/lattes-et-embouts\/jeu-de-lattes-cruciforme-gd-voile-compatible-hc\/","title":{"rendered":"BATTEN COMPATIBLE HC16"},"content":{"rendered":"<p>Attention: ces lattes sont compatibles avec les voiles N\u00e9nuphar.<\/p>\n<p>Il s&rsquo;agit de lattes cruciformes de hauteur 16 mm, notre r\u00e9f\u00e9rence 1460D au ml, avec embout r\u00e9f 1460G<\/p>\n<p>D\u00e9clinaisons propos\u00e9es :<\/p>\n<ul>\n<li><span style=\"line-height: 24px;\">CRUCIFORME GD VOILE COMPATIBLE HC 16<\/span><\/li>\n<li><span style=\"line-height: 24px;\">FOC COMPATIBLE HC 16<\/span><\/li>\n<li><span style=\"line-height: 24px;\">CRUCIFORME GD VOILE COMPATIBLE HC 15<\/span><\/li>\n<li><span style=\"line-height: 24px;\">CRUCIFORME GD VOILE COMPATIBLE HC 14<\/span><\/li>\n<li><span style=\"line-height: 24px;\">CRUCIFORME GD VOILE COMPATIBLE HC 13<\/span><\/li>\n<li><span style=\"line-height: 24px;\">CRUCIFORME GD VOILE COMPATIBLE HC 16 LIGHT<\/span><\/li>\n<li><span style=\"line-height: 24px;\">CRUCIFORME GD VOILE COMPATIBLE HC 16<\/span><\/li>\n<\/ul>","protected":false},"excerpt":{"rendered":"<p>Attention: ces lattes sont compatibles avec les voiles N\u00e9nuphar. Il s&rsquo;agit de lattes cruciformes de hauteur 16 mm, notre r\u00e9f\u00e9rence 1460D au ml, avec embout r\u00e9f 1460G D\u00e9clinaisons propos\u00e9es : CRUCIFORME GD VOILE COMPATIBLE HC 16 FOC COMPATIBLE HC 16 CRUCIFORME GD VOILE COMPATIBLE HC 15 CRUCIFORME GD VOILE COMPATIBLE HC 14 CRUCIFORME GD VOILE [&hellip;]<\/p>\n","protected":false},"featured_media":661,"template":"","meta":{"_acf_changed":false,"_uag_custom_page_level_css":""},"product_brand":[430],"product_cat":[64],"product_tag":[],"class_list":{"0":"post-600","1":"product","2":"type-product","3":"status-publish","4":"has-post-thumbnail","6":"product_brand-nenuphar","7":"product_cat-lattes-et-embouts","8":"product_shipping_class-schenker","10":"first","11":"onbackorder","12":"taxable","13":"shipping-taxable","14":"purchasable","15":"product-type-variable"},"acf":[],"aioseo_notices":[],"uagb_featured_image_src":{"full":["https:\/\/www.nenuphar.com\/wp-content\/uploads\/2026\/01\/5653.jpg",636,1302,false],"thumbnail":["https:\/\/www.nenuphar.com\/wp-content\/uploads\/2026\/01\/5653-150x150.jpg",150,150,true],"medium":["https:\/\/www.nenuphar.com\/wp-content\/uploads\/2026\/01\/5653-147x300.jpg",147,300,true],"medium_large":["https:\/\/www.nenuphar.com\/wp-content\/uploads\/2026\/01\/5653.jpg",636,1302,false],"large":["https:\/\/www.nenuphar.com\/wp-content\/uploads\/2026\/01\/5653-500x1024.jpg",500,1024,true],"1536x1536":["https:\/\/www.nenuphar.com\/wp-content\/uploads\/2026\/01\/5653.jpg",636,1302,false],"2048x2048":["https:\/\/www.nenuphar.com\/wp-content\/uploads\/2026\/01\/5653.jpg",636,1302,false],"trp-custom-language-flag":["https:\/\/www.nenuphar.com\/wp-content\/uploads\/2026\/01\/5653.jpg",6,12,false],"woocommerce_thumbnail":["https:\/\/www.nenuphar.com\/wp-content\/uploads\/2026\/01\/5653-300x300.jpg",300,300,true],"woocommerce_single":["https:\/\/www.nenuphar.com\/wp-content\/uploads\/2026\/01\/5653-600x1228.jpg",600,1228,true],"woocommerce_gallery_thumbnail":["https:\/\/www.nenuphar.com\/wp-content\/uploads\/2026\/01\/5653-100x100.jpg",100,100,true]},"uagb_author_info":{"display_name":"Karine","author_link":"https:\/\/www.nenuphar.com\/en\/author\/"},"uagb_comment_info":0,"uagb_excerpt":"Attention: ces lattes sont compatibles avec les voiles N\u00e9nuphar. Il s&rsquo;agit de lattes cruciformes de hauteur 16 mm, notre r\u00e9f\u00e9rence 1460D au ml, avec embout r\u00e9f 1460G D\u00e9clinaisons propos\u00e9es : CRUCIFORME GD VOILE COMPATIBLE HC 16 FOC COMPATIBLE HC 16 CRUCIFORME GD VOILE COMPATIBLE HC 15 CRUCIFORME GD VOILE COMPATIBLE HC 14 CRUCIFORME GD VOILE&hellip;","_links":{"self":[{"href":"https:\/\/www.nenuphar.com\/en\/wp-json\/wp\/v2\/product\/600","targetHints":{"allow":["GET"]}}],"collection":[{"href":"https:\/\/www.nenuphar.com\/en\/wp-json\/wp\/v2\/product"}],"about":[{"href":"https:\/\/www.nenuphar.com\/en\/wp-json\/wp\/v2\/types\/product"}],"wp:featuredmedia":[{"embeddable":true,"href":"https:\/\/www.nenuphar.com\/en\/wp-json\/wp\/v2\/media\/661"}],"wp:attachment":[{"href":"https:\/\/www.nenuphar.com\/en\/wp-json\/wp\/v2\/media?parent=600"}],"wp:term":[{"taxonomy":"product_brand","embeddable":true,"href":"https:\/\/www.nenuphar.com\/en\/wp-json\/wp\/v2\/product_brand?post=600"},{"taxonomy":"product_cat","embeddable":true,"href":"https:\/\/www.nenuphar.com\/en\/wp-json\/wp\/v2\/product_cat?post=600"},{"taxonomy":"product_tag","embeddable":true,"href":"https:\/\/www.nenuphar.com\/en\/wp-json\/wp\/v2\/product_tag?post=600"}],"curies":[{"name":"wp","href":"https:\/\/api.w.org\/{rel}","templated":true}]}}