{"id":6150,"date":"2026-02-12T12:12:50","date_gmt":"2026-02-12T12:12:50","guid":{"rendered":"https:\/\/nen.kmkoncept.fr\/shop\/non%20class\u00e9\/gilet-chesil-50n-noir-voile-sup-kite-large-60-80-kg\/"},"modified":"2026-04-28T07:30:43","modified_gmt":"2026-04-28T07:30:43","slug":"gilet-chesil-50n-noir-voile-sup-kite-large-60-80-kg","status":"publish","type":"product","link":"https:\/\/www.nenuphar.com\/en\/shop\/collectivites-entretien\/securite\/gilets-collectivites-entretien\/gilet-chesil-50n-noir-voile-sup-kite-large-60-80-kg\/","title":{"rendered":"CHESIL 50N BLACK VEST \u2013 SAILING \/ SUP \/ KITE, LARGE 60\u201380 kg."},"content":{"rendered":"<p>50N buoyancy aids designed for active and high-speed sports: dinghy sailing, catamaran, kitesurfing, etc.<br \/>\nMod\u00e8le qui associe une coupe courte ergonomique et une conception optimale en terme de s\u00e9curit\u00e9.<\/p>\n<table id=\"super-product-table\" class=\"data-table grouped-items-table\" border=\"1\">\n<thead>\n<tr class=\"first last\">\n<th>Poids du porteur<\/th>\n<th>Taille<\/th>\n<th><\/th>\n<th>Tour de poitrine (cm)<\/th>\n<\/tr>\n<\/thead>\n<tbody>\n<tr class=\"first odd\">\n<td>40-60 kg<\/td>\n<td>S-M<\/td>\n<td class=\"grouped-item-sku\"><\/td>\n<td class=\"last\">85-95<\/td>\n<\/tr>\n<tr class=\"even\">\n<td>60-70 kg<\/td>\n<td>M \/ L<\/td>\n<td class=\"grouped-item-sku\"><\/td>\n<td class=\"last\">95-105<\/td>\n<\/tr>\n<tr class=\"odd\">\n<td>+ 70 kg<\/td>\n<td>XL<\/td>\n<td class=\"grouped-item-sku\"><\/td>\n<td class=\"last\">105-115<\/td>\n<\/tr>\n<tr class=\"last even\">\n<td>+ 70 kg<\/td>\n<td>XXL<\/td>\n<td class=\"grouped-item-sku\"><\/td>\n<td class=\"last\">120-130<\/td>\n<\/tr>\n<\/tbody>\n<\/table>","protected":false},"excerpt":{"rendered":"<p>Aides \u00e0 la flottabilit\u00e9 50N con\u00e7ues pour les pratiques actives et de vitesse : d\u00e9riveur, catamaran, kitesurf&#8230; Mod\u00e8le qui associe une coupe courte ergonomique et une conception optimale en terme de s\u00e9curit\u00e9. Poids du porteur Taille Tour de poitrine (cm) 40-60 kg S-M 85-95 60-70 kg M \/ L 95-105 + 70 kg XL 105-115 [&hellip;]<\/p>\n","protected":false},"featured_media":8467,"template":"","meta":{"_acf_changed":false,"_uag_custom_page_level_css":""},"product_brand":[],"product_cat":[415],"product_tag":[],"class_list":{"0":"post-6150","1":"product","2":"type-product","3":"status-publish","4":"has-post-thumbnail","6":"product_cat-gilets-collectivites-entretien","8":"first","9":"instock","10":"taxable","11":"shipping-taxable","12":"purchasable","13":"product-type-variable"},"acf":[],"aioseo_notices":[],"uagb_featured_image_src":{"full":["https:\/\/www.nenuphar.com\/wp-content\/uploads\/2026\/02\/5847.jpg",365,385,false],"thumbnail":["https:\/\/www.nenuphar.com\/wp-content\/uploads\/2026\/02\/5847-150x150.jpg",150,150,true],"medium":["https:\/\/www.nenuphar.com\/wp-content\/uploads\/2026\/02\/5847-284x300.jpg",284,300,true],"medium_large":["https:\/\/www.nenuphar.com\/wp-content\/uploads\/2026\/02\/5847.jpg",365,385,false],"large":["https:\/\/www.nenuphar.com\/wp-content\/uploads\/2026\/02\/5847.jpg",365,385,false],"1536x1536":["https:\/\/www.nenuphar.com\/wp-content\/uploads\/2026\/02\/5847.jpg",365,385,false],"2048x2048":["https:\/\/www.nenuphar.com\/wp-content\/uploads\/2026\/02\/5847.jpg",365,385,false],"trp-custom-language-flag":["https:\/\/www.nenuphar.com\/wp-content\/uploads\/2026\/02\/5847-11x12.jpg",11,12,true],"woocommerce_thumbnail":["https:\/\/www.nenuphar.com\/wp-content\/uploads\/2026\/02\/5847-300x300.jpg",300,300,true],"woocommerce_single":["https:\/\/www.nenuphar.com\/wp-content\/uploads\/2026\/02\/5847.jpg",365,385,false],"woocommerce_gallery_thumbnail":["https:\/\/www.nenuphar.com\/wp-content\/uploads\/2026\/02\/5847-100x100.jpg",100,100,true]},"uagb_author_info":{"display_name":"Karine","author_link":"https:\/\/www.nenuphar.com\/en\/author\/"},"uagb_comment_info":0,"uagb_excerpt":"Aides \u00e0 la flottabilit\u00e9 50N con\u00e7ues pour les pratiques actives et de vitesse : d\u00e9riveur, catamaran, kitesurf&#8230; Mod\u00e8le qui associe une coupe courte ergonomique et une conception optimale en terme de s\u00e9curit\u00e9. Poids du porteur Taille Tour de poitrine (cm) 40-60 kg S-M 85-95 60-70 kg M \/ L 95-105 + 70 kg XL 105-115&hellip;","_links":{"self":[{"href":"https:\/\/www.nenuphar.com\/en\/wp-json\/wp\/v2\/product\/6150","targetHints":{"allow":["GET"]}}],"collection":[{"href":"https:\/\/www.nenuphar.com\/en\/wp-json\/wp\/v2\/product"}],"about":[{"href":"https:\/\/www.nenuphar.com\/en\/wp-json\/wp\/v2\/types\/product"}],"wp:featuredmedia":[{"embeddable":true,"href":"https:\/\/www.nenuphar.com\/en\/wp-json\/wp\/v2\/media\/8467"}],"wp:attachment":[{"href":"https:\/\/www.nenuphar.com\/en\/wp-json\/wp\/v2\/media?parent=6150"}],"wp:term":[{"taxonomy":"product_brand","embeddable":true,"href":"https:\/\/www.nenuphar.com\/en\/wp-json\/wp\/v2\/product_brand?post=6150"},{"taxonomy":"product_cat","embeddable":true,"href":"https:\/\/www.nenuphar.com\/en\/wp-json\/wp\/v2\/product_cat?post=6150"},{"taxonomy":"product_tag","embeddable":true,"href":"https:\/\/www.nenuphar.com\/en\/wp-json\/wp\/v2\/product_tag?post=6150"}],"curies":[{"name":"wp","href":"https:\/\/api.w.org\/{rel}","templated":true}]}}