{"id":622,"date":"2026-01-04T15:00:11","date_gmt":"2026-01-04T15:00:11","guid":{"rendered":"https:\/\/nen.kmkoncept.fr\/?post_type=product&#038;p=622"},"modified":"2026-04-28T07:28:01","modified_gmt":"2026-04-28T07:28:01","slug":"jeu-de-lattes-cruciforme-gd-voile-compatible-dart-16","status":"publish","type":"product","link":"https:\/\/www.nenuphar.com\/en\/shop\/series\/catamarans-series\/dart\/dart-16\/jeu-de-lattes-cruciforme-gd-voile-compatible-dart-16\/","title":{"rendered":"Set of cross-shaped battens for large sail, compatible with Dart 16."},"content":{"rendered":"<p>Set of cross-shaped battens reserved for our mainsail, compatible with Dart 16 ref. 2163.<\/p>","protected":false},"excerpt":{"rendered":"<p>Set of cross-shaped battens reserved for our mainsail, compatible with Dart 16 ref. 2163.<\/p>","protected":false},"featured_media":0,"template":"","meta":{"_acf_changed":false,"_uag_custom_page_level_css":""},"product_brand":[430],"product_cat":[252,64],"product_tag":[522],"class_list":{"0":"post-622","1":"product","2":"type-product","3":"status-publish","5":"product_brand-nenuphar","6":"product_cat-dart-16","7":"product_cat-lattes-et-embouts","8":"product_tag-dart-16","10":"first","11":"onbackorder","12":"taxable","13":"shipping-taxable","14":"purchasable","15":"product-type-simple"},"acf":[],"aioseo_notices":[],"uagb_featured_image_src":{"full":false,"thumbnail":false,"medium":false,"medium_large":false,"large":false,"1536x1536":false,"2048x2048":false,"trp-custom-language-flag":false,"woocommerce_thumbnail":false,"woocommerce_single":false,"woocommerce_gallery_thumbnail":false},"uagb_author_info":{"display_name":"Karine","author_link":"https:\/\/www.nenuphar.com\/en\/author\/"},"uagb_comment_info":0,"uagb_excerpt":"Jeu de lattes cruciforme r\u00e9serv\u00e9 \u00e0 notre Grand Voile compatible pour Dart 16 r\u00e9f 2163","_links":{"self":[{"href":"https:\/\/www.nenuphar.com\/en\/wp-json\/wp\/v2\/product\/622","targetHints":{"allow":["GET"]}}],"collection":[{"href":"https:\/\/www.nenuphar.com\/en\/wp-json\/wp\/v2\/product"}],"about":[{"href":"https:\/\/www.nenuphar.com\/en\/wp-json\/wp\/v2\/types\/product"}],"wp:attachment":[{"href":"https:\/\/www.nenuphar.com\/en\/wp-json\/wp\/v2\/media?parent=622"}],"wp:term":[{"taxonomy":"product_brand","embeddable":true,"href":"https:\/\/www.nenuphar.com\/en\/wp-json\/wp\/v2\/product_brand?post=622"},{"taxonomy":"product_cat","embeddable":true,"href":"https:\/\/www.nenuphar.com\/en\/wp-json\/wp\/v2\/product_cat?post=622"},{"taxonomy":"product_tag","embeddable":true,"href":"https:\/\/www.nenuphar.com\/en\/wp-json\/wp\/v2\/product_tag?post=622"}],"curies":[{"name":"wp","href":"https:\/\/api.w.org\/{rel}","templated":true}]}}