{"id":6269,"date":"2026-02-12T12:13:17","date_gmt":"2026-02-12T12:13:17","guid":{"rendered":"https:\/\/nen.kmkoncept.fr\/shop\/non%20class\u00e9\/top-sandiline-prometheus-3-couches-taille-s-166-171\/"},"modified":"2026-04-28T07:30:46","modified_gmt":"2026-04-28T07:30:46","slug":"top-sandiline-prometheus-3-couches-taille-s-166-171","status":"publish","type":"product","link":"https:\/\/www.nenuphar.com\/en\/shop\/vetements-techniques\/top-sandiline-prometheus-3-couches-taille-s-166-171\/","title":{"rendered":"TOP SANDILINE PROMETHEUS 3 COUCHES"},"content":{"rendered":"<p>Nouveau top Sandiline !<\/p>\n<p>3 couches:<\/p>\n<p>&#8211; Ext\u00e9rieure: r\u00e9sistante \u00e0 l&rsquo;abrasion, r\u00e9flexion de la chaleur, \u00e9tanche au vent, hydrofuge.<\/p>\n<p>&#8211; Milieu: n\u00e9opr\u00e8ne 1.5 mm pour l&rsquo;isolation<\/p>\n<p>&#8211; Int\u00e9rieur: mat\u00e9riau plaisant au toucher, chaud et s\u00e9chant rapidement.<\/p>","protected":false},"excerpt":{"rendered":"<p>Specific neckline cut to prevent heat loss, while allowing great freedom of movement.<\/p>\n<p>Coutures incurv\u00e9es aux coudes pour r\u00e9duire les plis et la g\u00e8nes.<\/p>\n<p>Superstretch neoprene cuffs<\/p>","protected":false},"featured_media":8313,"template":"","meta":{"_acf_changed":false,"_uag_custom_page_level_css":""},"product_brand":[465],"product_cat":[870],"product_tag":[],"class_list":{"0":"post-6269","1":"product","2":"type-product","3":"status-publish","4":"has-post-thumbnail","6":"product_brand-sandiline","7":"product_cat-vetements-techniques","9":"first","10":"instock","11":"taxable","12":"shipping-taxable","13":"purchasable","14":"product-type-variable"},"acf":[],"aioseo_notices":[],"uagb_featured_image_src":{"full":["https:\/\/www.nenuphar.com\/wp-content\/uploads\/2026\/02\/3447.jpg",1500,1500,false],"thumbnail":["https:\/\/www.nenuphar.com\/wp-content\/uploads\/2026\/02\/3447-150x150.jpg",150,150,true],"medium":["https:\/\/www.nenuphar.com\/wp-content\/uploads\/2026\/02\/3447-300x300.jpg",300,300,true],"medium_large":["https:\/\/www.nenuphar.com\/wp-content\/uploads\/2026\/02\/3447-768x768.jpg",768,768,true],"large":["https:\/\/www.nenuphar.com\/wp-content\/uploads\/2026\/02\/3447-1024x1024.jpg",1024,1024,true],"1536x1536":["https:\/\/www.nenuphar.com\/wp-content\/uploads\/2026\/02\/3447.jpg",1500,1500,false],"2048x2048":["https:\/\/www.nenuphar.com\/wp-content\/uploads\/2026\/02\/3447.jpg",1500,1500,false],"trp-custom-language-flag":["https:\/\/www.nenuphar.com\/wp-content\/uploads\/2026\/02\/3447-12x12.jpg",12,12,true],"woocommerce_thumbnail":["https:\/\/www.nenuphar.com\/wp-content\/uploads\/2026\/02\/3447-300x300.jpg",300,300,true],"woocommerce_single":["https:\/\/www.nenuphar.com\/wp-content\/uploads\/2026\/02\/3447-600x600.jpg",600,600,true],"woocommerce_gallery_thumbnail":["https:\/\/www.nenuphar.com\/wp-content\/uploads\/2026\/02\/3447-100x100.jpg",100,100,true]},"uagb_author_info":{"display_name":"Karine","author_link":"https:\/\/www.nenuphar.com\/en\/author\/"},"uagb_comment_info":0,"uagb_excerpt":"D\u00e9coupe de tour de cou sp\u00e9cifique pour \u00e9viter toute perte de chaleur , tout en permettant une grande libert\u00e9 de mouvement. Coutures incurv\u00e9es aux coudes pour r\u00e9duire les plis et la g\u00e8nes. Poignets en n\u00e9opr\u00e8ne superstretch","_links":{"self":[{"href":"https:\/\/www.nenuphar.com\/en\/wp-json\/wp\/v2\/product\/6269","targetHints":{"allow":["GET"]}}],"collection":[{"href":"https:\/\/www.nenuphar.com\/en\/wp-json\/wp\/v2\/product"}],"about":[{"href":"https:\/\/www.nenuphar.com\/en\/wp-json\/wp\/v2\/types\/product"}],"wp:featuredmedia":[{"embeddable":true,"href":"https:\/\/www.nenuphar.com\/en\/wp-json\/wp\/v2\/media\/8313"}],"wp:attachment":[{"href":"https:\/\/www.nenuphar.com\/en\/wp-json\/wp\/v2\/media?parent=6269"}],"wp:term":[{"taxonomy":"product_brand","embeddable":true,"href":"https:\/\/www.nenuphar.com\/en\/wp-json\/wp\/v2\/product_brand?post=6269"},{"taxonomy":"product_cat","embeddable":true,"href":"https:\/\/www.nenuphar.com\/en\/wp-json\/wp\/v2\/product_cat?post=6269"},{"taxonomy":"product_tag","embeddable":true,"href":"https:\/\/www.nenuphar.com\/en\/wp-json\/wp\/v2\/product_tag?post=6269"}],"curies":[{"name":"wp","href":"https:\/\/api.w.org\/{rel}","templated":true}]}}