{"id":6272,"date":"2026-02-12T12:13:17","date_gmt":"2026-02-12T12:13:17","guid":{"rendered":"https:\/\/nen.kmkoncept.fr\/shop\/non%20class\u00e9\/long-john-sandiline-superflex-zip-taille-s-166-171\/"},"modified":"2026-04-28T07:30:46","modified_gmt":"2026-04-28T07:30:46","slug":"long-john-sandiline-superflex-zip-taille-s-166-171","status":"publish","type":"product","link":"https:\/\/www.nenuphar.com\/en\/shop\/vetements-techniques\/long-john-sandiline-superflex-zip-taille-s-166-171\/","title":{"rendered":"LONG JOHN SANDILINE SUPERFLEX ZIP"},"content":{"rendered":"<p>Pour une meilleure libert\u00e9 de vos mouvements, ce long john est muni d&rsquo;inserts en n\u00e9opr\u00e8ne super stretch dans les zones d\u00e9licates.<\/p>\n<p>Long john tr\u00e8s l\u00e9ger!<\/p>\n<p>Ce long john dispose \u00e9galement de d\u00e9coupes au niveau des chevilles pour que vous puissiez l&rsquo;enfiler plus facilement, tout en \u00e9vitant des d\u00e9chirures, il durera plus longtemps.<\/p>\n<p>Le dos est r\u00e9alis\u00e9 en tissu anti-abrasion supratex<\/p>","protected":false},"excerpt":{"rendered":"<p>Pour une meilleure libert\u00e9 de vos mouvements, ce long john est muni d&rsquo;inserts en n\u00e9opr\u00e8ne super stretch dans les zones d\u00e9licates. Long john tr\u00e8s l\u00e9ger! Ce long john dispose \u00e9galement de d\u00e9coupes au niveau des chevilles pour que vous puissiez l&rsquo;enfiler plus facilement, tout en \u00e9vitant des d\u00e9chirures, il durera plus longtemps. Le dos est [&hellip;]<\/p>\n","protected":false},"featured_media":8282,"template":"","meta":{"_acf_changed":false,"_uag_custom_page_level_css":""},"product_brand":[465],"product_cat":[870],"product_tag":[],"class_list":{"0":"post-6272","1":"product","2":"type-product","3":"status-publish","4":"has-post-thumbnail","6":"product_brand-sandiline","7":"product_cat-vetements-techniques","9":"first","10":"instock","11":"taxable","12":"shipping-taxable","13":"purchasable","14":"product-type-variable"},"acf":[],"aioseo_notices":[],"uagb_featured_image_src":{"full":["https:\/\/www.nenuphar.com\/wp-content\/uploads\/2026\/02\/3010.jpg",202,600,false],"thumbnail":["https:\/\/www.nenuphar.com\/wp-content\/uploads\/2026\/02\/3010-150x150.jpg",150,150,true],"medium":["https:\/\/www.nenuphar.com\/wp-content\/uploads\/2026\/02\/3010-101x300.jpg",101,300,true],"medium_large":["https:\/\/www.nenuphar.com\/wp-content\/uploads\/2026\/02\/3010.jpg",202,600,false],"large":["https:\/\/www.nenuphar.com\/wp-content\/uploads\/2026\/02\/3010.jpg",202,600,false],"1536x1536":["https:\/\/www.nenuphar.com\/wp-content\/uploads\/2026\/02\/3010.jpg",202,600,false],"2048x2048":["https:\/\/www.nenuphar.com\/wp-content\/uploads\/2026\/02\/3010.jpg",202,600,false],"trp-custom-language-flag":["https:\/\/www.nenuphar.com\/wp-content\/uploads\/2026\/02\/3010-4x12.jpg",4,12,true],"woocommerce_thumbnail":["https:\/\/www.nenuphar.com\/wp-content\/uploads\/2026\/02\/3010-202x300.jpg",202,300,true],"woocommerce_single":["https:\/\/www.nenuphar.com\/wp-content\/uploads\/2026\/02\/3010.jpg",202,600,false],"woocommerce_gallery_thumbnail":["https:\/\/www.nenuphar.com\/wp-content\/uploads\/2026\/02\/3010-100x100.jpg",100,100,true]},"uagb_author_info":{"display_name":"Karine","author_link":"https:\/\/www.nenuphar.com\/en\/author\/"},"uagb_comment_info":0,"uagb_excerpt":"Pour une meilleure libert\u00e9 de vos mouvements, ce long john est muni d&rsquo;inserts en n\u00e9opr\u00e8ne super stretch dans les zones d\u00e9licates. Long john tr\u00e8s l\u00e9ger! Ce long john dispose \u00e9galement de d\u00e9coupes au niveau des chevilles pour que vous puissiez l&rsquo;enfiler plus facilement, tout en \u00e9vitant des d\u00e9chirures, il durera plus longtemps. Le dos est&hellip;","_links":{"self":[{"href":"https:\/\/www.nenuphar.com\/en\/wp-json\/wp\/v2\/product\/6272","targetHints":{"allow":["GET"]}}],"collection":[{"href":"https:\/\/www.nenuphar.com\/en\/wp-json\/wp\/v2\/product"}],"about":[{"href":"https:\/\/www.nenuphar.com\/en\/wp-json\/wp\/v2\/types\/product"}],"wp:featuredmedia":[{"embeddable":true,"href":"https:\/\/www.nenuphar.com\/en\/wp-json\/wp\/v2\/media\/8282"}],"wp:attachment":[{"href":"https:\/\/www.nenuphar.com\/en\/wp-json\/wp\/v2\/media?parent=6272"}],"wp:term":[{"taxonomy":"product_brand","embeddable":true,"href":"https:\/\/www.nenuphar.com\/en\/wp-json\/wp\/v2\/product_brand?post=6272"},{"taxonomy":"product_cat","embeddable":true,"href":"https:\/\/www.nenuphar.com\/en\/wp-json\/wp\/v2\/product_cat?post=6272"},{"taxonomy":"product_tag","embeddable":true,"href":"https:\/\/www.nenuphar.com\/en\/wp-json\/wp\/v2\/product_tag?post=6272"}],"curies":[{"name":"wp","href":"https:\/\/api.w.org\/{rel}","templated":true}]}}