{"id":6278,"date":"2026-02-12T12:13:18","date_gmt":"2026-02-12T12:13:18","guid":{"rendered":"https:\/\/nen.kmkoncept.fr\/shop\/non%20class\u00e9\/culotte-rappel-sandiline-winter-zip-v2-taille-s-166-171\/"},"modified":"2026-04-28T07:30:47","modified_gmt":"2026-04-28T07:30:47","slug":"culotte-rappel-sandiline-winter-zip-v2-taille-s-166-171","status":"publish","type":"product","link":"https:\/\/www.nenuphar.com\/en\/shop\/navigation\/ceinture-de-trapeze\/culotte-rappel-sandiline-winter-zip-v2-taille-s-166-171\/","title":{"rendered":"SANDILINE Rappel Pants \u2013 Winter Zip V2 Size S (166\u2013171 cm)"},"content":{"rendered":"<p><span id=\"result_box\" lang=\"fr\" xml:lang=\"fr\">New 3-layer upper torso system:<\/span><\/p>\n<p><span lang=\"fr\" xml:lang=\"fr\">\u00a0\u2013 Outer layer: Reflects heat,<br \/>\nWindproof, water-repellent,<br \/>\nAbrasion-resistant.<\/span><\/p>\n<p><span lang=\"fr\" xml:lang=\"fr\"><br \/>\n\u2013 Middle layer: 1.5 mm neoprene<br \/>\nFor insulation.<\/span><\/p>\n<p><span lang=\"fr\" xml:lang=\"fr\"><br \/>\n\u2013 Inner layer: Quick-drying and warm<br \/>\nFleece, soft against the skin.<\/span><\/p>","protected":false},"excerpt":{"rendered":"<p>Major upgrade of the Sandiline Winterzip rappel pants<\/p>\n<p>\u2013 The entire upper torso is now made of 3-layer material; note, no sleeves!<\/p>\n<p>\u2013 The fly has been updated: the zipper now has finer teeth and features a double neoprene flap on the inside.<\/p>","protected":false},"featured_media":7301,"template":"","meta":{"_acf_changed":false,"_uag_custom_page_level_css":""},"product_brand":[465],"product_cat":[29],"product_tag":[],"class_list":{"0":"post-6278","1":"product","2":"type-product","3":"status-publish","4":"has-post-thumbnail","6":"product_brand-sandiline","7":"product_cat-ceinture-de-trapeze","9":"first","10":"onbackorder","11":"taxable","12":"shipping-taxable","13":"purchasable","14":"product-type-variable"},"acf":[],"aioseo_notices":[],"uagb_featured_image_src":{"full":["https:\/\/www.nenuphar.com\/wp-content\/uploads\/2026\/02\/3389.jpg",960,960,false],"thumbnail":["https:\/\/www.nenuphar.com\/wp-content\/uploads\/2026\/02\/3389-150x150.jpg",150,150,true],"medium":["https:\/\/www.nenuphar.com\/wp-content\/uploads\/2026\/02\/3389-300x300.jpg",300,300,true],"medium_large":["https:\/\/www.nenuphar.com\/wp-content\/uploads\/2026\/02\/3389-768x768.jpg",768,768,true],"large":["https:\/\/www.nenuphar.com\/wp-content\/uploads\/2026\/02\/3389.jpg",960,960,false],"1536x1536":["https:\/\/www.nenuphar.com\/wp-content\/uploads\/2026\/02\/3389.jpg",960,960,false],"2048x2048":["https:\/\/www.nenuphar.com\/wp-content\/uploads\/2026\/02\/3389.jpg",960,960,false],"trp-custom-language-flag":["https:\/\/www.nenuphar.com\/wp-content\/uploads\/2026\/02\/3389-12x12.jpg",12,12,true],"woocommerce_thumbnail":["https:\/\/www.nenuphar.com\/wp-content\/uploads\/2026\/02\/3389-300x300.jpg",300,300,true],"woocommerce_single":["https:\/\/www.nenuphar.com\/wp-content\/uploads\/2026\/02\/3389-600x600.jpg",600,600,true],"woocommerce_gallery_thumbnail":["https:\/\/www.nenuphar.com\/wp-content\/uploads\/2026\/02\/3389-100x100.jpg",100,100,true]},"uagb_author_info":{"display_name":"Karine","author_link":"https:\/\/www.nenuphar.com\/en\/author\/"},"uagb_comment_info":0,"uagb_excerpt":"Grosse \u00e9volution de la culotte de rappel Sandiline Winterzip: - Tout le haut du torse est d\u00e9sormais Constitu\u00e9 d'une mati\u00e8re 3 couches, attention, pas de manches! - La braguette \u00e9volue, le zip a d\u00e9sormais une maille plus fine, et elle est munie d'un double rabat n\u00e9opr\u00e8ne \u00e0 l'int\u00e9rieur.","_links":{"self":[{"href":"https:\/\/www.nenuphar.com\/en\/wp-json\/wp\/v2\/product\/6278","targetHints":{"allow":["GET"]}}],"collection":[{"href":"https:\/\/www.nenuphar.com\/en\/wp-json\/wp\/v2\/product"}],"about":[{"href":"https:\/\/www.nenuphar.com\/en\/wp-json\/wp\/v2\/types\/product"}],"wp:featuredmedia":[{"embeddable":true,"href":"https:\/\/www.nenuphar.com\/en\/wp-json\/wp\/v2\/media\/7301"}],"wp:attachment":[{"href":"https:\/\/www.nenuphar.com\/en\/wp-json\/wp\/v2\/media?parent=6278"}],"wp:term":[{"taxonomy":"product_brand","embeddable":true,"href":"https:\/\/www.nenuphar.com\/en\/wp-json\/wp\/v2\/product_brand?post=6278"},{"taxonomy":"product_cat","embeddable":true,"href":"https:\/\/www.nenuphar.com\/en\/wp-json\/wp\/v2\/product_cat?post=6278"},{"taxonomy":"product_tag","embeddable":true,"href":"https:\/\/www.nenuphar.com\/en\/wp-json\/wp\/v2\/product_tag?post=6278"}],"curies":[{"name":"wp","href":"https:\/\/api.w.org\/{rel}","templated":true}]}}