{"id":6281,"date":"2026-02-12T12:13:18","date_gmt":"2026-02-12T12:13:18","guid":{"rendered":"https:\/\/nen.kmkoncept.fr\/shop\/non%20class\u00e9\/culotte-rappel-sandiline-std-evo-long-taille-s-166-171\/"},"modified":"2026-04-28T07:30:47","modified_gmt":"2026-04-28T07:30:47","slug":"culotte-rappel-sandiline-std-evo-long-taille-s-166-171","status":"publish","type":"product","link":"https:\/\/www.nenuphar.com\/en\/shop\/navigation\/ceinture-de-trapeze\/culotte-rappel-sandiline-std-evo-long-taille-s-166-171\/","title":{"rendered":"CULOTTE RAPPEL SANDILINE STD EVO LONG"},"content":{"rendered":"<p>Le reste de la culotte est inchang\u00e9 par rapport au mod\u00e8le 2016:<\/p>\n<p>&#8211; Coupe pr\u00e9form\u00e9e<br \/>\n&#8211; 5 types de n\u00e9opr\u00e8ne diff\u00e9rents<br \/>\n&#8211; Fessier en n\u00e9opr\u00e8ne small diamond 6.5 mm<br \/>\n&#8211; N\u00e9opr\u00e8ne K1 3.5 mm aux cuisses<br \/>\n&#8211; Lattes polyester int\u00e9gr\u00e9es tr\u00e8s rigides sous bandes de caoutchouc.<\/p>","protected":false},"excerpt":{"rendered":"<p>La culotte de rappel ST EVO est une EVOlution de la c\u00e9l\u00e8bre culotte Sandiline ST.<\/p>\n<p>Les changements principaux r\u00e9sident:<\/p>\n<p>&#8211; dans l&rsquo;adoption d&rsquo;un tissu superstretch au niveau de l&rsquo;abdomen, ce qui vous am\u00e8ne un meilleur confort, quel que soit votre morphologie,<\/p>\n<p>&#8211; Dans la modification des renforts de genoux, qui prot\u00e8gent mieux le n\u00e9opr\u00e8ne, et qui sont plus r\u00e9sistants encore \u00e0 l&rsquo;abrasion.<\/p>","protected":false},"featured_media":7302,"template":"","meta":{"_acf_changed":false,"_uag_custom_page_level_css":""},"product_brand":[465],"product_cat":[29],"product_tag":[],"class_list":{"0":"post-6281","1":"product","2":"type-product","3":"status-publish","4":"has-post-thumbnail","6":"product_brand-sandiline","7":"product_cat-ceinture-de-trapeze","9":"first","10":"instock","11":"taxable","12":"shipping-taxable","13":"purchasable","14":"product-type-variable"},"acf":[],"aioseo_notices":[],"uagb_featured_image_src":{"full":["https:\/\/www.nenuphar.com\/wp-content\/uploads\/2026\/02\/3409-scaled.jpg",858,2560,false],"thumbnail":["https:\/\/www.nenuphar.com\/wp-content\/uploads\/2026\/02\/3409-150x150.jpg",150,150,true],"medium":["https:\/\/www.nenuphar.com\/wp-content\/uploads\/2026\/02\/3409-101x300.jpg",101,300,true],"medium_large":["https:\/\/www.nenuphar.com\/wp-content\/uploads\/2026\/02\/3409-768x2292.jpg",768,2292,true],"large":["https:\/\/www.nenuphar.com\/wp-content\/uploads\/2026\/02\/3409-343x1024.jpg",343,1024,true],"1536x1536":["https:\/\/www.nenuphar.com\/wp-content\/uploads\/2026\/02\/3409-515x1536.jpg",515,1536,true],"2048x2048":["https:\/\/www.nenuphar.com\/wp-content\/uploads\/2026\/02\/3409-686x2048.jpg",686,2048,true],"trp-custom-language-flag":["https:\/\/www.nenuphar.com\/wp-content\/uploads\/2026\/02\/3409-4x12.jpg",4,12,true],"woocommerce_thumbnail":["https:\/\/www.nenuphar.com\/wp-content\/uploads\/2026\/02\/3409-300x300.jpg",300,300,true],"woocommerce_single":["https:\/\/www.nenuphar.com\/wp-content\/uploads\/2026\/02\/3409-600x1791.jpg",600,1791,true],"woocommerce_gallery_thumbnail":["https:\/\/www.nenuphar.com\/wp-content\/uploads\/2026\/02\/3409-100x100.jpg",100,100,true]},"uagb_author_info":{"display_name":"Karine","author_link":"https:\/\/www.nenuphar.com\/en\/author\/"},"uagb_comment_info":0,"uagb_excerpt":"La culotte de rappel ST EVO est une EVOlution de la c\u00e9l\u00e8bre culotte Sandiline ST. Les changements principaux r\u00e9sident: - dans l'adoption d'un tissu superstretch au niveau de l'abdomen, ce qui vous am\u00e8ne un meilleur confort, quel que soit votre morphologie, - Dans la modification des renforts de genoux, qui prot\u00e8gent mieux le n\u00e9opr\u00e8ne, et&hellip;","_links":{"self":[{"href":"https:\/\/www.nenuphar.com\/en\/wp-json\/wp\/v2\/product\/6281","targetHints":{"allow":["GET"]}}],"collection":[{"href":"https:\/\/www.nenuphar.com\/en\/wp-json\/wp\/v2\/product"}],"about":[{"href":"https:\/\/www.nenuphar.com\/en\/wp-json\/wp\/v2\/types\/product"}],"wp:featuredmedia":[{"embeddable":true,"href":"https:\/\/www.nenuphar.com\/en\/wp-json\/wp\/v2\/media\/7302"}],"wp:attachment":[{"href":"https:\/\/www.nenuphar.com\/en\/wp-json\/wp\/v2\/media?parent=6281"}],"wp:term":[{"taxonomy":"product_brand","embeddable":true,"href":"https:\/\/www.nenuphar.com\/en\/wp-json\/wp\/v2\/product_brand?post=6281"},{"taxonomy":"product_cat","embeddable":true,"href":"https:\/\/www.nenuphar.com\/en\/wp-json\/wp\/v2\/product_cat?post=6281"},{"taxonomy":"product_tag","embeddable":true,"href":"https:\/\/www.nenuphar.com\/en\/wp-json\/wp\/v2\/product_tag?post=6281"}],"curies":[{"name":"wp","href":"https:\/\/api.w.org\/{rel}","templated":true}]}}