{"id":6608,"date":"2026-02-12T12:14:16","date_gmt":"2026-02-12T12:14:16","guid":{"rendered":"https:\/\/nen.kmkoncept.fr\/shop\/non%20class\u00e9\/dyneema-lancelien-tresse-d3-au-ml\/"},"modified":"2026-04-28T07:30:51","modified_gmt":"2026-04-28T07:30:51","slug":"dyneema-lancelien-tresse-d3-au-ml","status":"publish","type":"product","link":"https:\/\/www.nenuphar.com\/en\/shop\/navigation\/cordage\/dyneema\/dyneema-lancelien-tresse-d3-au-ml\/","title":{"rendered":"Dyneema braided lacing line D3 \u2013 sold per meter."},"content":{"rendered":"<p>Polyester-sheathed Dyneema, 100 m spool.<\/p>\n<p>Sheath: 16-strand continuous polyester braid.<\/p>\n<p>Core: 16-strand Dyneema SK78 braid (parallel cores for 3, 4 and 5 mm diameters).<\/p>\n<p>Characteristics:<\/p>\n<p>Higher strength than aramid with lower density.<\/p>\n<p>Low stretch.<\/p>\n<p>Easily spliced.<\/p>\n<p>Soft construction, white, ideal for flag halyard or general purpose use for lashings, etc.<\/p>","protected":false},"excerpt":{"rendered":"<p>Dyneema gaine polyester, la bobine de 100 ml Gaine: tresse 16 fuseaux en polyester continu. Ame: tresse 16 fuseaux en dyneema SK78 ( Ames parall\u00e8les pour les \u00f8 3,4 et 5 mm) Caract\u00e9ristiques: R\u00e9sistance sup\u00e9rieure \u00e0 celle de l&rsquo;aramide pour une densit\u00e9 inf\u00e9rieure. Faible allongement. Facilement \u00e9pissable. Attention: les cordages vendus au ml ne sont [&hellip;]<\/p>\n","protected":false},"featured_media":0,"template":"","meta":{"_acf_changed":false,"_uag_custom_page_level_css":""},"product_brand":[453],"product_cat":[88],"product_tag":[],"class_list":{"0":"post-6608","1":"product","2":"type-product","3":"status-publish","5":"product_brand-lancelin","6":"product_cat-dyneema","8":"first","9":"instock","10":"taxable","11":"shipping-taxable","12":"purchasable","13":"product-type-variable"},"acf":[],"aioseo_notices":[],"uagb_featured_image_src":{"full":false,"thumbnail":false,"medium":false,"medium_large":false,"large":false,"1536x1536":false,"2048x2048":false,"trp-custom-language-flag":false,"woocommerce_thumbnail":false,"woocommerce_single":false,"woocommerce_gallery_thumbnail":false},"uagb_author_info":{"display_name":"Karine","author_link":"https:\/\/www.nenuphar.com\/en\/author\/"},"uagb_comment_info":0,"uagb_excerpt":"Dyneema gaine polyester, la bobine de 100 ml Gaine: tresse 16 fuseaux en polyester continu. Ame: tresse 16 fuseaux en dyneema SK78 ( Ames parall\u00e8les pour les \u00f8 3,4 et 5 mm) Caract\u00e9ristiques: R\u00e9sistance sup\u00e9rieure \u00e0 celle de l&rsquo;aramide pour une densit\u00e9 inf\u00e9rieure. Faible allongement. Facilement \u00e9pissable. Attention: les cordages vendus au ml ne sont&hellip;","_links":{"self":[{"href":"https:\/\/www.nenuphar.com\/en\/wp-json\/wp\/v2\/product\/6608","targetHints":{"allow":["GET"]}}],"collection":[{"href":"https:\/\/www.nenuphar.com\/en\/wp-json\/wp\/v2\/product"}],"about":[{"href":"https:\/\/www.nenuphar.com\/en\/wp-json\/wp\/v2\/types\/product"}],"wp:attachment":[{"href":"https:\/\/www.nenuphar.com\/en\/wp-json\/wp\/v2\/media?parent=6608"}],"wp:term":[{"taxonomy":"product_brand","embeddable":true,"href":"https:\/\/www.nenuphar.com\/en\/wp-json\/wp\/v2\/product_brand?post=6608"},{"taxonomy":"product_cat","embeddable":true,"href":"https:\/\/www.nenuphar.com\/en\/wp-json\/wp\/v2\/product_cat?post=6608"},{"taxonomy":"product_tag","embeddable":true,"href":"https:\/\/www.nenuphar.com\/en\/wp-json\/wp\/v2\/product_tag?post=6608"}],"curies":[{"name":"wp","href":"https:\/\/api.w.org\/{rel}","templated":true}]}}