{"id":6861,"date":"2026-02-12T12:14:50","date_gmt":"2026-02-12T12:14:50","guid":{"rendered":"https:\/\/nen.kmkoncept.fr\/shop\/non%20class\u00e9\/tube-de-tangon-420-caravelle-vaurien-nlle-jauge-noir-1-5-mm\/"},"modified":"2026-04-28T07:30:54","modified_gmt":"2026-04-28T07:30:54","slug":"tube-de-tangon-420-caravelle-vaurien-nlle-jauge-noir-1-5-mm","status":"publish","type":"product","link":"https:\/\/www.nenuphar.com\/en\/shop\/series\/deriveurs\/420\/tube-de-tangon-420-caravelle-vaurien-nlle-jauge-noir-1-5-mm\/","title":{"rendered":"Spinnaker pole tube for 420, Caravelle \u2013 Vaurien new class rules, black, 1.5 mm wall thickness."},"content":{"rendered":"<p>Tangons pour 420, 445,\u00a0<span style=\"text-decoration: line-through;\">470<\/span>* et bien plus encore. Fabriqu\u00e9 en France. Tangon 40mm retreint 25mm. \u00e9quip\u00e9 avec des embouts de tangon 620.<\/p>\n<p>Choisissez le tangon de votre choix ci-dessous.<\/p>\n<p>Les tubes de tangon incolores sont en \u00e9paisseur de tube 2 mm<\/p>\n<p>Les tubes de tangon noirs sont en 1.5 mm ou 2 mm, il y a le choix pour Micro, Corsaire, Maraudeur et ponant dans la limite du stock disponible.<\/p>\n<p>Comment les distinguer ?<\/p>\n<p>&#8211; Si la r\u00e9f\u00e9rence est uniquement num\u00e9rique, il s&rsquo;agit d&rsquo;un tangon incolore, \u00e9paisseur 2 mm<\/p>\n<p>&#8211; Si la r\u00e9f\u00e9rence est suivie de VN, il s&rsquo;agit d&rsquo;un tangon noir, \u00e9paisseur 2 mm<\/p>\n<p>&#8211; Si la r\u00e9f\u00e9rence est suivie de N, il s&rsquo;agit d&rsquo;un tangon noir \u00e9paisseur 1.5mm<\/p>\n<p>* Tangon et tube de tangon de 470 hors stock en 2021.<\/p>","protected":false},"excerpt":{"rendered":"<p>Tangons pour 420, 445,\u00a0470* et bien plus encore. Fabriqu\u00e9 en France. Tangon 40mm retreint 25mm. \u00e9quip\u00e9 avec des embouts de tangon 620. Choisissez le tangon de votre choix ci-dessous. Les tubes de tangon incolores sont en \u00e9paisseur de tube 2 mm Les tubes de tangon noirs sont en 1.5 mm ou 2 mm, il y [&hellip;]<\/p>\n","protected":false},"featured_media":0,"template":"","meta":{"_acf_changed":false,"_uag_custom_page_level_css":""},"product_brand":[],"product_cat":[186,187,188,189,190,191,197,198,202,203,206,212,403,218,219,223],"product_tag":[],"class_list":{"0":"post-6861","1":"product","2":"type-product","3":"status-publish","5":"product_cat-186","6":"product_cat-187","7":"product_cat-188","8":"product_cat-189","9":"product_cat-190","10":"product_cat-191","11":"product_cat-caravelle","12":"product_cat-corsaire","13":"product_cat-fireball","14":"product_cat-jet","15":"product_cat-maraudeur","16":"product_cat-ponant","17":"product_cat-tangons","18":"product_cat-vaurien","19":"product_cat-vent-douest","20":"product_cat-zef","21":"product_shipping_class-schenker","23":"first","24":"instock","25":"taxable","26":"shipping-taxable","27":"purchasable","28":"product-type-variable"},"acf":[],"aioseo_notices":[],"uagb_featured_image_src":{"full":false,"thumbnail":false,"medium":false,"medium_large":false,"large":false,"1536x1536":false,"2048x2048":false,"trp-custom-language-flag":false,"woocommerce_thumbnail":false,"woocommerce_single":false,"woocommerce_gallery_thumbnail":false},"uagb_author_info":{"display_name":"Karine","author_link":"https:\/\/www.nenuphar.com\/en\/author\/"},"uagb_comment_info":0,"uagb_excerpt":"Tangons pour 420, 445,\u00a0470* et bien plus encore. Fabriqu\u00e9 en France. Tangon 40mm retreint 25mm. \u00e9quip\u00e9 avec des embouts de tangon 620. Choisissez le tangon de votre choix ci-dessous. Les tubes de tangon incolores sont en \u00e9paisseur de tube 2 mm Les tubes de tangon noirs sont en 1.5 mm ou 2 mm, il y&hellip;","_links":{"self":[{"href":"https:\/\/www.nenuphar.com\/en\/wp-json\/wp\/v2\/product\/6861","targetHints":{"allow":["GET"]}}],"collection":[{"href":"https:\/\/www.nenuphar.com\/en\/wp-json\/wp\/v2\/product"}],"about":[{"href":"https:\/\/www.nenuphar.com\/en\/wp-json\/wp\/v2\/types\/product"}],"wp:attachment":[{"href":"https:\/\/www.nenuphar.com\/en\/wp-json\/wp\/v2\/media?parent=6861"}],"wp:term":[{"taxonomy":"product_brand","embeddable":true,"href":"https:\/\/www.nenuphar.com\/en\/wp-json\/wp\/v2\/product_brand?post=6861"},{"taxonomy":"product_cat","embeddable":true,"href":"https:\/\/www.nenuphar.com\/en\/wp-json\/wp\/v2\/product_cat?post=6861"},{"taxonomy":"product_tag","embeddable":true,"href":"https:\/\/www.nenuphar.com\/en\/wp-json\/wp\/v2\/product_tag?post=6861"}],"curies":[{"name":"wp","href":"https:\/\/api.w.org\/{rel}","templated":true}]}}