{"id":692,"date":"2026-01-04T17:12:40","date_gmt":"2026-01-04T17:12:40","guid":{"rendered":"https:\/\/nen.kmkoncept.fr\/?post_type=product&#038;p=692"},"modified":"2026-04-28T07:27:19","modified_gmt":"2026-04-28T07:27:19","slug":"crochet-plastique","status":"publish","type":"product","link":"https:\/\/www.nenuphar.com\/en\/shop\/navigation\/voiles\/sacs-et-bailles-a-voiles-spi\/crochet-plastique\/","title":{"rendered":"PLASTIC HOOK"},"content":{"rendered":"<p>Plastic hook. Ideal for holding the spinnaker halyard on the hull when the spinnaker is lowered.<\/p>\n<p>Can also be used to attach a spinnaker bag or various storage pouches to the hulls.<\/p>\n<p>Fixing centre distance: 14 mm.<\/p>\n<p>Fixing by countersunk screw, max 4 mm, or by pop rivet.<\/p>\n<p>Overall length: 49 mm.<\/p>\n<p>Width: 13 mm.<\/p>","protected":false},"excerpt":{"rendered":"<p>Crochet plastique. Parfait pour maintenir la drisse de spi sur le caisson quand le spi est affal\u00e9. Peut \u00e9galement servir a fixer une baille \u00e0 spi ou diverses pochettes de rangement sur les caissons. Entraxe de fixation : 14 mm Fixation par vis t\u00eate frais\u00e9e d 4 mm maxi, ou par rivet pop. Longueur hors [&hellip;]<\/p>\n","protected":false},"featured_media":721,"template":"","meta":{"_acf_changed":false,"_uag_custom_page_level_css":""},"product_brand":[443],"product_cat":[65],"product_tag":[],"class_list":{"0":"post-692","1":"product","2":"type-product","3":"status-publish","4":"has-post-thumbnail","6":"product_brand-allen","7":"product_cat-sacs-et-bailles-a-voiles-spi","9":"first","10":"instock","11":"taxable","12":"shipping-taxable","13":"purchasable","14":"product-type-simple"},"acf":[],"aioseo_notices":[],"uagb_featured_image_src":{"full":["https:\/\/www.nenuphar.com\/wp-content\/uploads\/2026\/01\/1095.jpg",848,400,false],"thumbnail":["https:\/\/www.nenuphar.com\/wp-content\/uploads\/2026\/01\/1095-150x150.jpg",150,150,true],"medium":["https:\/\/www.nenuphar.com\/wp-content\/uploads\/2026\/01\/1095-300x142.jpg",300,142,true],"medium_large":["https:\/\/www.nenuphar.com\/wp-content\/uploads\/2026\/01\/1095-768x362.jpg",768,362,true],"large":["https:\/\/www.nenuphar.com\/wp-content\/uploads\/2026\/01\/1095.jpg",848,400,false],"1536x1536":["https:\/\/www.nenuphar.com\/wp-content\/uploads\/2026\/01\/1095.jpg",848,400,false],"2048x2048":["https:\/\/www.nenuphar.com\/wp-content\/uploads\/2026\/01\/1095.jpg",848,400,false],"trp-custom-language-flag":["https:\/\/www.nenuphar.com\/wp-content\/uploads\/2026\/01\/1095.jpg",18,8,false],"woocommerce_thumbnail":["https:\/\/www.nenuphar.com\/wp-content\/uploads\/2026\/01\/1095-300x300.jpg",300,300,true],"woocommerce_single":["https:\/\/www.nenuphar.com\/wp-content\/uploads\/2026\/01\/1095-600x283.jpg",600,283,true],"woocommerce_gallery_thumbnail":["https:\/\/www.nenuphar.com\/wp-content\/uploads\/2026\/01\/1095-100x100.jpg",100,100,true]},"uagb_author_info":{"display_name":"Karine","author_link":"https:\/\/www.nenuphar.com\/en\/author\/"},"uagb_comment_info":0,"uagb_excerpt":"Crochet plastique. Parfait pour maintenir la drisse de spi sur le caisson quand le spi est affal\u00e9. Peut \u00e9galement servir a fixer une baille \u00e0 spi ou diverses pochettes de rangement sur les caissons. Entraxe de fixation : 14 mm Fixation par vis t\u00eate frais\u00e9e d 4 mm maxi, ou par rivet pop. Longueur hors&hellip;","_links":{"self":[{"href":"https:\/\/www.nenuphar.com\/en\/wp-json\/wp\/v2\/product\/692","targetHints":{"allow":["GET"]}}],"collection":[{"href":"https:\/\/www.nenuphar.com\/en\/wp-json\/wp\/v2\/product"}],"about":[{"href":"https:\/\/www.nenuphar.com\/en\/wp-json\/wp\/v2\/types\/product"}],"wp:featuredmedia":[{"embeddable":true,"href":"https:\/\/www.nenuphar.com\/en\/wp-json\/wp\/v2\/media\/721"}],"wp:attachment":[{"href":"https:\/\/www.nenuphar.com\/en\/wp-json\/wp\/v2\/media?parent=692"}],"wp:term":[{"taxonomy":"product_brand","embeddable":true,"href":"https:\/\/www.nenuphar.com\/en\/wp-json\/wp\/v2\/product_brand?post=692"},{"taxonomy":"product_cat","embeddable":true,"href":"https:\/\/www.nenuphar.com\/en\/wp-json\/wp\/v2\/product_cat?post=692"},{"taxonomy":"product_tag","embeddable":true,"href":"https:\/\/www.nenuphar.com\/en\/wp-json\/wp\/v2\/product_tag?post=692"}],"curies":[{"name":"wp","href":"https:\/\/api.w.org\/{rel}","templated":true}]}}