{"id":6979,"date":"2026-02-12T12:15:16","date_gmt":"2026-02-12T12:15:16","guid":{"rendered":"https:\/\/nen.kmkoncept.fr\/shop\/non%20class\u00e9\/wind-beach-225-d-flotteur-complet-tough-tec-deco-2024\/"},"modified":"2026-04-28T07:29:57","modified_gmt":"2026-04-28T07:29:57","slug":"wind-beach-225-d-flotteur-complet-tough-tec-deco-2024","status":"publish","type":"product","link":"https:\/\/www.nenuphar.com\/en\/shop\/glisse\/planche-a-voile\/flotteurs-pav\/wind-beach-225-d-flotteur-complet-tough-tec-deco-2024\/","title":{"rendered":"WIND BEACH 225 D FLOTTEUR &#8211; COMPLET TOUGH TEC deco 2024"},"content":{"rendered":"<div class=\"pdp-product-includes__text\">\n<div class=\"pdp-product-includes__list\">\n<div class=\"pdp-key-features__text\">\n<p>Planche large et assez longue Stable et dot\u00e9e d\u2019une bonne glisse dans les vents faibles.<\/p>\n<p>Poign\u00e9es de portage avant et arri\u00e8re Facilit\u00e9 de manipulation\/transport.<\/p>\n<p>Pad sur une grande partie du pont Antid\u00e9rapant et confortable.<\/p>\n<p>Equip\u00e9e d\u2019une d\u00e9rive escamotable Facilite la remont\u00e9e au pr\u00e8s.<\/p>\n<p>Equip\u00e9e de footstraps Pour apprendre et progresser en funboard.<\/p>\n<p>Fabrication TOUGH-TEC L\u00e9g\u00e8re et tr\u00e8s solide<\/p>\n<p>.Poids maxi conseill\u00e9 pour d\u00e9buter 100 kg<\/p>\n<\/div>\n<h3>Inclus avec le produit<\/h3>\n<ul>\n<li>1 Planche Beach 225D<\/li>\n<li>4 Footstraps + visserie<\/li>\n<li>1 Aileron Beach 30 cm + vis<\/li>\n<\/ul>\n<\/div>\n<\/div>","protected":false},"excerpt":{"rendered":"<p>Planche large et assez longue Stable et dot\u00e9e d\u2019une bonne glisse dans les vents faibles. Poign\u00e9es de portage avant et arri\u00e8re Facilit\u00e9 de manipulation\/transport. Pad sur une grande partie du pont Antid\u00e9rapant et confortable. Equip\u00e9e d\u2019une d\u00e9rive escamotable Facilite la remont\u00e9e au pr\u00e8s. Equip\u00e9e de footstraps Pour apprendre et progresser en funboard. Fabrication TOUGH-TEC L\u00e9g\u00e8re [&hellip;]<\/p>\n","protected":false},"featured_media":4757,"template":"","meta":{"_acf_changed":false,"_uag_custom_page_level_css":""},"product_brand":[471],"product_cat":[150,21,45],"product_tag":[],"class_list":{"0":"post-6979","1":"product","2":"type-product","3":"status-publish","4":"has-post-thumbnail","6":"product_brand-tahe","7":"product_cat-flotteurs-pav","8":"product_cat-glisse","9":"product_cat-planche-a-voile","11":"first","12":"instock","13":"taxable","14":"shipping-taxable","15":"purchasable","16":"product-type-simple"},"acf":[],"aioseo_notices":[],"uagb_featured_image_src":{"full":["https:\/\/www.nenuphar.com\/wp-content\/uploads\/2026\/01\/5416-scaled.jpg",877,2560,false],"thumbnail":["https:\/\/www.nenuphar.com\/wp-content\/uploads\/2026\/01\/5416-150x150.jpg",150,150,true],"medium":["https:\/\/www.nenuphar.com\/wp-content\/uploads\/2026\/01\/5416-103x300.jpg",103,300,true],"medium_large":["https:\/\/www.nenuphar.com\/wp-content\/uploads\/2026\/01\/5416-768x2241.jpg",768,2241,true],"large":["https:\/\/www.nenuphar.com\/wp-content\/uploads\/2026\/01\/5416-351x1024.jpg",351,1024,true],"1536x1536":["https:\/\/www.nenuphar.com\/wp-content\/uploads\/2026\/01\/5416-526x1536.jpg",526,1536,true],"2048x2048":["https:\/\/www.nenuphar.com\/wp-content\/uploads\/2026\/01\/5416-702x2048.jpg",702,2048,true],"trp-custom-language-flag":["https:\/\/www.nenuphar.com\/wp-content\/uploads\/2026\/01\/5416-scaled.jpg",4,12,false],"woocommerce_thumbnail":["https:\/\/www.nenuphar.com\/wp-content\/uploads\/2026\/01\/5416-300x300.jpg",300,300,true],"woocommerce_single":["https:\/\/www.nenuphar.com\/wp-content\/uploads\/2026\/01\/5416-600x1751.jpg",600,1751,true],"woocommerce_gallery_thumbnail":["https:\/\/www.nenuphar.com\/wp-content\/uploads\/2026\/01\/5416-100x100.jpg",100,100,true]},"uagb_author_info":{"display_name":"Karine","author_link":"https:\/\/www.nenuphar.com\/en\/author\/"},"uagb_comment_info":0,"uagb_excerpt":"Planche large et assez longue Stable et dot\u00e9e d\u2019une bonne glisse dans les vents faibles. Poign\u00e9es de portage avant et arri\u00e8re Facilit\u00e9 de manipulation\/transport. Pad sur une grande partie du pont Antid\u00e9rapant et confortable. Equip\u00e9e d\u2019une d\u00e9rive escamotable Facilite la remont\u00e9e au pr\u00e8s. Equip\u00e9e de footstraps Pour apprendre et progresser en funboard. Fabrication TOUGH-TEC L\u00e9g\u00e8re&hellip;","_links":{"self":[{"href":"https:\/\/www.nenuphar.com\/en\/wp-json\/wp\/v2\/product\/6979","targetHints":{"allow":["GET"]}}],"collection":[{"href":"https:\/\/www.nenuphar.com\/en\/wp-json\/wp\/v2\/product"}],"about":[{"href":"https:\/\/www.nenuphar.com\/en\/wp-json\/wp\/v2\/types\/product"}],"wp:featuredmedia":[{"embeddable":true,"href":"https:\/\/www.nenuphar.com\/en\/wp-json\/wp\/v2\/media\/4757"}],"wp:attachment":[{"href":"https:\/\/www.nenuphar.com\/en\/wp-json\/wp\/v2\/media?parent=6979"}],"wp:term":[{"taxonomy":"product_brand","embeddable":true,"href":"https:\/\/www.nenuphar.com\/en\/wp-json\/wp\/v2\/product_brand?post=6979"},{"taxonomy":"product_cat","embeddable":true,"href":"https:\/\/www.nenuphar.com\/en\/wp-json\/wp\/v2\/product_cat?post=6979"},{"taxonomy":"product_tag","embeddable":true,"href":"https:\/\/www.nenuphar.com\/en\/wp-json\/wp\/v2\/product_tag?post=6979"}],"curies":[{"name":"wp","href":"https:\/\/api.w.org\/{rel}","templated":true}]}}