{"id":698,"date":"2026-01-04T17:12:40","date_gmt":"2026-01-04T17:12:40","guid":{"rendered":"https:\/\/nen.kmkoncept.fr\/?post_type=product&#038;p=698"},"modified":"2026-04-28T07:27:43","modified_gmt":"2026-04-28T07:27:43","slug":"baille-a-spi-double420-type-nautivela","status":"publish","type":"product","link":"https:\/\/www.nenuphar.com\/en\/shop\/series\/deriveurs\/420\/baille-a-spi-double420-type-nautivela\/","title":{"rendered":"420 NAUTIVELA SPINNAKER BAG BY PAIR"},"content":{"rendered":"<p>Made in France. Double spinnaker bag for new-generation 420, with a 470-style mast gate. Sold as a pair. According to Nautivela model. Double pocket with mast passage in the middle. Mesh bottom to allow water drainage.<\/p>\n<p>Color shown in photos is non-contractual.<\/p><\/p>","protected":false},"excerpt":{"rendered":"<p>420 spinnaker bags new 420 Pair of 420 spinnaker bag for new mast support, 420 new generation, Nautivela<\/p>","protected":false},"featured_media":729,"template":"","meta":{"_acf_changed":false,"_uag_custom_page_level_css":""},"product_brand":[430],"product_cat":[186,65],"product_tag":[311],"class_list":{"0":"post-698","1":"product","2":"type-product","3":"status-publish","4":"has-post-thumbnail","6":"product_brand-nenuphar","7":"product_cat-186","8":"product_cat-sacs-et-bailles-a-voiles-spi","9":"product_tag-311","11":"first","12":"instock","13":"taxable","14":"shipping-taxable","15":"purchasable","16":"product-type-simple"},"acf":[],"aioseo_notices":[],"uagb_featured_image_src":{"full":["https:\/\/www.nenuphar.com\/wp-content\/uploads\/2026\/01\/323.jpg",600,400,false],"thumbnail":["https:\/\/www.nenuphar.com\/wp-content\/uploads\/2026\/01\/323-150x150.jpg",150,150,true],"medium":["https:\/\/www.nenuphar.com\/wp-content\/uploads\/2026\/01\/323-300x200.jpg",300,200,true],"medium_large":["https:\/\/www.nenuphar.com\/wp-content\/uploads\/2026\/01\/323.jpg",600,400,false],"large":["https:\/\/www.nenuphar.com\/wp-content\/uploads\/2026\/01\/323.jpg",600,400,false],"1536x1536":["https:\/\/www.nenuphar.com\/wp-content\/uploads\/2026\/01\/323.jpg",600,400,false],"2048x2048":["https:\/\/www.nenuphar.com\/wp-content\/uploads\/2026\/01\/323.jpg",600,400,false],"trp-custom-language-flag":["https:\/\/www.nenuphar.com\/wp-content\/uploads\/2026\/01\/323.jpg",18,12,false],"woocommerce_thumbnail":["https:\/\/www.nenuphar.com\/wp-content\/uploads\/2026\/01\/323-300x300.jpg",300,300,true],"woocommerce_single":["https:\/\/www.nenuphar.com\/wp-content\/uploads\/2026\/01\/323.jpg",600,400,false],"woocommerce_gallery_thumbnail":["https:\/\/www.nenuphar.com\/wp-content\/uploads\/2026\/01\/323-100x100.jpg",100,100,true]},"uagb_author_info":{"display_name":"Karine","author_link":"https:\/\/www.nenuphar.com\/en\/author\/"},"uagb_comment_info":0,"uagb_excerpt":"Fabriqu\u00e9 en France. Baille \u00e0 spi double pour 420 nouvelle g\u00e9n\u00e9ration, avec \u00e9tembrai genre 470. La paire. Selon mod\u00e8le Nautivela. Double poche avec passage de m\u00e2t au milieu. Fond en filet pour laisser passer l&rsquo;eau. COLORIS PHOTO NON CONTRACTUEL","_links":{"self":[{"href":"https:\/\/www.nenuphar.com\/en\/wp-json\/wp\/v2\/product\/698","targetHints":{"allow":["GET"]}}],"collection":[{"href":"https:\/\/www.nenuphar.com\/en\/wp-json\/wp\/v2\/product"}],"about":[{"href":"https:\/\/www.nenuphar.com\/en\/wp-json\/wp\/v2\/types\/product"}],"wp:featuredmedia":[{"embeddable":true,"href":"https:\/\/www.nenuphar.com\/en\/wp-json\/wp\/v2\/media\/729"}],"wp:attachment":[{"href":"https:\/\/www.nenuphar.com\/en\/wp-json\/wp\/v2\/media?parent=698"}],"wp:term":[{"taxonomy":"product_brand","embeddable":true,"href":"https:\/\/www.nenuphar.com\/en\/wp-json\/wp\/v2\/product_brand?post=698"},{"taxonomy":"product_cat","embeddable":true,"href":"https:\/\/www.nenuphar.com\/en\/wp-json\/wp\/v2\/product_cat?post=698"},{"taxonomy":"product_tag","embeddable":true,"href":"https:\/\/www.nenuphar.com\/en\/wp-json\/wp\/v2\/product_tag?post=698"}],"curies":[{"name":"wp","href":"https:\/\/api.w.org\/{rel}","templated":true}]}}