{"id":710,"date":"2026-01-04T17:12:41","date_gmt":"2026-01-04T17:12:41","guid":{"rendered":"https:\/\/nen.kmkoncept.fr\/?post_type=product&#038;p=710"},"modified":"2026-04-28T07:29:24","modified_gmt":"2026-04-28T07:29:24","slug":"sac-polochon-pvc-lg70cm-diam30cm","status":"publish","type":"product","link":"https:\/\/www.nenuphar.com\/en\/shop\/navigation\/voiles\/sacs-et-bailles-a-voiles-spi\/sac-polochon-pvc-lg70cm-diam30cm\/","title":{"rendered":"SPORT BAG PVC LG70CM DIAM30CM"},"content":{"rendered":"<p>Made in a very strong PVC fabric.<\/p>\n<p>\u00a0<\/p>","protected":false},"excerpt":{"rendered":"<p>Commande par 10 pi\u00e8ces minimum<\/p>\n<p>Pour votre communication, pour r\u00e9compenser vos adh\u00e9rents, pour fid\u00e9liser vos clients, faites nous fabriquer ce grand sac hyper costaud et pratique avec votre \u00ab\u00a0identit\u00e9\u00a0\u00bb. Par s\u00e9rie de 10 pi\u00e8ces minimum avec votre logo sur chacun des face inclus. Frais de r\u00e9alisation de l\u2019\u00e9cran de s\u00e9rigraphie en sus au prix de 180 euros HT, donc plus vous en faites moins cela a d\u2019incidence et l\u2019\u00e9cran peut resservir pour de multiple productions (frais fixe de cr\u00e9ation d&rsquo;\u00e9cran une seule fois).<\/p>","protected":false},"featured_media":744,"template":"","meta":{"_acf_changed":false,"_uag_custom_page_level_css":""},"product_brand":[946],"product_cat":[65],"product_tag":[],"class_list":{"0":"post-710","1":"product","2":"type-product","3":"status-publish","4":"has-post-thumbnail","6":"product_brand-sans-marque","7":"product_cat-sacs-et-bailles-a-voiles-spi","9":"first","10":"onbackorder","11":"taxable","12":"shipping-taxable","13":"purchasable","14":"product-type-simple"},"acf":[],"aioseo_notices":[],"uagb_featured_image_src":{"full":["https:\/\/www.nenuphar.com\/wp-content\/uploads\/2026\/01\/2674-scaled.jpg",2560,1707,false],"thumbnail":["https:\/\/www.nenuphar.com\/wp-content\/uploads\/2026\/01\/2674-150x150.jpg",150,150,true],"medium":["https:\/\/www.nenuphar.com\/wp-content\/uploads\/2026\/01\/2674-300x200.jpg",300,200,true],"medium_large":["https:\/\/www.nenuphar.com\/wp-content\/uploads\/2026\/01\/2674-768x512.jpg",768,512,true],"large":["https:\/\/www.nenuphar.com\/wp-content\/uploads\/2026\/01\/2674-1024x683.jpg",1024,683,true],"1536x1536":["https:\/\/www.nenuphar.com\/wp-content\/uploads\/2026\/01\/2674-1536x1024.jpg",1536,1024,true],"2048x2048":["https:\/\/www.nenuphar.com\/wp-content\/uploads\/2026\/01\/2674-2048x1365.jpg",2048,1365,true],"trp-custom-language-flag":["https:\/\/www.nenuphar.com\/wp-content\/uploads\/2026\/01\/2674-scaled.jpg",18,12,false],"woocommerce_thumbnail":["https:\/\/www.nenuphar.com\/wp-content\/uploads\/2026\/01\/2674-300x300.jpg",300,300,true],"woocommerce_single":["https:\/\/www.nenuphar.com\/wp-content\/uploads\/2026\/01\/2674-600x400.jpg",600,400,true],"woocommerce_gallery_thumbnail":["https:\/\/www.nenuphar.com\/wp-content\/uploads\/2026\/01\/2674-100x100.jpg",100,100,true]},"uagb_author_info":{"display_name":"Karine","author_link":"https:\/\/www.nenuphar.com\/en\/author\/"},"uagb_comment_info":0,"uagb_excerpt":"Commande par 10 pi\u00e8ces minimum Pour votre communication, pour r\u00e9compenser vos adh\u00e9rents, pour fid\u00e9liser vos clients, faites nous fabriquer ce grand sac hyper costaud et pratique avec votre \u00ab\u00a0identit\u00e9\u00a0\u00bb. Par s\u00e9rie de 10 pi\u00e8ces minimum avec votre logo sur chacun des face inclus. Frais de r\u00e9alisation de l\u2019\u00e9cran de s\u00e9rigraphie en sus au prix de&hellip;","_links":{"self":[{"href":"https:\/\/www.nenuphar.com\/en\/wp-json\/wp\/v2\/product\/710","targetHints":{"allow":["GET"]}}],"collection":[{"href":"https:\/\/www.nenuphar.com\/en\/wp-json\/wp\/v2\/product"}],"about":[{"href":"https:\/\/www.nenuphar.com\/en\/wp-json\/wp\/v2\/types\/product"}],"wp:featuredmedia":[{"embeddable":true,"href":"https:\/\/www.nenuphar.com\/en\/wp-json\/wp\/v2\/media\/744"}],"wp:attachment":[{"href":"https:\/\/www.nenuphar.com\/en\/wp-json\/wp\/v2\/media?parent=710"}],"wp:term":[{"taxonomy":"product_brand","embeddable":true,"href":"https:\/\/www.nenuphar.com\/en\/wp-json\/wp\/v2\/product_brand?post=710"},{"taxonomy":"product_cat","embeddable":true,"href":"https:\/\/www.nenuphar.com\/en\/wp-json\/wp\/v2\/product_cat?post=710"},{"taxonomy":"product_tag","embeddable":true,"href":"https:\/\/www.nenuphar.com\/en\/wp-json\/wp\/v2\/product_tag?post=710"}],"curies":[{"name":"wp","href":"https:\/\/api.w.org\/{rel}","templated":true}]}}