{"id":712,"date":"2026-01-04T17:12:41","date_gmt":"2026-01-04T17:12:41","guid":{"rendered":"https:\/\/nen.kmkoncept.fr\/?post_type=product&#038;p=712"},"modified":"2026-04-28T07:30:07","modified_gmt":"2026-04-28T07:30:07","slug":"chaussette-a-spi-booxy-longue","status":"publish","type":"product","link":"https:\/\/www.nenuphar.com\/en\/shop\/series\/deriveurs\/booxy\/chaussette-a-spi-booxy-longue\/","title":{"rendered":"BOOXY LONG SPINNAKER SOCK"},"content":{"rendered":"<p>Spinnaker sock for Booxy FUN dinghy. <\/p>\n<p>Please note: several models exist depending on the boat generation and the type of spinnaker. For boats with a spinnaker using a single retrieval patch.<\/p>\n<p>Ce mod\u00e8le convient pour le Booxy Fun, avec spi de 11.5 m\u00b2<\/p>\n<p>Made in Nemours.<\/p>\n<p>If your spinnaker has two retrieval patches, you should choose reference BOOXY_CHAUSS.<\/p>\n<p>If your spinnaker is the standard 8.5 m\u00b2 model, you should choose reference BOUT_CHAUSSPM.<\/p><\/p>","protected":false},"excerpt":{"rendered":"<p>Chaussette \u00e0 spi pour D\u00e9riveur Booxy FUN Attention, plusieurs mod\u00e8les existent en fonction de la g\u00e9n\u00e9ration du bateau et du type de spi. Pour bateaux avec spi avec 1 seule pastille d&rsquo;avaleur Ce mod\u00e8le convient pour le Booxy Fun, avec spi de 11.5 m\u00b2 Fabrication \u00e0 Nemours. Si votre spi poss\u00e8de 2 pastilles d&rsquo;avaleur, il [&hellip;]<\/p>\n","protected":false},"featured_media":747,"template":"","meta":{"_acf_changed":false,"_uag_custom_page_level_css":""},"product_brand":[430],"product_cat":[193,65],"product_tag":[478],"class_list":{"0":"post-712","1":"product","2":"type-product","3":"status-publish","4":"has-post-thumbnail","6":"product_brand-nenuphar","7":"product_cat-booxy","8":"product_cat-sacs-et-bailles-a-voiles-spi","9":"product_tag-booxy","11":"first","12":"onbackorder","13":"taxable","14":"shipping-taxable","15":"purchasable","16":"product-type-simple"},"acf":[],"aioseo_notices":[],"uagb_featured_image_src":{"full":["https:\/\/www.nenuphar.com\/wp-content\/uploads\/2026\/01\/4617-scaled.jpg",1920,2560,false],"thumbnail":["https:\/\/www.nenuphar.com\/wp-content\/uploads\/2026\/01\/4617-150x150.jpg",150,150,true],"medium":["https:\/\/www.nenuphar.com\/wp-content\/uploads\/2026\/01\/4617-225x300.jpg",225,300,true],"medium_large":["https:\/\/www.nenuphar.com\/wp-content\/uploads\/2026\/01\/4617-768x1024.jpg",768,1024,true],"large":["https:\/\/www.nenuphar.com\/wp-content\/uploads\/2026\/01\/4617-768x1024.jpg",768,1024,true],"1536x1536":["https:\/\/www.nenuphar.com\/wp-content\/uploads\/2026\/01\/4617-1152x1536.jpg",1152,1536,true],"2048x2048":["https:\/\/www.nenuphar.com\/wp-content\/uploads\/2026\/01\/4617-1536x2048.jpg",1536,2048,true],"trp-custom-language-flag":["https:\/\/www.nenuphar.com\/wp-content\/uploads\/2026\/01\/4617-scaled.jpg",9,12,false],"woocommerce_thumbnail":["https:\/\/www.nenuphar.com\/wp-content\/uploads\/2026\/01\/4617-300x300.jpg",300,300,true],"woocommerce_single":["https:\/\/www.nenuphar.com\/wp-content\/uploads\/2026\/01\/4617-600x800.jpg",600,800,true],"woocommerce_gallery_thumbnail":["https:\/\/www.nenuphar.com\/wp-content\/uploads\/2026\/01\/4617-100x100.jpg",100,100,true]},"uagb_author_info":{"display_name":"Karine","author_link":"https:\/\/www.nenuphar.com\/en\/author\/"},"uagb_comment_info":0,"uagb_excerpt":"Chaussette \u00e0 spi pour D\u00e9riveur Booxy FUN Attention, plusieurs mod\u00e8les existent en fonction de la g\u00e9n\u00e9ration du bateau et du type de spi. Pour bateaux avec spi avec 1 seule pastille d&rsquo;avaleur Ce mod\u00e8le convient pour le Booxy Fun, avec spi de 11.5 m\u00b2 Fabrication \u00e0 Nemours. Si votre spi poss\u00e8de 2 pastilles d&rsquo;avaleur, il&hellip;","_links":{"self":[{"href":"https:\/\/www.nenuphar.com\/en\/wp-json\/wp\/v2\/product\/712","targetHints":{"allow":["GET"]}}],"collection":[{"href":"https:\/\/www.nenuphar.com\/en\/wp-json\/wp\/v2\/product"}],"about":[{"href":"https:\/\/www.nenuphar.com\/en\/wp-json\/wp\/v2\/types\/product"}],"wp:featuredmedia":[{"embeddable":true,"href":"https:\/\/www.nenuphar.com\/en\/wp-json\/wp\/v2\/media\/747"}],"wp:attachment":[{"href":"https:\/\/www.nenuphar.com\/en\/wp-json\/wp\/v2\/media?parent=712"}],"wp:term":[{"taxonomy":"product_brand","embeddable":true,"href":"https:\/\/www.nenuphar.com\/en\/wp-json\/wp\/v2\/product_brand?post=712"},{"taxonomy":"product_cat","embeddable":true,"href":"https:\/\/www.nenuphar.com\/en\/wp-json\/wp\/v2\/product_cat?post=712"},{"taxonomy":"product_tag","embeddable":true,"href":"https:\/\/www.nenuphar.com\/en\/wp-json\/wp\/v2\/product_tag?post=712"}],"curies":[{"name":"wp","href":"https:\/\/api.w.org\/{rel}","templated":true}]}}