{"id":713,"date":"2026-01-04T17:12:41","date_gmt":"2026-01-04T17:12:41","guid":{"rendered":"https:\/\/nen.kmkoncept.fr\/?post_type=product&#038;p=713"},"modified":"2026-04-28T07:30:07","modified_gmt":"2026-04-28T07:30:07","slug":"chaussette-a-spi-booxy-courte","status":"publish","type":"product","link":"https:\/\/www.nenuphar.com\/en\/shop\/series\/deriveurs\/booxy\/chaussette-a-spi-booxy-courte\/","title":{"rendered":"BOOXY SHORT SPINNAKER SOCK"},"content":{"rendered":"<p>Chaussette \u00e0 spi pour d\u00e9riveur Booxy, attention plusieurs mod\u00e8les possibles<\/p>\n<p>Ce mod\u00e8le convient pour le spi standard de 8.5m\u00b2 avec une seule pastille d&rsquo;avaleur.<\/p>\n<p>Si votre spi a une seule pastille, mais fait 11.5m\u00b2, version \u00ab\u00a0Fun\u00a0\u00bb, il vous faut choisir la r\u00e9f BOUT_CHAUSSGM<\/p>\n<p>Si votre spi a 2 pastilles d&rsquo;avaleur, il vous faut choisir la r\u00e9f BOOXY_CHAUSS<\/p>\n<p>Mat\u00e9riel fabriqu\u00e9 en France, \u00e0 Nemours, dans nos ateliers.<\/p>","protected":false},"excerpt":{"rendered":"<p>Chaussette \u00e0 spi pour d\u00e9riveur Booxy, attention plusieurs mod\u00e8les possibles Ce mod\u00e8le convient pour le spi standard de 8.5m\u00b2 avec une seule pastille d&rsquo;avaleur. Si votre spi a une seule pastille, mais fait 11.5m\u00b2, version \u00ab\u00a0Fun\u00a0\u00bb, il vous faut choisir la r\u00e9f BOUT_CHAUSSGM Si votre spi a 2 pastilles d&rsquo;avaleur, il vous faut choisir la [&hellip;]<\/p>\n","protected":false},"featured_media":749,"template":"","meta":{"_acf_changed":false,"_uag_custom_page_level_css":""},"product_brand":[430],"product_cat":[193,65],"product_tag":[478],"class_list":{"0":"post-713","1":"product","2":"type-product","3":"status-publish","4":"has-post-thumbnail","6":"product_brand-nenuphar","7":"product_cat-booxy","8":"product_cat-sacs-et-bailles-a-voiles-spi","9":"product_tag-booxy","11":"first","12":"onbackorder","13":"taxable","14":"shipping-taxable","15":"purchasable","16":"product-type-simple"},"acf":[],"aioseo_notices":[],"uagb_featured_image_src":{"full":["https:\/\/www.nenuphar.com\/wp-content\/uploads\/2026\/01\/5411.jpg",1157,643,false],"thumbnail":["https:\/\/www.nenuphar.com\/wp-content\/uploads\/2026\/01\/5411-150x150.jpg",150,150,true],"medium":["https:\/\/www.nenuphar.com\/wp-content\/uploads\/2026\/01\/5411-300x167.jpg",300,167,true],"medium_large":["https:\/\/www.nenuphar.com\/wp-content\/uploads\/2026\/01\/5411-768x427.jpg",768,427,true],"large":["https:\/\/www.nenuphar.com\/wp-content\/uploads\/2026\/01\/5411-1024x569.jpg",1024,569,true],"1536x1536":["https:\/\/www.nenuphar.com\/wp-content\/uploads\/2026\/01\/5411.jpg",1157,643,false],"2048x2048":["https:\/\/www.nenuphar.com\/wp-content\/uploads\/2026\/01\/5411.jpg",1157,643,false],"trp-custom-language-flag":["https:\/\/www.nenuphar.com\/wp-content\/uploads\/2026\/01\/5411.jpg",18,10,false],"woocommerce_thumbnail":["https:\/\/www.nenuphar.com\/wp-content\/uploads\/2026\/01\/5411-300x300.jpg",300,300,true],"woocommerce_single":["https:\/\/www.nenuphar.com\/wp-content\/uploads\/2026\/01\/5411-600x333.jpg",600,333,true],"woocommerce_gallery_thumbnail":["https:\/\/www.nenuphar.com\/wp-content\/uploads\/2026\/01\/5411-100x100.jpg",100,100,true]},"uagb_author_info":{"display_name":"Karine","author_link":"https:\/\/www.nenuphar.com\/en\/author\/"},"uagb_comment_info":0,"uagb_excerpt":"Chaussette \u00e0 spi pour d\u00e9riveur Booxy, attention plusieurs mod\u00e8les possibles Ce mod\u00e8le convient pour le spi standard de 8.5m\u00b2 avec une seule pastille d&rsquo;avaleur. Si votre spi a une seule pastille, mais fait 11.5m\u00b2, version \u00ab\u00a0Fun\u00a0\u00bb, il vous faut choisir la r\u00e9f BOUT_CHAUSSGM Si votre spi a 2 pastilles d&rsquo;avaleur, il vous faut choisir la&hellip;","_links":{"self":[{"href":"https:\/\/www.nenuphar.com\/en\/wp-json\/wp\/v2\/product\/713","targetHints":{"allow":["GET"]}}],"collection":[{"href":"https:\/\/www.nenuphar.com\/en\/wp-json\/wp\/v2\/product"}],"about":[{"href":"https:\/\/www.nenuphar.com\/en\/wp-json\/wp\/v2\/types\/product"}],"wp:featuredmedia":[{"embeddable":true,"href":"https:\/\/www.nenuphar.com\/en\/wp-json\/wp\/v2\/media\/749"}],"wp:attachment":[{"href":"https:\/\/www.nenuphar.com\/en\/wp-json\/wp\/v2\/media?parent=713"}],"wp:term":[{"taxonomy":"product_brand","embeddable":true,"href":"https:\/\/www.nenuphar.com\/en\/wp-json\/wp\/v2\/product_brand?post=713"},{"taxonomy":"product_cat","embeddable":true,"href":"https:\/\/www.nenuphar.com\/en\/wp-json\/wp\/v2\/product_cat?post=713"},{"taxonomy":"product_tag","embeddable":true,"href":"https:\/\/www.nenuphar.com\/en\/wp-json\/wp\/v2\/product_tag?post=713"}],"curies":[{"name":"wp","href":"https:\/\/api.w.org\/{rel}","templated":true}]}}