{"id":761,"date":"2026-01-04T17:21:43","date_gmt":"2026-01-04T17:21:43","guid":{"rendered":"https:\/\/nen.kmkoncept.fr\/?post_type=product&#038;p=761"},"modified":"2026-04-28T07:27:14","modified_gmt":"2026-04-28T07:27:14","slug":"rembourrage-sangle-de-rappel-70cm","status":"publish","type":"product","link":"https:\/\/www.nenuphar.com\/en\/shop\/navigation\/voiles\/sangles-rappel\/rembourrage-sangle-de-rappel-70cm\/","title":{"rendered":"PAD FOR HINKING STRAP 70 CM"},"content":{"rendered":"<p>Made in France.<\/p>\n<p>Thanks to its Velcro system, it easily attaches to an existing strap with a width of 40 to 50 mm.<\/p>\n<p>Total width: approximately 65 mm.<\/p>\n<p>Internal foam, 10 mm thickness.<\/p>\n<\/p>\n<p>Longueur: 70 cm<\/p>\n<p>Existe \u00e9galement en longueur 50 cm (voir r\u00e9f 10203S)<\/p>\n<p><span style=\"color:#d0121a;\">Note: colors may vary.<\/span><\/p><\/p>","protected":false},"excerpt":{"rendered":"<p>Fabriqu\u00e9 en France. Gr\u00e2ce \u00e0 son syst\u00e8me de velcro, se monte ais\u00e9ment sur une sangle d\u00e9j\u00e0 existante, de largeur 40 \u00e0 50 mm. Largeur totale: environ 65 mm Mousse int\u00e9rieure \u00e9paisseur 10 mm Longueur: 70 cm Existe \u00e9galement en longueur 50 cm (voir r\u00e9f 10203S) Attention: coloris non contractuel<\/p>","protected":false},"featured_media":792,"template":"","meta":{"_acf_changed":false,"_uag_custom_page_level_css":""},"product_brand":[430],"product_cat":[66],"product_tag":[],"class_list":{"0":"post-761","1":"product","2":"type-product","3":"status-publish","4":"has-post-thumbnail","6":"product_brand-nenuphar","7":"product_cat-sangles-rappel","9":"first","10":"instock","11":"taxable","12":"shipping-taxable","13":"purchasable","14":"product-type-simple"},"acf":[],"aioseo_notices":[],"uagb_featured_image_src":{"full":["https:\/\/www.nenuphar.com\/wp-content\/uploads\/2026\/01\/1606.jpg",81,283,false],"thumbnail":["https:\/\/www.nenuphar.com\/wp-content\/uploads\/2026\/01\/1606-81x150.jpg",81,150,true],"medium":["https:\/\/www.nenuphar.com\/wp-content\/uploads\/2026\/01\/1606.jpg",81,283,false],"medium_large":["https:\/\/www.nenuphar.com\/wp-content\/uploads\/2026\/01\/1606.jpg",81,283,false],"large":["https:\/\/www.nenuphar.com\/wp-content\/uploads\/2026\/01\/1606.jpg",81,283,false],"1536x1536":["https:\/\/www.nenuphar.com\/wp-content\/uploads\/2026\/01\/1606.jpg",81,283,false],"2048x2048":["https:\/\/www.nenuphar.com\/wp-content\/uploads\/2026\/01\/1606.jpg",81,283,false],"trp-custom-language-flag":["https:\/\/www.nenuphar.com\/wp-content\/uploads\/2026\/01\/1606.jpg",3,12,false],"woocommerce_thumbnail":["https:\/\/www.nenuphar.com\/wp-content\/uploads\/2026\/01\/1606.jpg",81,283,false],"woocommerce_single":["https:\/\/www.nenuphar.com\/wp-content\/uploads\/2026\/01\/1606.jpg",81,283,false],"woocommerce_gallery_thumbnail":["https:\/\/www.nenuphar.com\/wp-content\/uploads\/2026\/01\/1606-81x100.jpg",81,100,true]},"uagb_author_info":{"display_name":"Karine","author_link":"https:\/\/www.nenuphar.com\/en\/author\/"},"uagb_comment_info":0,"uagb_excerpt":"Fabriqu\u00e9 en France. Gr\u00e2ce \u00e0 son syst\u00e8me de velcro, se monte ais\u00e9ment sur une sangle d\u00e9j\u00e0 existante, de largeur 40 \u00e0 50 mm. Largeur totale: environ 65 mm Mousse int\u00e9rieure \u00e9paisseur 10 mm Longueur: 70 cm Existe \u00e9galement en longueur 50 cm (voir r\u00e9f 10203S) Attention: coloris non contractuel","_links":{"self":[{"href":"https:\/\/www.nenuphar.com\/en\/wp-json\/wp\/v2\/product\/761","targetHints":{"allow":["GET"]}}],"collection":[{"href":"https:\/\/www.nenuphar.com\/en\/wp-json\/wp\/v2\/product"}],"about":[{"href":"https:\/\/www.nenuphar.com\/en\/wp-json\/wp\/v2\/types\/product"}],"wp:featuredmedia":[{"embeddable":true,"href":"https:\/\/www.nenuphar.com\/en\/wp-json\/wp\/v2\/media\/792"}],"wp:attachment":[{"href":"https:\/\/www.nenuphar.com\/en\/wp-json\/wp\/v2\/media?parent=761"}],"wp:term":[{"taxonomy":"product_brand","embeddable":true,"href":"https:\/\/www.nenuphar.com\/en\/wp-json\/wp\/v2\/product_brand?post=761"},{"taxonomy":"product_cat","embeddable":true,"href":"https:\/\/www.nenuphar.com\/en\/wp-json\/wp\/v2\/product_cat?post=761"},{"taxonomy":"product_tag","embeddable":true,"href":"https:\/\/www.nenuphar.com\/en\/wp-json\/wp\/v2\/product_tag?post=761"}],"curies":[{"name":"wp","href":"https:\/\/api.w.org\/{rel}","templated":true}]}}