{"id":762,"date":"2026-01-04T17:21:43","date_gmt":"2026-01-04T17:21:43","guid":{"rendered":"https:\/\/nen.kmkoncept.fr\/?post_type=product&#038;p=762"},"modified":"2026-04-28T07:27:14","modified_gmt":"2026-04-28T07:27:14","slug":"rembourrage-sangle-de-rappel-50cm","status":"publish","type":"product","link":"https:\/\/www.nenuphar.com\/en\/shop\/navigation\/voiles\/sangles-rappel\/rembourrage-sangle-de-rappel-50cm\/","title":{"rendered":"PAD 50 CM  FOR HIKING STRAP"},"content":{"rendered":"<p>Thanks to its Velcro system, it easily attaches to an existing strap with a width of 40 to 50 mm.<\/p>\n<p>Total width: approximately 65 mm.<\/p>\n<p>Internal foam, 10 mm thickness.<\/p>\n<\/p>\n<p>Longueur: 50 cm<\/p>\n<p>Internal foam, 10 mm thickness.<\/p>\n<p><span style=\"color:#f20f0f;\">Note: colors may vary.<\/span><\/p>\n<\/p>\n<p>Made in France.<\/p>","protected":false},"excerpt":{"rendered":"<p>Gr\u00e2ce \u00e0 son syst\u00e8me de velcro, se monte ais\u00e9ment sur une sangle d\u00e9j\u00e0 existante, de largeur 40 \u00e0 50 mm. Largeur totale: environ 65 mm Mousse int\u00e9rieure \u00e9paisseur 10 mm Longueur: 50 cm Existe \u00e9galement en longueur 70 cm (voir r\u00e9f 10203) Attention: coloris non contractuel Fabriqu\u00e9 en France.<\/p>","protected":false},"featured_media":793,"template":"","meta":{"_acf_changed":false,"_uag_custom_page_level_css":""},"product_brand":[430],"product_cat":[66],"product_tag":[],"class_list":{"0":"post-762","1":"product","2":"type-product","3":"status-publish","4":"has-post-thumbnail","6":"product_brand-nenuphar","7":"product_cat-sangles-rappel","9":"first","10":"onbackorder","11":"taxable","12":"shipping-taxable","13":"purchasable","14":"product-type-simple"},"acf":[],"aioseo_notices":[],"uagb_featured_image_src":{"full":["https:\/\/www.nenuphar.com\/wp-content\/uploads\/2026\/01\/930.jpg",400,150,false],"thumbnail":["https:\/\/www.nenuphar.com\/wp-content\/uploads\/2026\/01\/930-150x150.jpg",150,150,true],"medium":["https:\/\/www.nenuphar.com\/wp-content\/uploads\/2026\/01\/930-300x113.jpg",300,113,true],"medium_large":["https:\/\/www.nenuphar.com\/wp-content\/uploads\/2026\/01\/930.jpg",400,150,false],"large":["https:\/\/www.nenuphar.com\/wp-content\/uploads\/2026\/01\/930.jpg",400,150,false],"1536x1536":["https:\/\/www.nenuphar.com\/wp-content\/uploads\/2026\/01\/930.jpg",400,150,false],"2048x2048":["https:\/\/www.nenuphar.com\/wp-content\/uploads\/2026\/01\/930.jpg",400,150,false],"trp-custom-language-flag":["https:\/\/www.nenuphar.com\/wp-content\/uploads\/2026\/01\/930.jpg",18,7,false],"woocommerce_thumbnail":["https:\/\/www.nenuphar.com\/wp-content\/uploads\/2026\/01\/930-300x150.jpg",300,150,true],"woocommerce_single":["https:\/\/www.nenuphar.com\/wp-content\/uploads\/2026\/01\/930.jpg",400,150,false],"woocommerce_gallery_thumbnail":["https:\/\/www.nenuphar.com\/wp-content\/uploads\/2026\/01\/930-100x100.jpg",100,100,true]},"uagb_author_info":{"display_name":"Karine","author_link":"https:\/\/www.nenuphar.com\/en\/author\/"},"uagb_comment_info":0,"uagb_excerpt":"Gr\u00e2ce \u00e0 son syst\u00e8me de velcro, se monte ais\u00e9ment sur une sangle d\u00e9j\u00e0 existante, de largeur 40 \u00e0 50 mm. Largeur totale: environ 65 mm Mousse int\u00e9rieure \u00e9paisseur 10 mm Longueur: 50 cm Existe \u00e9galement en longueur 70 cm (voir r\u00e9f 10203) Attention: coloris non contractuel Fabriqu\u00e9 en France.","_links":{"self":[{"href":"https:\/\/www.nenuphar.com\/en\/wp-json\/wp\/v2\/product\/762","targetHints":{"allow":["GET"]}}],"collection":[{"href":"https:\/\/www.nenuphar.com\/en\/wp-json\/wp\/v2\/product"}],"about":[{"href":"https:\/\/www.nenuphar.com\/en\/wp-json\/wp\/v2\/types\/product"}],"wp:featuredmedia":[{"embeddable":true,"href":"https:\/\/www.nenuphar.com\/en\/wp-json\/wp\/v2\/media\/793"}],"wp:attachment":[{"href":"https:\/\/www.nenuphar.com\/en\/wp-json\/wp\/v2\/media?parent=762"}],"wp:term":[{"taxonomy":"product_brand","embeddable":true,"href":"https:\/\/www.nenuphar.com\/en\/wp-json\/wp\/v2\/product_brand?post=762"},{"taxonomy":"product_cat","embeddable":true,"href":"https:\/\/www.nenuphar.com\/en\/wp-json\/wp\/v2\/product_cat?post=762"},{"taxonomy":"product_tag","embeddable":true,"href":"https:\/\/www.nenuphar.com\/en\/wp-json\/wp\/v2\/product_tag?post=762"}],"curies":[{"name":"wp","href":"https:\/\/api.w.org\/{rel}","templated":true}]}}