{"id":764,"date":"2026-01-04T17:21:43","date_gmt":"2026-01-04T17:21:43","guid":{"rendered":"https:\/\/nen.kmkoncept.fr\/?post_type=product&#038;p=764"},"modified":"2026-04-28T07:27:15","modified_gmt":"2026-04-28T07:27:15","slug":"sangle-rappel-95cm-rembourree-85x8cm","status":"publish","type":"product","link":"https:\/\/www.nenuphar.com\/en\/shop\/navigation\/voiles\/sangles-rappel\/sangle-rappel-95cm-rembourree-85x8cm\/","title":{"rendered":"SANGLE RAPPEL 95CM REMBOURREE 85X8CM"},"content":{"rendered":"<p>Sangle de rappel rembourr\u00e9e.<\/p>\n<p>1 boucle \u00e0 chaque extr\u00e9mit\u00e9.<\/p>\n<p>Longueur totale: 95 cm<\/p>\n<p>Longueur rembourrage: 85 cm<\/p>\n<p>largeur rembourrage: 8 cm<\/p>\n<p>Sangle polyester largeur 50 mm<\/p>\n<\/p><\/p>","protected":false},"excerpt":{"rendered":"<p>Sangle de rappel rembourr\u00e9e. 1 boucle \u00e0 chaque extr\u00e9mit\u00e9. Longueur totale: 95 cm Longueur rembourrage: 85 cm largeur rembourrage: 8 cm Sangle polyester largeur 50 mm<\/p>","protected":false},"featured_media":797,"template":"","meta":{"_acf_changed":false,"_uag_custom_page_level_css":""},"product_brand":[430],"product_cat":[66],"product_tag":[],"class_list":{"0":"post-764","1":"product","2":"type-product","3":"status-publish","4":"has-post-thumbnail","6":"product_brand-nenuphar","7":"product_cat-sangles-rappel","9":"first","10":"instock","11":"taxable","12":"shipping-taxable","13":"purchasable","14":"product-type-simple"},"acf":[],"aioseo_notices":[],"uagb_featured_image_src":{"full":["https:\/\/www.nenuphar.com\/wp-content\/uploads\/2026\/01\/5971-scaled.jpg",2560,621,false],"thumbnail":["https:\/\/www.nenuphar.com\/wp-content\/uploads\/2026\/01\/5971-150x150.jpg",150,150,true],"medium":["https:\/\/www.nenuphar.com\/wp-content\/uploads\/2026\/01\/5971-300x73.jpg",300,73,true],"medium_large":["https:\/\/www.nenuphar.com\/wp-content\/uploads\/2026\/01\/5971-768x186.jpg",768,186,true],"large":["https:\/\/www.nenuphar.com\/wp-content\/uploads\/2026\/01\/5971-1024x248.jpg",1024,248,true],"1536x1536":["https:\/\/www.nenuphar.com\/wp-content\/uploads\/2026\/01\/5971-1536x373.jpg",1536,373,true],"2048x2048":["https:\/\/www.nenuphar.com\/wp-content\/uploads\/2026\/01\/5971-2048x497.jpg",2048,497,true],"trp-custom-language-flag":["https:\/\/www.nenuphar.com\/wp-content\/uploads\/2026\/01\/5971-scaled.jpg",18,4,false],"woocommerce_thumbnail":["https:\/\/www.nenuphar.com\/wp-content\/uploads\/2026\/01\/5971-300x300.jpg",300,300,true],"woocommerce_single":["https:\/\/www.nenuphar.com\/wp-content\/uploads\/2026\/01\/5971-600x146.jpg",600,146,true],"woocommerce_gallery_thumbnail":["https:\/\/www.nenuphar.com\/wp-content\/uploads\/2026\/01\/5971-100x100.jpg",100,100,true]},"uagb_author_info":{"display_name":"Karine","author_link":"https:\/\/www.nenuphar.com\/en\/author\/"},"uagb_comment_info":0,"uagb_excerpt":"Sangle de rappel rembourr\u00e9e. 1 boucle \u00e0 chaque extr\u00e9mit\u00e9. Longueur totale: 95 cm Longueur rembourrage: 85 cm largeur rembourrage: 8 cm Sangle polyester largeur 50 mm","_links":{"self":[{"href":"https:\/\/www.nenuphar.com\/en\/wp-json\/wp\/v2\/product\/764","targetHints":{"allow":["GET"]}}],"collection":[{"href":"https:\/\/www.nenuphar.com\/en\/wp-json\/wp\/v2\/product"}],"about":[{"href":"https:\/\/www.nenuphar.com\/en\/wp-json\/wp\/v2\/types\/product"}],"wp:featuredmedia":[{"embeddable":true,"href":"https:\/\/www.nenuphar.com\/en\/wp-json\/wp\/v2\/media\/797"}],"wp:attachment":[{"href":"https:\/\/www.nenuphar.com\/en\/wp-json\/wp\/v2\/media?parent=764"}],"wp:term":[{"taxonomy":"product_brand","embeddable":true,"href":"https:\/\/www.nenuphar.com\/en\/wp-json\/wp\/v2\/product_brand?post=764"},{"taxonomy":"product_cat","embeddable":true,"href":"https:\/\/www.nenuphar.com\/en\/wp-json\/wp\/v2\/product_cat?post=764"},{"taxonomy":"product_tag","embeddable":true,"href":"https:\/\/www.nenuphar.com\/en\/wp-json\/wp\/v2\/product_tag?post=764"}],"curies":[{"name":"wp","href":"https:\/\/api.w.org\/{rel}","templated":true}]}}