{"id":770,"date":"2026-01-04T17:21:43","date_gmt":"2026-01-04T17:21:43","guid":{"rendered":"https:\/\/nen.kmkoncept.fr\/?post_type=product&#038;p=770"},"modified":"2026-04-28T07:27:15","modified_gmt":"2026-04-28T07:27:15","slug":"sangles-de-rappel-rembourrees-pico-sport-jeu-de-3","status":"publish","type":"product","link":"https:\/\/www.nenuphar.com\/en\/shop\/series\/deriveurs\/laser-deriveurs\/laser-pico\/sangles-de-rappel-rembourrees-pico-sport-jeu-de-3\/","title":{"rendered":"LASER PICO SPORT PADDED HIKING STRAP -SET"},"content":{"rendered":"<p>Ensemble de 3 sangles rembourr\u00e9es adaptables sur d\u00e9riveur LASER PICO<\/p>\n<p>Fabrication N\u00e9nuphar \u00e0 Nemours<\/p>","protected":false},"excerpt":{"rendered":"<p>Ensemble de 3 sangles rembourr\u00e9es adaptables sur d\u00e9riveur LASER PICO Fabrication N\u00e9nuphar \u00e0 Nemours<\/p>","protected":false},"featured_media":809,"template":"","meta":{"_acf_changed":false,"_uag_custom_page_level_css":""},"product_brand":[430],"product_cat":[244,66],"product_tag":[],"class_list":{"0":"post-770","1":"product","2":"type-product","3":"status-publish","4":"has-post-thumbnail","6":"product_brand-nenuphar","7":"product_cat-laser-pico","8":"product_cat-sangles-rappel","10":"first","11":"instock","12":"taxable","13":"shipping-taxable","14":"purchasable","15":"product-type-simple"},"acf":[],"aioseo_notices":[],"uagb_featured_image_src":{"full":["https:\/\/www.nenuphar.com\/wp-content\/uploads\/2026\/01\/6037.jpg",949,601,false],"thumbnail":["https:\/\/www.nenuphar.com\/wp-content\/uploads\/2026\/01\/6037-150x150.jpg",150,150,true],"medium":["https:\/\/www.nenuphar.com\/wp-content\/uploads\/2026\/01\/6037-300x190.jpg",300,190,true],"medium_large":["https:\/\/www.nenuphar.com\/wp-content\/uploads\/2026\/01\/6037-768x486.jpg",768,486,true],"large":["https:\/\/www.nenuphar.com\/wp-content\/uploads\/2026\/01\/6037.jpg",949,601,false],"1536x1536":["https:\/\/www.nenuphar.com\/wp-content\/uploads\/2026\/01\/6037.jpg",949,601,false],"2048x2048":["https:\/\/www.nenuphar.com\/wp-content\/uploads\/2026\/01\/6037.jpg",949,601,false],"trp-custom-language-flag":["https:\/\/www.nenuphar.com\/wp-content\/uploads\/2026\/01\/6037.jpg",18,12,false],"woocommerce_thumbnail":["https:\/\/www.nenuphar.com\/wp-content\/uploads\/2026\/01\/6037-300x300.jpg",300,300,true],"woocommerce_single":["https:\/\/www.nenuphar.com\/wp-content\/uploads\/2026\/01\/6037-600x380.jpg",600,380,true],"woocommerce_gallery_thumbnail":["https:\/\/www.nenuphar.com\/wp-content\/uploads\/2026\/01\/6037-100x100.jpg",100,100,true]},"uagb_author_info":{"display_name":"Karine","author_link":"https:\/\/www.nenuphar.com\/en\/author\/"},"uagb_comment_info":0,"uagb_excerpt":"Ensemble de 3 sangles rembourr\u00e9es adaptables sur d\u00e9riveur LASER PICO Fabrication N\u00e9nuphar \u00e0 Nemours","_links":{"self":[{"href":"https:\/\/www.nenuphar.com\/en\/wp-json\/wp\/v2\/product\/770","targetHints":{"allow":["GET"]}}],"collection":[{"href":"https:\/\/www.nenuphar.com\/en\/wp-json\/wp\/v2\/product"}],"about":[{"href":"https:\/\/www.nenuphar.com\/en\/wp-json\/wp\/v2\/types\/product"}],"wp:featuredmedia":[{"embeddable":true,"href":"https:\/\/www.nenuphar.com\/en\/wp-json\/wp\/v2\/media\/809"}],"wp:attachment":[{"href":"https:\/\/www.nenuphar.com\/en\/wp-json\/wp\/v2\/media?parent=770"}],"wp:term":[{"taxonomy":"product_brand","embeddable":true,"href":"https:\/\/www.nenuphar.com\/en\/wp-json\/wp\/v2\/product_brand?post=770"},{"taxonomy":"product_cat","embeddable":true,"href":"https:\/\/www.nenuphar.com\/en\/wp-json\/wp\/v2\/product_cat?post=770"},{"taxonomy":"product_tag","embeddable":true,"href":"https:\/\/www.nenuphar.com\/en\/wp-json\/wp\/v2\/product_tag?post=770"}],"curies":[{"name":"wp","href":"https:\/\/api.w.org\/{rel}","templated":true}]}}