{"id":772,"date":"2026-01-04T17:21:43","date_gmt":"2026-01-04T17:21:43","guid":{"rendered":"https:\/\/nen.kmkoncept.fr\/?post_type=product&#038;p=772"},"modified":"2026-04-28T07:30:43","modified_gmt":"2026-04-28T07:30:43","slug":"culotte-rappel-rembourree-small-polyester-ripstop","status":"publish","type":"product","link":"https:\/\/www.nenuphar.com\/en\/shop\/navigation\/voiles\/sangles-rappel\/culotte-rappel-rembourree-small-polyester-ripstop\/","title":{"rendered":"POLYESTER RIPSTOP HIKING PANTS"},"content":{"rendered":"<p>Made in France.<\/p>\n<p>Short-shaped design. Provides good thigh protection when hiking. Made from acrylic with a polyamide lining. 20 mm foam padding under the thighs to prevent muscle compression and cramping. Equipped with elastic straps for excellent support, whether sitting or standing.<\/p>","protected":false},"excerpt":{"rendered":"<p>Fabriqu\u00e9 en France. En forme de short. Assure une bonne protection des cuisses au rappel. R\u00e9alis\u00e9 en ACRYLIQUE avec doublure polyamide. Rembourrage sous les cuisses en mousse de 20mm pour \u00e9viter la compression des muscles et leur t\u00e9tanisation. Munie de bretelles \u00e9lastiques pour un excellent maintient, assis ou debout.<\/p>","protected":false},"featured_media":810,"template":"","meta":{"_acf_changed":false,"_uag_custom_page_level_css":""},"product_brand":[430],"product_cat":[66],"product_tag":[],"class_list":{"0":"post-772","1":"product","2":"type-product","3":"status-publish","4":"has-post-thumbnail","6":"product_brand-nenuphar","7":"product_cat-sangles-rappel","9":"first","10":"instock","11":"taxable","12":"shipping-taxable","13":"purchasable","14":"product-type-variable"},"acf":[],"aioseo_notices":[],"uagb_featured_image_src":{"full":["https:\/\/www.nenuphar.com\/wp-content\/uploads\/2026\/01\/4090-scaled.jpg",1575,2560,false],"thumbnail":["https:\/\/www.nenuphar.com\/wp-content\/uploads\/2026\/01\/4090-150x150.jpg",150,150,true],"medium":["https:\/\/www.nenuphar.com\/wp-content\/uploads\/2026\/01\/4090-185x300.jpg",185,300,true],"medium_large":["https:\/\/www.nenuphar.com\/wp-content\/uploads\/2026\/01\/4090-768x1248.jpg",768,1248,true],"large":["https:\/\/www.nenuphar.com\/wp-content\/uploads\/2026\/01\/4090-630x1024.jpg",630,1024,true],"1536x1536":["https:\/\/www.nenuphar.com\/wp-content\/uploads\/2026\/01\/4090-945x1536.jpg",945,1536,true],"2048x2048":["https:\/\/www.nenuphar.com\/wp-content\/uploads\/2026\/01\/4090-1260x2048.jpg",1260,2048,true],"trp-custom-language-flag":["https:\/\/www.nenuphar.com\/wp-content\/uploads\/2026\/01\/4090-scaled.jpg",7,12,false],"woocommerce_thumbnail":["https:\/\/www.nenuphar.com\/wp-content\/uploads\/2026\/01\/4090-300x300.jpg",300,300,true],"woocommerce_single":["https:\/\/www.nenuphar.com\/wp-content\/uploads\/2026\/01\/4090-600x975.jpg",600,975,true],"woocommerce_gallery_thumbnail":["https:\/\/www.nenuphar.com\/wp-content\/uploads\/2026\/01\/4090-100x100.jpg",100,100,true]},"uagb_author_info":{"display_name":"Karine","author_link":"https:\/\/www.nenuphar.com\/en\/author\/"},"uagb_comment_info":0,"uagb_excerpt":"Fabriqu\u00e9 en France. En forme de short. Assure une bonne protection des cuisses au rappel. R\u00e9alis\u00e9 en ACRYLIQUE avec doublure polyamide. Rembourrage sous les cuisses en mousse de 20mm pour \u00e9viter la compression des muscles et leur t\u00e9tanisation. Munie de bretelles \u00e9lastiques pour un excellent maintient, assis ou debout.","_links":{"self":[{"href":"https:\/\/www.nenuphar.com\/en\/wp-json\/wp\/v2\/product\/772","targetHints":{"allow":["GET"]}}],"collection":[{"href":"https:\/\/www.nenuphar.com\/en\/wp-json\/wp\/v2\/product"}],"about":[{"href":"https:\/\/www.nenuphar.com\/en\/wp-json\/wp\/v2\/types\/product"}],"wp:featuredmedia":[{"embeddable":true,"href":"https:\/\/www.nenuphar.com\/en\/wp-json\/wp\/v2\/media\/810"}],"wp:attachment":[{"href":"https:\/\/www.nenuphar.com\/en\/wp-json\/wp\/v2\/media?parent=772"}],"wp:term":[{"taxonomy":"product_brand","embeddable":true,"href":"https:\/\/www.nenuphar.com\/en\/wp-json\/wp\/v2\/product_brand?post=772"},{"taxonomy":"product_cat","embeddable":true,"href":"https:\/\/www.nenuphar.com\/en\/wp-json\/wp\/v2\/product_cat?post=772"},{"taxonomy":"product_tag","embeddable":true,"href":"https:\/\/www.nenuphar.com\/en\/wp-json\/wp\/v2\/product_tag?post=772"}],"curies":[{"name":"wp","href":"https:\/\/api.w.org\/{rel}","templated":true}]}}