{"id":774,"date":"2026-01-04T17:21:43","date_gmt":"2026-01-04T17:21:43","guid":{"rendered":"https:\/\/nen.kmkoncept.fr\/?post_type=product&#038;p=774"},"modified":"2026-04-28T07:30:46","modified_gmt":"2026-04-28T07:30:46","slug":"culotte-rappel-sandiline-winter-zip","status":"publish","type":"product","link":"https:\/\/www.nenuphar.com\/en\/shop\/navigation\/voiles\/sangles-rappel\/culotte-rappel-sandiline-winter-zip\/","title":{"rendered":"HIKING PANTS SANDILINE WINTER ZIP SIZE XXL"},"content":{"rendered":"<p>Culotte de rappel id\u00e9ale pour naviguer quand il fait froid.<\/p>\n<p>Mod\u00e8le fin de s\u00e9rie: voir Winter zip 2<\/p>","protected":false},"excerpt":{"rendered":"<p>&#8211; BRAGUETTE !<br \/> &#8211; Partie haute fabriqu\u00e9e en Elio antibact\u00e9rien Flex 24 airprene, du n\u00e9opr\u00e8ne perfor\u00e9 \u00e9paisseur 1.5 mm avec couche int\u00e9rieure antibact\u00e9rienne et anallergique.<br \/> &#8211; Dos en n\u00e9opr\u00e8ne small diamond 6.5 mm <br \/> &#8211; N\u00e9opr\u00e8ne K1 3.5 mm sur les cuisses pour rendre la culotte rigide l\u00e0 o\u00f9 n\u00e9cessaire,<br \/> &#8211; Arri\u00e8re des genoux et toutes les parties qui doivent \u00eatre souples et \u00e9lastiques sont faites en n\u00e9opr\u00e8ne superstretch 2 mm et 3 mm \u00a0\u00a0<\/p>","protected":false},"featured_media":815,"template":"","meta":{"_acf_changed":false,"_uag_custom_page_level_css":""},"product_brand":[],"product_cat":[66],"product_tag":[],"class_list":{"0":"post-774","1":"product","2":"type-product","3":"status-publish","4":"has-post-thumbnail","6":"product_cat-sangles-rappel","8":"first","9":"instock","10":"taxable","11":"shipping-taxable","12":"product-type-variable"},"acf":[],"aioseo_notices":[],"uagb_featured_image_src":{"full":["https:\/\/www.nenuphar.com\/wp-content\/uploads\/2026\/01\/4702.jpg",247,768,false],"thumbnail":["https:\/\/www.nenuphar.com\/wp-content\/uploads\/2026\/01\/4702-150x150.jpg",150,150,true],"medium":["https:\/\/www.nenuphar.com\/wp-content\/uploads\/2026\/01\/4702-96x300.jpg",96,300,true],"medium_large":["https:\/\/www.nenuphar.com\/wp-content\/uploads\/2026\/01\/4702.jpg",247,768,false],"large":["https:\/\/www.nenuphar.com\/wp-content\/uploads\/2026\/01\/4702.jpg",247,768,false],"1536x1536":["https:\/\/www.nenuphar.com\/wp-content\/uploads\/2026\/01\/4702.jpg",247,768,false],"2048x2048":["https:\/\/www.nenuphar.com\/wp-content\/uploads\/2026\/01\/4702.jpg",247,768,false],"trp-custom-language-flag":["https:\/\/www.nenuphar.com\/wp-content\/uploads\/2026\/01\/4702.jpg",4,12,false],"woocommerce_thumbnail":["https:\/\/www.nenuphar.com\/wp-content\/uploads\/2026\/01\/4702-247x300.jpg",247,300,true],"woocommerce_single":["https:\/\/www.nenuphar.com\/wp-content\/uploads\/2026\/01\/4702.jpg",247,768,false],"woocommerce_gallery_thumbnail":["https:\/\/www.nenuphar.com\/wp-content\/uploads\/2026\/01\/4702-100x100.jpg",100,100,true]},"uagb_author_info":{"display_name":"Karine","author_link":"https:\/\/www.nenuphar.com\/en\/author\/"},"uagb_comment_info":0,"uagb_excerpt":"- BRAGUETTE ! - Partie haute fabriqu\u00e9e en Elio antibact\u00e9rien Flex 24 airprene, du n\u00e9opr\u00e8ne perfor\u00e9 \u00e9paisseur 1.5 mm avec couche int\u00e9rieure antibact\u00e9rienne et anallergique. - Dos en n\u00e9opr\u00e8ne small diamond 6.5 mm - N\u00e9opr\u00e8ne K1 3.5 mm sur les cuisses pour rendre la culotte rigide l\u00e0 o\u00f9 n\u00e9cessaire, - Arri\u00e8re des genoux et toutes&hellip;","_links":{"self":[{"href":"https:\/\/www.nenuphar.com\/en\/wp-json\/wp\/v2\/product\/774","targetHints":{"allow":["GET"]}}],"collection":[{"href":"https:\/\/www.nenuphar.com\/en\/wp-json\/wp\/v2\/product"}],"about":[{"href":"https:\/\/www.nenuphar.com\/en\/wp-json\/wp\/v2\/types\/product"}],"wp:featuredmedia":[{"embeddable":true,"href":"https:\/\/www.nenuphar.com\/en\/wp-json\/wp\/v2\/media\/815"}],"wp:attachment":[{"href":"https:\/\/www.nenuphar.com\/en\/wp-json\/wp\/v2\/media?parent=774"}],"wp:term":[{"taxonomy":"product_brand","embeddable":true,"href":"https:\/\/www.nenuphar.com\/en\/wp-json\/wp\/v2\/product_brand?post=774"},{"taxonomy":"product_cat","embeddable":true,"href":"https:\/\/www.nenuphar.com\/en\/wp-json\/wp\/v2\/product_cat?post=774"},{"taxonomy":"product_tag","embeddable":true,"href":"https:\/\/www.nenuphar.com\/en\/wp-json\/wp\/v2\/product_tag?post=774"}],"curies":[{"name":"wp","href":"https:\/\/api.w.org\/{rel}","templated":true}]}}