{"id":782,"date":"2026-01-04T17:21:44","date_gmt":"2026-01-04T17:21:44","guid":{"rendered":"https:\/\/nen.kmkoncept.fr\/?post_type=product&#038;p=782"},"modified":"2026-04-28T07:30:19","modified_gmt":"2026-04-28T07:30:19","slug":"sangle-rappel-rembourree-equipe-l-unite","status":"publish","type":"product","link":"https:\/\/www.nenuphar.com\/en\/shop\/series\/deriveurs\/equipe\/sangle-rappel-rembourree-equipe-l-unite\/","title":{"rendered":"EQUIPE PADDED HIKING STRAP BY UNIT"},"content":{"rendered":"<p>Sangle de rappel rembourr\u00e9e pour d\u00e9riveur Equipe, vendue \u00e0 l&rsquo;unit\u00e9<\/p>\n<p>longueur totale 65 cm<\/p>\n<p>largeur du rembourrage 8cm mousse \u00e9paisseur 1cm<\/p>\n<p>fabriqu\u00e9e dans nos ateliers \u00e0 Nemours<\/p>","protected":false},"excerpt":{"rendered":"<p>Sangle de rappel rembourr\u00e9e pour d\u00e9riveur Equipe, vendue \u00e0 l&rsquo;unit\u00e9 longueur totale 65 cm largeur du rembourrage 8cm mousse \u00e9paisseur 1cm fabriqu\u00e9e dans nos ateliers \u00e0 Nemours<\/p>","protected":false},"featured_media":821,"template":"","meta":{"_acf_changed":false,"_uag_custom_page_level_css":""},"product_brand":[430],"product_cat":[199,66],"product_tag":[427],"class_list":{"0":"post-782","1":"product","2":"type-product","3":"status-publish","4":"has-post-thumbnail","6":"product_brand-nenuphar","7":"product_cat-equipe","8":"product_cat-sangles-rappel","9":"product_tag-equipe","11":"first","12":"instock","13":"taxable","14":"shipping-taxable","15":"purchasable","16":"product-type-simple"},"acf":[],"aioseo_notices":[],"uagb_featured_image_src":{"full":["https:\/\/www.nenuphar.com\/wp-content\/uploads\/2026\/01\/6016.jpg",1161,379,false],"thumbnail":["https:\/\/www.nenuphar.com\/wp-content\/uploads\/2026\/01\/6016-150x150.jpg",150,150,true],"medium":["https:\/\/www.nenuphar.com\/wp-content\/uploads\/2026\/01\/6016-300x98.jpg",300,98,true],"medium_large":["https:\/\/www.nenuphar.com\/wp-content\/uploads\/2026\/01\/6016-768x251.jpg",768,251,true],"large":["https:\/\/www.nenuphar.com\/wp-content\/uploads\/2026\/01\/6016-1024x334.jpg",1024,334,true],"1536x1536":["https:\/\/www.nenuphar.com\/wp-content\/uploads\/2026\/01\/6016.jpg",1161,379,false],"2048x2048":["https:\/\/www.nenuphar.com\/wp-content\/uploads\/2026\/01\/6016.jpg",1161,379,false],"trp-custom-language-flag":["https:\/\/www.nenuphar.com\/wp-content\/uploads\/2026\/01\/6016.jpg",18,6,false],"woocommerce_thumbnail":["https:\/\/www.nenuphar.com\/wp-content\/uploads\/2026\/01\/6016-300x300.jpg",300,300,true],"woocommerce_single":["https:\/\/www.nenuphar.com\/wp-content\/uploads\/2026\/01\/6016-600x196.jpg",600,196,true],"woocommerce_gallery_thumbnail":["https:\/\/www.nenuphar.com\/wp-content\/uploads\/2026\/01\/6016-100x100.jpg",100,100,true]},"uagb_author_info":{"display_name":"Karine","author_link":"https:\/\/www.nenuphar.com\/en\/author\/"},"uagb_comment_info":0,"uagb_excerpt":"Sangle de rappel rembourr\u00e9e pour d\u00e9riveur Equipe, vendue \u00e0 l&rsquo;unit\u00e9 longueur totale 65 cm largeur du rembourrage 8cm mousse \u00e9paisseur 1cm fabriqu\u00e9e dans nos ateliers \u00e0 Nemours","_links":{"self":[{"href":"https:\/\/www.nenuphar.com\/en\/wp-json\/wp\/v2\/product\/782","targetHints":{"allow":["GET"]}}],"collection":[{"href":"https:\/\/www.nenuphar.com\/en\/wp-json\/wp\/v2\/product"}],"about":[{"href":"https:\/\/www.nenuphar.com\/en\/wp-json\/wp\/v2\/types\/product"}],"wp:featuredmedia":[{"embeddable":true,"href":"https:\/\/www.nenuphar.com\/en\/wp-json\/wp\/v2\/media\/821"}],"wp:attachment":[{"href":"https:\/\/www.nenuphar.com\/en\/wp-json\/wp\/v2\/media?parent=782"}],"wp:term":[{"taxonomy":"product_brand","embeddable":true,"href":"https:\/\/www.nenuphar.com\/en\/wp-json\/wp\/v2\/product_brand?post=782"},{"taxonomy":"product_cat","embeddable":true,"href":"https:\/\/www.nenuphar.com\/en\/wp-json\/wp\/v2\/product_cat?post=782"},{"taxonomy":"product_tag","embeddable":true,"href":"https:\/\/www.nenuphar.com\/en\/wp-json\/wp\/v2\/product_tag?post=782"}],"curies":[{"name":"wp","href":"https:\/\/api.w.org\/{rel}","templated":true}]}}