{"id":841,"date":"2026-01-04T17:37:36","date_gmt":"2026-01-04T17:37:36","guid":{"rendered":"https:\/\/nen.kmkoncept.fr\/?post_type=product&#038;p=841"},"modified":"2026-04-28T07:29:34","modified_gmt":"2026-04-28T07:29:34","slug":"profil-retreint-anodise-incolo-blizzard-lg-7m","status":"publish","type":"product","link":"https:\/\/www.nenuphar.com\/en\/shop\/navigation\/mats\/profils-accastilles\/profil-retreint-anodise-incolo-blizzard-lg-7m\/","title":{"rendered":"Reduced profile, clear anodised Blizzard mast tube, length 7 m"},"content":{"rendered":"<p>Profil de m\u00e2t d\u00e9riveur<\/p>\n<p>En aluminium 6005T6<\/p>\n<p>Profil nu r\u00e9treint longueur 7 ml<\/p>\n<p>Anodis\u00e9 incolore <\/p>\n<p>Pour vous permettre de fabriquer votre m\u00e2t \u00e0 moindre co\u00fbt.<\/p>\n<p>Frais de port sur devis<\/p><\/p>","protected":false},"excerpt":{"rendered":"<p>Profil de m\u00e2t d\u00e9riveur En aluminium 6005T6 Profil nu r\u00e9treint longueur 7 ml Anodis\u00e9 incolore Pour vous permettre de fabriquer votre m\u00e2t \u00e0 moindre co\u00fbt. Frais de port sur devis<\/p>","protected":false},"featured_media":856,"template":"","meta":{"_acf_changed":false,"_uag_custom_page_level_css":""},"product_brand":[430],"product_cat":[67],"product_tag":[],"class_list":{"0":"post-841","1":"product","2":"type-product","3":"status-publish","4":"has-post-thumbnail","6":"product_brand-nenuphar","7":"product_cat-profils-accastilles","9":"first","10":"instock","11":"taxable","12":"shipping-taxable","13":"purchasable","14":"product-type-simple"},"acf":[],"aioseo_notices":[],"uagb_featured_image_src":{"full":["https:\/\/www.nenuphar.com\/wp-content\/uploads\/2026\/01\/6267.png",1016,724,false],"thumbnail":["https:\/\/www.nenuphar.com\/wp-content\/uploads\/2026\/01\/6267-150x150.png",150,150,true],"medium":["https:\/\/www.nenuphar.com\/wp-content\/uploads\/2026\/01\/6267-300x214.png",300,214,true],"medium_large":["https:\/\/www.nenuphar.com\/wp-content\/uploads\/2026\/01\/6267-768x547.png",768,547,true],"large":["https:\/\/www.nenuphar.com\/wp-content\/uploads\/2026\/01\/6267.png",1016,724,false],"1536x1536":["https:\/\/www.nenuphar.com\/wp-content\/uploads\/2026\/01\/6267.png",1016,724,false],"2048x2048":["https:\/\/www.nenuphar.com\/wp-content\/uploads\/2026\/01\/6267.png",1016,724,false],"trp-custom-language-flag":["https:\/\/www.nenuphar.com\/wp-content\/uploads\/2026\/01\/6267.png",18,12,false],"woocommerce_thumbnail":["https:\/\/www.nenuphar.com\/wp-content\/uploads\/2026\/01\/6267-300x300.png",300,300,true],"woocommerce_single":["https:\/\/www.nenuphar.com\/wp-content\/uploads\/2026\/01\/6267-600x428.png",600,428,true],"woocommerce_gallery_thumbnail":["https:\/\/www.nenuphar.com\/wp-content\/uploads\/2026\/01\/6267-100x100.png",100,100,true]},"uagb_author_info":{"display_name":"Karine","author_link":"https:\/\/www.nenuphar.com\/en\/author\/"},"uagb_comment_info":0,"uagb_excerpt":"Profil de m\u00e2t d\u00e9riveur En aluminium 6005T6 Profil nu r\u00e9treint longueur 7 ml Anodis\u00e9 incolore Pour vous permettre de fabriquer votre m\u00e2t \u00e0 moindre co\u00fbt. Frais de port sur devis","_links":{"self":[{"href":"https:\/\/www.nenuphar.com\/en\/wp-json\/wp\/v2\/product\/841","targetHints":{"allow":["GET"]}}],"collection":[{"href":"https:\/\/www.nenuphar.com\/en\/wp-json\/wp\/v2\/product"}],"about":[{"href":"https:\/\/www.nenuphar.com\/en\/wp-json\/wp\/v2\/types\/product"}],"wp:featuredmedia":[{"embeddable":true,"href":"https:\/\/www.nenuphar.com\/en\/wp-json\/wp\/v2\/media\/856"}],"wp:attachment":[{"href":"https:\/\/www.nenuphar.com\/en\/wp-json\/wp\/v2\/media?parent=841"}],"wp:term":[{"taxonomy":"product_brand","embeddable":true,"href":"https:\/\/www.nenuphar.com\/en\/wp-json\/wp\/v2\/product_brand?post=841"},{"taxonomy":"product_cat","embeddable":true,"href":"https:\/\/www.nenuphar.com\/en\/wp-json\/wp\/v2\/product_cat?post=841"},{"taxonomy":"product_tag","embeddable":true,"href":"https:\/\/www.nenuphar.com\/en\/wp-json\/wp\/v2\/product_tag?post=841"}],"curies":[{"name":"wp","href":"https:\/\/api.w.org\/{rel}","templated":true}]}}