{"id":842,"date":"2026-01-04T17:37:36","date_gmt":"2026-01-04T17:37:36","guid":{"rendered":"https:\/\/nen.kmkoncept.fr\/?post_type=product&#038;p=842"},"modified":"2026-04-28T07:29:34","modified_gmt":"2026-04-28T07:29:34","slug":"kit-mat-blizzard","status":"publish","type":"product","link":"https:\/\/www.nenuphar.com\/en\/shop\/navigation\/mats\/profils-accastilles\/kit-mat-blizzard\/","title":{"rendered":"BLIZZARD KIT"},"content":{"rendered":"<p>Blizzard\u201d mast kit \u2013 save money by assembling your mast yourself.<\/p>\n<p><span>Warning: this mast must be shipped by freight; please contact us for transport rates.<\/span><\/p>\n<p>Made in France. Includes: 1 Blizzard tube, length 7.50 m, anodised and undrilled; 1 masthead; 1 mast foot; 1 spreader bracket; 1 gooseneck fitting.\nUse: Caravelle, Lookout, dinghies over 130 kg.<\/p>","protected":false},"excerpt":{"rendered":"<p>Kit de m\u00e2t \u00ab\u00a0Blizzard\u00a0\u00bb, faites des \u00e9conomies en montant vous-m\u00eame votre m\u00e2t Attention: ce m\u00e2t est obligatoirement envoy\u00e9 en affr\u00eatement: consultez-nous pour les tarifs de transport. Fabriqu\u00e9 en France. Comprend: 1 tube Blizzard lg 7,50m anodis\u00e9 non perc\u00e9, 1 t\u00eate de m\u00e2t, 1 pied de m\u00e2t, 1 ferrure de barre de fl\u00e8che, 1 v\u00eet de [&hellip;]<\/p>\n","protected":false},"featured_media":857,"template":"","meta":{"_acf_changed":false,"_uag_custom_page_level_css":""},"product_brand":[430],"product_cat":[67],"product_tag":[],"class_list":{"0":"post-842","1":"product","2":"type-product","3":"status-publish","4":"has-post-thumbnail","6":"product_brand-nenuphar","7":"product_cat-profils-accastilles","8":"product_shipping_class-schenker","10":"first","11":"onbackorder","12":"taxable","13":"shipping-taxable","14":"purchasable","15":"product-type-simple"},"acf":[],"aioseo_notices":[],"uagb_featured_image_src":{"full":["https:\/\/www.nenuphar.com\/wp-content\/uploads\/2026\/01\/2671.jpg",1484,603,false],"thumbnail":["https:\/\/www.nenuphar.com\/wp-content\/uploads\/2026\/01\/2671-150x150.jpg",150,150,true],"medium":["https:\/\/www.nenuphar.com\/wp-content\/uploads\/2026\/01\/2671-300x122.jpg",300,122,true],"medium_large":["https:\/\/www.nenuphar.com\/wp-content\/uploads\/2026\/01\/2671-768x312.jpg",768,312,true],"large":["https:\/\/www.nenuphar.com\/wp-content\/uploads\/2026\/01\/2671-1024x416.jpg",1024,416,true],"1536x1536":["https:\/\/www.nenuphar.com\/wp-content\/uploads\/2026\/01\/2671.jpg",1484,603,false],"2048x2048":["https:\/\/www.nenuphar.com\/wp-content\/uploads\/2026\/01\/2671.jpg",1484,603,false],"trp-custom-language-flag":["https:\/\/www.nenuphar.com\/wp-content\/uploads\/2026\/01\/2671.jpg",18,7,false],"woocommerce_thumbnail":["https:\/\/www.nenuphar.com\/wp-content\/uploads\/2026\/01\/2671-300x300.jpg",300,300,true],"woocommerce_single":["https:\/\/www.nenuphar.com\/wp-content\/uploads\/2026\/01\/2671-600x244.jpg",600,244,true],"woocommerce_gallery_thumbnail":["https:\/\/www.nenuphar.com\/wp-content\/uploads\/2026\/01\/2671-100x100.jpg",100,100,true]},"uagb_author_info":{"display_name":"Karine","author_link":"https:\/\/www.nenuphar.com\/en\/author\/"},"uagb_comment_info":0,"uagb_excerpt":"Kit de m\u00e2t \u00ab\u00a0Blizzard\u00a0\u00bb, faites des \u00e9conomies en montant vous-m\u00eame votre m\u00e2t Attention: ce m\u00e2t est obligatoirement envoy\u00e9 en affr\u00eatement: consultez-nous pour les tarifs de transport. Fabriqu\u00e9 en France. Comprend: 1 tube Blizzard lg 7,50m anodis\u00e9 non perc\u00e9, 1 t\u00eate de m\u00e2t, 1 pied de m\u00e2t, 1 ferrure de barre de fl\u00e8che, 1 v\u00eet de&hellip;","_links":{"self":[{"href":"https:\/\/www.nenuphar.com\/en\/wp-json\/wp\/v2\/product\/842","targetHints":{"allow":["GET"]}}],"collection":[{"href":"https:\/\/www.nenuphar.com\/en\/wp-json\/wp\/v2\/product"}],"about":[{"href":"https:\/\/www.nenuphar.com\/en\/wp-json\/wp\/v2\/types\/product"}],"wp:featuredmedia":[{"embeddable":true,"href":"https:\/\/www.nenuphar.com\/en\/wp-json\/wp\/v2\/media\/857"}],"wp:attachment":[{"href":"https:\/\/www.nenuphar.com\/en\/wp-json\/wp\/v2\/media?parent=842"}],"wp:term":[{"taxonomy":"product_brand","embeddable":true,"href":"https:\/\/www.nenuphar.com\/en\/wp-json\/wp\/v2\/product_brand?post=842"},{"taxonomy":"product_cat","embeddable":true,"href":"https:\/\/www.nenuphar.com\/en\/wp-json\/wp\/v2\/product_cat?post=842"},{"taxonomy":"product_tag","embeddable":true,"href":"https:\/\/www.nenuphar.com\/en\/wp-json\/wp\/v2\/product_tag?post=842"}],"curies":[{"name":"wp","href":"https:\/\/api.w.org\/{rel}","templated":true}]}}