{"id":843,"date":"2026-01-04T17:37:36","date_gmt":"2026-01-04T17:37:36","guid":{"rendered":"https:\/\/nen.kmkoncept.fr\/?post_type=product&#038;p=843"},"modified":"2026-04-28T07:30:54","modified_gmt":"2026-04-28T07:30:54","slug":"profil-club-accastille","status":"publish","type":"product","link":"https:\/\/www.nenuphar.com\/en\/shop\/navigation\/mats\/profils-accastilles\/profil-club-accastille\/","title":{"rendered":"SCHOOL FITTED MAST TUBE"},"content":{"rendered":"<p>Dinghy rigged mast profile, straight section, with external halyards.<\/p>\n<p>Warning: this mast must be shipped by freight; please contact us for transport rates.<\/p>\n<p>Rigged profiles for dinghies, etc. Choose your model below. Made in France.<\/p>\n<p>Does not include running rigging or standing rigging. See complete mast.<\/p>","protected":false},"excerpt":{"rendered":"<p>Mistral mast profile. Includes assembled tube with masthead, mast foot, gooseneck, spreader bracket, spinnaker pole ring, boom vang attachment, shroud\/trapeze\/forestay fittings, and turning cleats.<\/p>\n<p>NE COMPREND PAS LE GREEMENT COURANT ET LE GREEMENT DORMANT.<\/p>","protected":false},"featured_media":858,"template":"","meta":{"_acf_changed":false,"_uag_custom_page_level_css":""},"product_brand":[],"product_cat":[67],"product_tag":[],"class_list":{"0":"post-843","1":"product","2":"type-product","3":"status-publish","4":"has-post-thumbnail","6":"product_cat-profils-accastilles","7":"product_shipping_class-schenker","9":"first","10":"instock","11":"taxable","12":"shipping-taxable","13":"purchasable","14":"product-type-variable"},"acf":[],"aioseo_notices":[],"uagb_featured_image_src":{"full":["https:\/\/www.nenuphar.com\/wp-content\/uploads\/2026\/01\/1279.jpg",425,648,false],"thumbnail":["https:\/\/www.nenuphar.com\/wp-content\/uploads\/2026\/01\/1279-150x150.jpg",150,150,true],"medium":["https:\/\/www.nenuphar.com\/wp-content\/uploads\/2026\/01\/1279-197x300.jpg",197,300,true],"medium_large":["https:\/\/www.nenuphar.com\/wp-content\/uploads\/2026\/01\/1279.jpg",425,648,false],"large":["https:\/\/www.nenuphar.com\/wp-content\/uploads\/2026\/01\/1279.jpg",425,648,false],"1536x1536":["https:\/\/www.nenuphar.com\/wp-content\/uploads\/2026\/01\/1279.jpg",425,648,false],"2048x2048":["https:\/\/www.nenuphar.com\/wp-content\/uploads\/2026\/01\/1279.jpg",425,648,false],"trp-custom-language-flag":["https:\/\/www.nenuphar.com\/wp-content\/uploads\/2026\/01\/1279.jpg",8,12,false],"woocommerce_thumbnail":["https:\/\/www.nenuphar.com\/wp-content\/uploads\/2026\/01\/1279-300x300.jpg",300,300,true],"woocommerce_single":["https:\/\/www.nenuphar.com\/wp-content\/uploads\/2026\/01\/1279.jpg",425,648,false],"woocommerce_gallery_thumbnail":["https:\/\/www.nenuphar.com\/wp-content\/uploads\/2026\/01\/1279-100x100.jpg",100,100,true]},"uagb_author_info":{"display_name":"Karine","author_link":"https:\/\/www.nenuphar.com\/en\/author\/"},"uagb_comment_info":0,"uagb_excerpt":"Profil Mistral. Comprend le tube mont\u00e9 avec t\u00eate m\u00e2t, pied m\u00e2t, v\u00eet-de-mulet, platine de barres de fl\u00e8che, anneau de tangon, ancrage hale-bas, ancrages pour haubans\/trap\u00e8zes\/\u00e9tai, taquets de tournage. NE COMPREND PAS LE GREEMENT COURANT ET LE GREEMENT DORMANT.","_links":{"self":[{"href":"https:\/\/www.nenuphar.com\/en\/wp-json\/wp\/v2\/product\/843","targetHints":{"allow":["GET"]}}],"collection":[{"href":"https:\/\/www.nenuphar.com\/en\/wp-json\/wp\/v2\/product"}],"about":[{"href":"https:\/\/www.nenuphar.com\/en\/wp-json\/wp\/v2\/types\/product"}],"wp:featuredmedia":[{"embeddable":true,"href":"https:\/\/www.nenuphar.com\/en\/wp-json\/wp\/v2\/media\/858"}],"wp:attachment":[{"href":"https:\/\/www.nenuphar.com\/en\/wp-json\/wp\/v2\/media?parent=843"}],"wp:term":[{"taxonomy":"product_brand","embeddable":true,"href":"https:\/\/www.nenuphar.com\/en\/wp-json\/wp\/v2\/product_brand?post=843"},{"taxonomy":"product_cat","embeddable":true,"href":"https:\/\/www.nenuphar.com\/en\/wp-json\/wp\/v2\/product_cat?post=843"},{"taxonomy":"product_tag","embeddable":true,"href":"https:\/\/www.nenuphar.com\/en\/wp-json\/wp\/v2\/product_tag?post=843"}],"curies":[{"name":"wp","href":"https:\/\/api.w.org\/{rel}","templated":true}]}}