{"id":844,"date":"2026-01-04T17:37:36","date_gmt":"2026-01-04T17:37:36","guid":{"rendered":"https:\/\/nen.kmkoncept.fr\/?post_type=product&#038;p=844"},"modified":"2026-04-28T07:29:34","modified_gmt":"2026-04-28T07:29:34","slug":"profil-regate-accastille","status":"publish","type":"product","link":"https:\/\/www.nenuphar.com\/en\/shop\/navigation\/mats\/profils-accastilles\/profil-regate-accastille\/","title":{"rendered":"REGATTA FITTED MAST TUBE"},"content":{"rendered":"<p>Racing mast, rigged profile, reduced section if class rules allow, for internal halyards.<\/p>\n<p><span><span><span>Warning: this mast must be shipped by freight; please contact us for transport rates.<\/span><\/span><\/span><\/p>\n<p><span><span>Mistral mast profile. Includes assembled tube with masthead, mast foot, gooseneck, spreader bracket, spinnaker pole ring, boom vang attachment, shroud\/trapeze\/forestay fittings, and turning cleats.<\/span><\/span><\/p>\n<p><span><span>NE COMPREND PAS GREEMEMENT DORMANT ET GREEMENT COURANT: voir m\u00e2t complet.<\/span><\/span><\/p>\n<p>. Choisissez votre s\u00e9rie:<\/p>","protected":false},"excerpt":{"rendered":"<p><span>Profils R\u00e9gate accastill\u00e9s pour d\u00e9riveurs 420, 470, 505&#8230;etc\u00a0<\/span><span>Made in France. Reduced mast equipped for internal halyards. More efficient than a non-reduced profile, this mast provides higher performance and better sailing sensations. Mast supplied without halyards, shrouds, or trapeze wires.\u00a0<\/span><\/p>\n<p>420, 445, 470, Fireball : Le vit de mulet peut \u00eatre livr\u00e9 en doigt rond en diam\u00e9tre 10 ou 12mm ou doigt carr\u00e9 de 12. Profil mistral 1.080 kg\/m.<\/p>\n<p>485, 490, 505, Vent d&rsquo;ouest, Jet, Ponant, Windy : \u00a0Le vit de mulet peut \u00eatre livr\u00e9 en doigt rond en diam\u00e9tre 10 ou 12mm ou doigt carr\u00e9 de 12mm. Profil Blizzard 1.262 kg\/m.<\/p>","protected":false},"featured_media":859,"template":"","meta":{"_acf_changed":false,"_uag_custom_page_level_css":""},"product_brand":[430],"product_cat":[67],"product_tag":[],"class_list":{"0":"post-844","1":"product","2":"type-product","3":"status-publish","4":"has-post-thumbnail","6":"product_brand-nenuphar","7":"product_cat-profils-accastilles","8":"product_shipping_class-schenker","10":"first","11":"instock","12":"taxable","13":"shipping-taxable","14":"purchasable","15":"product-type-simple"},"acf":[],"aioseo_notices":[],"uagb_featured_image_src":{"full":["https:\/\/www.nenuphar.com\/wp-content\/uploads\/2026\/01\/1280.jpg",137,400,false],"thumbnail":["https:\/\/www.nenuphar.com\/wp-content\/uploads\/2026\/01\/1280-137x150.jpg",137,150,true],"medium":["https:\/\/www.nenuphar.com\/wp-content\/uploads\/2026\/01\/1280-103x300.jpg",103,300,true],"medium_large":["https:\/\/www.nenuphar.com\/wp-content\/uploads\/2026\/01\/1280.jpg",137,400,false],"large":["https:\/\/www.nenuphar.com\/wp-content\/uploads\/2026\/01\/1280.jpg",137,400,false],"1536x1536":["https:\/\/www.nenuphar.com\/wp-content\/uploads\/2026\/01\/1280.jpg",137,400,false],"2048x2048":["https:\/\/www.nenuphar.com\/wp-content\/uploads\/2026\/01\/1280.jpg",137,400,false],"trp-custom-language-flag":["https:\/\/www.nenuphar.com\/wp-content\/uploads\/2026\/01\/1280.jpg",4,12,false],"woocommerce_thumbnail":["https:\/\/www.nenuphar.com\/wp-content\/uploads\/2026\/01\/1280-137x300.jpg",137,300,true],"woocommerce_single":["https:\/\/www.nenuphar.com\/wp-content\/uploads\/2026\/01\/1280.jpg",137,400,false],"woocommerce_gallery_thumbnail":["https:\/\/www.nenuphar.com\/wp-content\/uploads\/2026\/01\/1280-100x100.jpg",100,100,true]},"uagb_author_info":{"display_name":"Karine","author_link":"https:\/\/www.nenuphar.com\/en\/author\/"},"uagb_comment_info":0,"uagb_excerpt":"Profils R\u00e9gate accastill\u00e9s pour d\u00e9riveurs 420, 470, 505...etc\u00a0Fabriqu\u00e9 en France. M\u00e2t r\u00e9treint \u00e9quip\u00e9 pour des drisses int\u00e9rieures. Plus performant qu'un profil non retreint. ce m\u00e2t permet des performances et des sensations plus \u00e9lev\u00e9es. M\u00e2t livr\u00e9 sans drisses. Ni haubans et trap\u00e9zes.\u00a0 420, 445, 470, Fireball : Le vit de mulet peut \u00eatre livr\u00e9 en doigt&hellip;","_links":{"self":[{"href":"https:\/\/www.nenuphar.com\/en\/wp-json\/wp\/v2\/product\/844","targetHints":{"allow":["GET"]}}],"collection":[{"href":"https:\/\/www.nenuphar.com\/en\/wp-json\/wp\/v2\/product"}],"about":[{"href":"https:\/\/www.nenuphar.com\/en\/wp-json\/wp\/v2\/types\/product"}],"wp:featuredmedia":[{"embeddable":true,"href":"https:\/\/www.nenuphar.com\/en\/wp-json\/wp\/v2\/media\/859"}],"wp:attachment":[{"href":"https:\/\/www.nenuphar.com\/en\/wp-json\/wp\/v2\/media?parent=844"}],"wp:term":[{"taxonomy":"product_brand","embeddable":true,"href":"https:\/\/www.nenuphar.com\/en\/wp-json\/wp\/v2\/product_brand?post=844"},{"taxonomy":"product_cat","embeddable":true,"href":"https:\/\/www.nenuphar.com\/en\/wp-json\/wp\/v2\/product_cat?post=844"},{"taxonomy":"product_tag","embeddable":true,"href":"https:\/\/www.nenuphar.com\/en\/wp-json\/wp\/v2\/product_tag?post=844"}],"curies":[{"name":"wp","href":"https:\/\/api.w.org\/{rel}","templated":true}]}}