{"id":847,"date":"2026-01-04T17:37:36","date_gmt":"2026-01-04T17:37:36","guid":{"rendered":"https:\/\/nen.kmkoncept.fr\/?post_type=product&#038;p=847"},"modified":"2026-04-28T07:29:35","modified_gmt":"2026-04-28T07:29:35","slug":"profil-510-droit-drisses-exterieures","status":"publish","type":"product","link":"https:\/\/www.nenuphar.com\/en\/shop\/navigation\/mats\/profils-accastilles\/profil-510-droit-drisses-exterieures\/","title":{"rendered":"Profile 510 straight mast \u2013 external halyards."},"content":{"rendered":"<p>Profil N\u00e9nuphar \u00ab\u00a0Blizzard\u00a0\u00bb pour Lanaverre 510.<\/p>\n<p>Profil de m\u00e2t non r\u00e9treint , drisses EXTERIEURES.<\/p>\n<p>Le profil accastill\u00e9 comprend:<\/p>","protected":false},"excerpt":{"rendered":"<p>Masthead for external halyards.<\/p>\n<p>Mast foot,<\/p>\n<p>Spreader bracket + spreaders,<\/p>\n<p>Gooseneck fitting,<\/p>\n<p>Boom vang attachment,<\/p>\n<p>Halyard turning cleats for mainsail and jib, spinnaker pole ring,<\/p>\n<p>Forestay, shroud, and trapeze attachments.<\/p>","protected":false},"featured_media":860,"template":"","meta":{"_acf_changed":false,"_uag_custom_page_level_css":""},"product_brand":[430],"product_cat":[67],"product_tag":[],"class_list":{"0":"post-847","1":"product","2":"type-product","3":"status-publish","4":"has-post-thumbnail","6":"product_brand-nenuphar","7":"product_cat-profils-accastilles","8":"product_shipping_class-schenker","10":"first","11":"onbackorder","12":"taxable","13":"shipping-taxable","14":"purchasable","15":"product-type-simple"},"acf":[],"aioseo_notices":[],"uagb_featured_image_src":{"full":["https:\/\/www.nenuphar.com\/wp-content\/uploads\/2026\/01\/3309.jpg",500,400,false],"thumbnail":["https:\/\/www.nenuphar.com\/wp-content\/uploads\/2026\/01\/3309-150x150.jpg",150,150,true],"medium":["https:\/\/www.nenuphar.com\/wp-content\/uploads\/2026\/01\/3309-300x240.jpg",300,240,true],"medium_large":["https:\/\/www.nenuphar.com\/wp-content\/uploads\/2026\/01\/3309.jpg",500,400,false],"large":["https:\/\/www.nenuphar.com\/wp-content\/uploads\/2026\/01\/3309.jpg",500,400,false],"1536x1536":["https:\/\/www.nenuphar.com\/wp-content\/uploads\/2026\/01\/3309.jpg",500,400,false],"2048x2048":["https:\/\/www.nenuphar.com\/wp-content\/uploads\/2026\/01\/3309.jpg",500,400,false],"trp-custom-language-flag":["https:\/\/www.nenuphar.com\/wp-content\/uploads\/2026\/01\/3309.jpg",15,12,false],"woocommerce_thumbnail":["https:\/\/www.nenuphar.com\/wp-content\/uploads\/2026\/01\/3309-300x300.jpg",300,300,true],"woocommerce_single":["https:\/\/www.nenuphar.com\/wp-content\/uploads\/2026\/01\/3309.jpg",500,400,false],"woocommerce_gallery_thumbnail":["https:\/\/www.nenuphar.com\/wp-content\/uploads\/2026\/01\/3309-100x100.jpg",100,100,true]},"uagb_author_info":{"display_name":"Karine","author_link":"https:\/\/www.nenuphar.com\/en\/author\/"},"uagb_comment_info":0,"uagb_excerpt":"T\u00eate de m\u00e2t drisses ext\u00e9rieures, Pied de m\u00e2t, Platine de barres de fl\u00e8che + barres de fl\u00e8che, V\u00eet de mulet, Ancrage hale-bas, taquets de taournage drisses GV et foc, anneau de tangon, Ancrages \u00e9tai, haubans, trap\u00e8zes.","_links":{"self":[{"href":"https:\/\/www.nenuphar.com\/en\/wp-json\/wp\/v2\/product\/847","targetHints":{"allow":["GET"]}}],"collection":[{"href":"https:\/\/www.nenuphar.com\/en\/wp-json\/wp\/v2\/product"}],"about":[{"href":"https:\/\/www.nenuphar.com\/en\/wp-json\/wp\/v2\/types\/product"}],"wp:featuredmedia":[{"embeddable":true,"href":"https:\/\/www.nenuphar.com\/en\/wp-json\/wp\/v2\/media\/860"}],"wp:attachment":[{"href":"https:\/\/www.nenuphar.com\/en\/wp-json\/wp\/v2\/media?parent=847"}],"wp:term":[{"taxonomy":"product_brand","embeddable":true,"href":"https:\/\/www.nenuphar.com\/en\/wp-json\/wp\/v2\/product_brand?post=847"},{"taxonomy":"product_cat","embeddable":true,"href":"https:\/\/www.nenuphar.com\/en\/wp-json\/wp\/v2\/product_cat?post=847"},{"taxonomy":"product_tag","embeddable":true,"href":"https:\/\/www.nenuphar.com\/en\/wp-json\/wp\/v2\/product_tag?post=847"}],"curies":[{"name":"wp","href":"https:\/\/api.w.org\/{rel}","templated":true}]}}