{"id":865,"date":"2026-01-04T17:39:09","date_gmt":"2026-01-04T17:39:09","guid":{"rendered":"https:\/\/nen.kmkoncept.fr\/?post_type=product&#038;p=865"},"modified":"2026-04-28T07:29:34","modified_gmt":"2026-04-28T07:29:34","slug":"profil-corsaire-version-eco-drisses-exterieures","status":"publish","type":"product","link":"https:\/\/www.nenuphar.com\/en\/shop\/series\/deriveurs\/corsaire\/profil-corsaire-version-eco-drisses-exterieures\/","title":{"rendered":"CORSAIRE FITTED MAST TUBE EXTERNAL HALYARD"},"content":{"rendered":"<p><span>Warning: this mast must be shipped by freight; please contact us for transport rates.<\/span><\/p>","protected":false},"excerpt":{"rendered":"<p>Warning: this mast must be shipped by freight; please contact us for transport rates.<\/p>","protected":false},"featured_media":0,"template":"","meta":{"_acf_changed":false,"_uag_custom_page_level_css":""},"product_brand":[430],"product_cat":[198,67],"product_tag":[482],"class_list":{"0":"post-865","1":"product","2":"type-product","3":"status-publish","5":"product_brand-nenuphar","6":"product_cat-corsaire","7":"product_cat-profils-accastilles","8":"product_tag-corsaire","9":"product_shipping_class-schenker","11":"first","12":"onbackorder","13":"taxable","14":"shipping-taxable","15":"purchasable","16":"product-type-simple"},"acf":[],"aioseo_notices":[],"uagb_featured_image_src":{"full":false,"thumbnail":false,"medium":false,"medium_large":false,"large":false,"1536x1536":false,"2048x2048":false,"trp-custom-language-flag":false,"woocommerce_thumbnail":false,"woocommerce_single":false,"woocommerce_gallery_thumbnail":false},"uagb_author_info":{"display_name":"Karine","author_link":"https:\/\/www.nenuphar.com\/en\/author\/"},"uagb_comment_info":0,"uagb_excerpt":"Attention: ce m\u00e2t est obligatoirement envoy\u00e9 en affr\u00eatement: consultez-nous pour les tarifs de transport.","_links":{"self":[{"href":"https:\/\/www.nenuphar.com\/en\/wp-json\/wp\/v2\/product\/865","targetHints":{"allow":["GET"]}}],"collection":[{"href":"https:\/\/www.nenuphar.com\/en\/wp-json\/wp\/v2\/product"}],"about":[{"href":"https:\/\/www.nenuphar.com\/en\/wp-json\/wp\/v2\/types\/product"}],"wp:attachment":[{"href":"https:\/\/www.nenuphar.com\/en\/wp-json\/wp\/v2\/media?parent=865"}],"wp:term":[{"taxonomy":"product_brand","embeddable":true,"href":"https:\/\/www.nenuphar.com\/en\/wp-json\/wp\/v2\/product_brand?post=865"},{"taxonomy":"product_cat","embeddable":true,"href":"https:\/\/www.nenuphar.com\/en\/wp-json\/wp\/v2\/product_cat?post=865"},{"taxonomy":"product_tag","embeddable":true,"href":"https:\/\/www.nenuphar.com\/en\/wp-json\/wp\/v2\/product_tag?post=865"}],"curies":[{"name":"wp","href":"https:\/\/api.w.org\/{rel}","templated":true}]}}