{"id":877,"date":"2026-01-04T19:20:33","date_gmt":"2026-01-04T19:20:33","guid":{"rendered":"https:\/\/nen.kmkoncept.fr\/?post_type=product&#038;p=877"},"modified":"2026-04-28T07:30:53","modified_gmt":"2026-04-28T07:30:53","slug":"bas-de-mat-radial-pour-laser-compatible","status":"publish","type":"product","link":"https:\/\/www.nenuphar.com\/en\/shop\/navigation\/mats\/mats-complets\/bas-de-mat-radial-pour-laser-compatible\/","title":{"rendered":"L1 RADIAL COMPATIBLE LOWER MAST"},"content":{"rendered":"<p>Bas m\u00e2t compatible pour Laser radial<\/p>\n<p>Id\u00e9al en utilisation \u00e9cole ou loisirs,<\/p>\n<p>Economic<\/p>\n<p>Choose your color:<\/p>\n<p>\u2013 Clear,<\/p>\n<p>\u2013 Black.<\/p><\/p>","protected":false},"excerpt":{"rendered":"<p>Laser\u00ae is a registered trademark of Velum Limited and Performance Sailcraft Australia Ltd. N\u00e9nuphar SA is completely independent from Velum Limited, Laser Performance Limited, and Performance Sailcraft Australia Ltd.<\/p>","protected":false},"featured_media":900,"template":"","meta":{"_acf_changed":false,"_uag_custom_page_level_css":""},"product_brand":[],"product_cat":[68],"product_tag":[],"class_list":{"0":"post-877","1":"product","2":"type-product","3":"status-publish","4":"has-post-thumbnail","6":"product_cat-mats-complets","8":"first","9":"onbackorder","10":"taxable","11":"shipping-taxable","12":"purchasable","13":"product-type-variable"},"acf":[],"aioseo_notices":[],"uagb_featured_image_src":{"full":["https:\/\/www.nenuphar.com\/wp-content\/uploads\/2026\/01\/1050.jpg",150,113,false],"thumbnail":["https:\/\/www.nenuphar.com\/wp-content\/uploads\/2026\/01\/1050.jpg",150,113,false],"medium":["https:\/\/www.nenuphar.com\/wp-content\/uploads\/2026\/01\/1050.jpg",150,113,false],"medium_large":["https:\/\/www.nenuphar.com\/wp-content\/uploads\/2026\/01\/1050.jpg",150,113,false],"large":["https:\/\/www.nenuphar.com\/wp-content\/uploads\/2026\/01\/1050.jpg",150,113,false],"1536x1536":["https:\/\/www.nenuphar.com\/wp-content\/uploads\/2026\/01\/1050.jpg",150,113,false],"2048x2048":["https:\/\/www.nenuphar.com\/wp-content\/uploads\/2026\/01\/1050.jpg",150,113,false],"trp-custom-language-flag":["https:\/\/www.nenuphar.com\/wp-content\/uploads\/2026\/01\/1050.jpg",16,12,false],"woocommerce_thumbnail":["https:\/\/www.nenuphar.com\/wp-content\/uploads\/2026\/01\/1050.jpg",150,113,false],"woocommerce_single":["https:\/\/www.nenuphar.com\/wp-content\/uploads\/2026\/01\/1050.jpg",150,113,false],"woocommerce_gallery_thumbnail":["https:\/\/www.nenuphar.com\/wp-content\/uploads\/2026\/01\/1050-100x100.jpg",100,100,true]},"uagb_author_info":{"display_name":"Karine","author_link":"https:\/\/www.nenuphar.com\/en\/author\/"},"uagb_comment_info":0,"uagb_excerpt":"Laser\u00ae est une marque d\u00e9pos\u00e9e de Velum limited et Performance Sailcraft Australia Ltd. N\u00e9nuphar SA est totalement ind\u00e9pendant de Velum limited, de Laser Performance Limited et de Performance Sailcraft Australia Ltd.","_links":{"self":[{"href":"https:\/\/www.nenuphar.com\/en\/wp-json\/wp\/v2\/product\/877","targetHints":{"allow":["GET"]}}],"collection":[{"href":"https:\/\/www.nenuphar.com\/en\/wp-json\/wp\/v2\/product"}],"about":[{"href":"https:\/\/www.nenuphar.com\/en\/wp-json\/wp\/v2\/types\/product"}],"wp:featuredmedia":[{"embeddable":true,"href":"https:\/\/www.nenuphar.com\/en\/wp-json\/wp\/v2\/media\/900"}],"wp:attachment":[{"href":"https:\/\/www.nenuphar.com\/en\/wp-json\/wp\/v2\/media?parent=877"}],"wp:term":[{"taxonomy":"product_brand","embeddable":true,"href":"https:\/\/www.nenuphar.com\/en\/wp-json\/wp\/v2\/product_brand?post=877"},{"taxonomy":"product_cat","embeddable":true,"href":"https:\/\/www.nenuphar.com\/en\/wp-json\/wp\/v2\/product_cat?post=877"},{"taxonomy":"product_tag","embeddable":true,"href":"https:\/\/www.nenuphar.com\/en\/wp-json\/wp\/v2\/product_tag?post=877"}],"curies":[{"name":"wp","href":"https:\/\/api.w.org\/{rel}","templated":true}]}}