{"id":884,"date":"2026-01-04T19:20:34","date_gmt":"2026-01-04T19:20:34","guid":{"rendered":"https:\/\/nen.kmkoncept.fr\/?post_type=product&#038;p=884"},"modified":"2026-04-28T07:29:32","modified_gmt":"2026-04-28T07:29:32","slug":"bas-de-mat-pico-compatible","status":"publish","type":"product","link":"https:\/\/www.nenuphar.com\/en\/shop\/series\/deriveurs\/laser-deriveurs\/laser-pico\/bas-de-mat-pico-compatible\/","title":{"rendered":"COMPATIBLE LOWER MAST PICO"},"content":{"rendered":"<p>Lower mast compatible with Laser Pico.<\/p>\n<p>Ideal for school or recreational use.<\/p>\n<p>Very sturdy.<\/p>","protected":false},"excerpt":{"rendered":"<p>Laser\u00ae is a registered trademark of Velum Limited and Performance Sailcraft Australia Ltd. N\u00e9nuphar SA is completely independent of Velum Limited, Laser Performance Limited, and Performance Sailcraft Australia Ltd.<\/p>","protected":false},"featured_media":902,"template":"","meta":{"_acf_changed":false,"_uag_custom_page_level_css":""},"product_brand":[430],"product_cat":[244,68],"product_tag":[],"class_list":{"0":"post-884","1":"product","2":"type-product","3":"status-publish","4":"has-post-thumbnail","6":"product_brand-nenuphar","7":"product_cat-laser-pico","8":"product_cat-mats-complets","9":"product_shipping_class-schenker","11":"first","12":"onbackorder","13":"taxable","14":"shipping-taxable","15":"purchasable","16":"product-type-simple"},"acf":[],"aioseo_notices":[],"uagb_featured_image_src":{"full":["https:\/\/www.nenuphar.com\/wp-content\/uploads\/2026\/01\/97.jpg",150,200,false],"thumbnail":["https:\/\/www.nenuphar.com\/wp-content\/uploads\/2026\/01\/97-150x150.jpg",150,150,true],"medium":["https:\/\/www.nenuphar.com\/wp-content\/uploads\/2026\/01\/97.jpg",150,200,false],"medium_large":["https:\/\/www.nenuphar.com\/wp-content\/uploads\/2026\/01\/97.jpg",150,200,false],"large":["https:\/\/www.nenuphar.com\/wp-content\/uploads\/2026\/01\/97.jpg",150,200,false],"1536x1536":["https:\/\/www.nenuphar.com\/wp-content\/uploads\/2026\/01\/97.jpg",150,200,false],"2048x2048":["https:\/\/www.nenuphar.com\/wp-content\/uploads\/2026\/01\/97.jpg",150,200,false],"trp-custom-language-flag":["https:\/\/www.nenuphar.com\/wp-content\/uploads\/2026\/01\/97.jpg",9,12,false],"woocommerce_thumbnail":["https:\/\/www.nenuphar.com\/wp-content\/uploads\/2026\/01\/97.jpg",150,200,false],"woocommerce_single":["https:\/\/www.nenuphar.com\/wp-content\/uploads\/2026\/01\/97.jpg",150,200,false],"woocommerce_gallery_thumbnail":["https:\/\/www.nenuphar.com\/wp-content\/uploads\/2026\/01\/97-100x100.jpg",100,100,true]},"uagb_author_info":{"display_name":"Karine","author_link":"https:\/\/www.nenuphar.com\/en\/author\/"},"uagb_comment_info":0,"uagb_excerpt":"Laser\u00ae est une marque d\u00e9pos\u00e9e de Velum limited et Performance Sailcraft Australie Ltd. N\u00e9nuphar SA est totalement ind\u00e9pendant de Velum limited, de Laser Performance Limited et de Performance Sailcrft Australia Ltd.","_links":{"self":[{"href":"https:\/\/www.nenuphar.com\/en\/wp-json\/wp\/v2\/product\/884","targetHints":{"allow":["GET"]}}],"collection":[{"href":"https:\/\/www.nenuphar.com\/en\/wp-json\/wp\/v2\/product"}],"about":[{"href":"https:\/\/www.nenuphar.com\/en\/wp-json\/wp\/v2\/types\/product"}],"wp:featuredmedia":[{"embeddable":true,"href":"https:\/\/www.nenuphar.com\/en\/wp-json\/wp\/v2\/media\/902"}],"wp:attachment":[{"href":"https:\/\/www.nenuphar.com\/en\/wp-json\/wp\/v2\/media?parent=884"}],"wp:term":[{"taxonomy":"product_brand","embeddable":true,"href":"https:\/\/www.nenuphar.com\/en\/wp-json\/wp\/v2\/product_brand?post=884"},{"taxonomy":"product_cat","embeddable":true,"href":"https:\/\/www.nenuphar.com\/en\/wp-json\/wp\/v2\/product_cat?post=884"},{"taxonomy":"product_tag","embeddable":true,"href":"https:\/\/www.nenuphar.com\/en\/wp-json\/wp\/v2\/product_tag?post=884"}],"curies":[{"name":"wp","href":"https:\/\/api.w.org\/{rel}","templated":true}]}}