{"id":889,"date":"2026-01-04T19:20:34","date_gmt":"2026-01-04T19:20:34","guid":{"rendered":"https:\/\/nen.kmkoncept.fr\/?post_type=product&#038;p=889"},"modified":"2026-04-28T07:29:33","modified_gmt":"2026-04-28T07:29:33","slug":"mat-complet-corsaire-retreint-noir","status":"publish","type":"product","link":"https:\/\/www.nenuphar.com\/en\/shop\/series\/deriveurs\/corsaire\/mat-complet-corsaire-retreint-noir\/","title":{"rendered":"COMPLETE MAST BLACK"},"content":{"rendered":"<p><span>Complete Corsaire mast. Tapered mast with internal halyards. Supplied with shrouds, etc. Warning: this mast must be shipped by freight; please contact us for transport rates.<\/span><\/p>\n<p>Made in France.<\/p>","protected":false},"excerpt":{"rendered":"<p>M\u00e2t complet de Corsaire. M\u00e2t r\u00e9treint, drisses int\u00e9rieures. Livr\u00e9 avec les haubans etc&#8230;Attention: ce m\u00e2t est obligatoirement envoy\u00e9 en affr\u00eatement: consultez-nous pour les tarifs de transport. Fabriqu\u00e9 en France.<\/p>","protected":false},"featured_media":906,"template":"","meta":{"_acf_changed":false,"_uag_custom_page_level_css":""},"product_brand":[430],"product_cat":[198,68],"product_tag":[482],"class_list":{"0":"post-889","1":"product","2":"type-product","3":"status-publish","4":"has-post-thumbnail","6":"product_brand-nenuphar","7":"product_cat-corsaire","8":"product_cat-mats-complets","9":"product_tag-corsaire","10":"product_shipping_class-schenker","12":"first","13":"onbackorder","14":"taxable","15":"shipping-taxable","16":"purchasable","17":"product-type-simple"},"acf":[],"aioseo_notices":[],"uagb_featured_image_src":{"full":["https:\/\/www.nenuphar.com\/wp-content\/uploads\/2026\/01\/657.jpg",137,400,false],"thumbnail":["https:\/\/www.nenuphar.com\/wp-content\/uploads\/2026\/01\/657-137x150.jpg",137,150,true],"medium":["https:\/\/www.nenuphar.com\/wp-content\/uploads\/2026\/01\/657-103x300.jpg",103,300,true],"medium_large":["https:\/\/www.nenuphar.com\/wp-content\/uploads\/2026\/01\/657.jpg",137,400,false],"large":["https:\/\/www.nenuphar.com\/wp-content\/uploads\/2026\/01\/657.jpg",137,400,false],"1536x1536":["https:\/\/www.nenuphar.com\/wp-content\/uploads\/2026\/01\/657.jpg",137,400,false],"2048x2048":["https:\/\/www.nenuphar.com\/wp-content\/uploads\/2026\/01\/657.jpg",137,400,false],"trp-custom-language-flag":["https:\/\/www.nenuphar.com\/wp-content\/uploads\/2026\/01\/657.jpg",4,12,false],"woocommerce_thumbnail":["https:\/\/www.nenuphar.com\/wp-content\/uploads\/2026\/01\/657-137x300.jpg",137,300,true],"woocommerce_single":["https:\/\/www.nenuphar.com\/wp-content\/uploads\/2026\/01\/657.jpg",137,400,false],"woocommerce_gallery_thumbnail":["https:\/\/www.nenuphar.com\/wp-content\/uploads\/2026\/01\/657-100x100.jpg",100,100,true]},"uagb_author_info":{"display_name":"Karine","author_link":"https:\/\/www.nenuphar.com\/en\/author\/"},"uagb_comment_info":0,"uagb_excerpt":"M\u00e2t complet de Corsaire. M\u00e2t r\u00e9treint, drisses int\u00e9rieures. Livr\u00e9 avec les haubans etc&#8230;Attention: ce m\u00e2t est obligatoirement envoy\u00e9 en affr\u00eatement: consultez-nous pour les tarifs de transport. Fabriqu\u00e9 en France.","_links":{"self":[{"href":"https:\/\/www.nenuphar.com\/en\/wp-json\/wp\/v2\/product\/889","targetHints":{"allow":["GET"]}}],"collection":[{"href":"https:\/\/www.nenuphar.com\/en\/wp-json\/wp\/v2\/product"}],"about":[{"href":"https:\/\/www.nenuphar.com\/en\/wp-json\/wp\/v2\/types\/product"}],"wp:featuredmedia":[{"embeddable":true,"href":"https:\/\/www.nenuphar.com\/en\/wp-json\/wp\/v2\/media\/906"}],"wp:attachment":[{"href":"https:\/\/www.nenuphar.com\/en\/wp-json\/wp\/v2\/media?parent=889"}],"wp:term":[{"taxonomy":"product_brand","embeddable":true,"href":"https:\/\/www.nenuphar.com\/en\/wp-json\/wp\/v2\/product_brand?post=889"},{"taxonomy":"product_cat","embeddable":true,"href":"https:\/\/www.nenuphar.com\/en\/wp-json\/wp\/v2\/product_cat?post=889"},{"taxonomy":"product_tag","embeddable":true,"href":"https:\/\/www.nenuphar.com\/en\/wp-json\/wp\/v2\/product_tag?post=889"}],"curies":[{"name":"wp","href":"https:\/\/api.w.org\/{rel}","templated":true}]}}