{"id":914,"date":"2026-01-04T19:26:10","date_gmt":"2026-01-04T19:26:10","guid":{"rendered":"https:\/\/nen.kmkoncept.fr\/?post_type=product&#038;p=914"},"modified":"2026-04-28T07:29:24","modified_gmt":"2026-04-28T07:29:24","slug":"embout-de-bome-optimist-z-tube-int-34mm","status":"publish","type":"product","link":"https:\/\/www.nenuphar.com\/en\/shop\/navigation\/mats\/bomes\/embout-de-bome-optimist-z-tube-int-34mm\/","title":{"rendered":"EMBOUT DE BOME OPTIMIST Z TUBE INT 34MM"},"content":{"rendered":"<p>Embout arri\u00e8re pour bome Optimist<\/p>\n<p>Pour tube de diam\u00e8tre int\u00e9rieur 34mm (tube 38x2mm)<\/p>\n<p>Z spars<\/p>","protected":false},"excerpt":{"rendered":"<p>Embout arri\u00e8re pour bome Optimist Pour tube de diam\u00e8tre int\u00e9rieur 34mm (tube 38x2mm) Z spars<\/p>","protected":false},"featured_media":940,"template":"","meta":{"_acf_changed":false,"_uag_custom_page_level_css":""},"product_brand":[476],"product_cat":[69,210],"product_tag":[502],"class_list":{"0":"post-914","1":"product","2":"type-product","3":"status-publish","4":"has-post-thumbnail","6":"product_brand-z-spars","7":"product_cat-bomes","8":"product_cat-optimist-deriveurs","9":"product_tag-optimist","11":"first","12":"instock","13":"taxable","14":"shipping-taxable","15":"purchasable","16":"product-type-simple"},"acf":[],"aioseo_notices":[],"uagb_featured_image_src":{"full":["https:\/\/www.nenuphar.com\/wp-content\/uploads\/2026\/01\/3866-scaled.jpg",2560,1707,false],"thumbnail":["https:\/\/www.nenuphar.com\/wp-content\/uploads\/2026\/01\/3866-150x150.jpg",150,150,true],"medium":["https:\/\/www.nenuphar.com\/wp-content\/uploads\/2026\/01\/3866-300x200.jpg",300,200,true],"medium_large":["https:\/\/www.nenuphar.com\/wp-content\/uploads\/2026\/01\/3866-768x512.jpg",768,512,true],"large":["https:\/\/www.nenuphar.com\/wp-content\/uploads\/2026\/01\/3866-1024x683.jpg",1024,683,true],"1536x1536":["https:\/\/www.nenuphar.com\/wp-content\/uploads\/2026\/01\/3866-1536x1024.jpg",1536,1024,true],"2048x2048":["https:\/\/www.nenuphar.com\/wp-content\/uploads\/2026\/01\/3866-2048x1365.jpg",2048,1365,true],"trp-custom-language-flag":["https:\/\/www.nenuphar.com\/wp-content\/uploads\/2026\/01\/3866-scaled.jpg",18,12,false],"woocommerce_thumbnail":["https:\/\/www.nenuphar.com\/wp-content\/uploads\/2026\/01\/3866-300x300.jpg",300,300,true],"woocommerce_single":["https:\/\/www.nenuphar.com\/wp-content\/uploads\/2026\/01\/3866-600x400.jpg",600,400,true],"woocommerce_gallery_thumbnail":["https:\/\/www.nenuphar.com\/wp-content\/uploads\/2026\/01\/3866-100x100.jpg",100,100,true]},"uagb_author_info":{"display_name":"Karine","author_link":"https:\/\/www.nenuphar.com\/en\/author\/"},"uagb_comment_info":0,"uagb_excerpt":"Embout arri\u00e8re pour bome Optimist Pour tube de diam\u00e8tre int\u00e9rieur 34mm (tube 38x2mm) Z spars","_links":{"self":[{"href":"https:\/\/www.nenuphar.com\/en\/wp-json\/wp\/v2\/product\/914","targetHints":{"allow":["GET"]}}],"collection":[{"href":"https:\/\/www.nenuphar.com\/en\/wp-json\/wp\/v2\/product"}],"about":[{"href":"https:\/\/www.nenuphar.com\/en\/wp-json\/wp\/v2\/types\/product"}],"wp:featuredmedia":[{"embeddable":true,"href":"https:\/\/www.nenuphar.com\/en\/wp-json\/wp\/v2\/media\/940"}],"wp:attachment":[{"href":"https:\/\/www.nenuphar.com\/en\/wp-json\/wp\/v2\/media?parent=914"}],"wp:term":[{"taxonomy":"product_brand","embeddable":true,"href":"https:\/\/www.nenuphar.com\/en\/wp-json\/wp\/v2\/product_brand?post=914"},{"taxonomy":"product_cat","embeddable":true,"href":"https:\/\/www.nenuphar.com\/en\/wp-json\/wp\/v2\/product_cat?post=914"},{"taxonomy":"product_tag","embeddable":true,"href":"https:\/\/www.nenuphar.com\/en\/wp-json\/wp\/v2\/product_tag?post=914"}],"curies":[{"name":"wp","href":"https:\/\/api.w.org\/{rel}","templated":true}]}}