{"id":920,"date":"2026-01-04T19:26:10","date_gmt":"2026-01-04T19:26:10","guid":{"rendered":"https:\/\/nen.kmkoncept.fr\/?post_type=product&#038;p=920"},"modified":"2026-04-28T07:30:54","modified_gmt":"2026-04-28T07:30:54","slug":"bomes-regate","status":"publish","type":"product","link":"https:\/\/www.nenuphar.com\/en\/shop\/navigation\/mats\/bomes\/bomes-regate\/","title":{"rendered":"REGATTA BOOMS"},"content":{"rendered":"<p>Racing booms for dinghies 420, 445, 470 and many more. Made in France. With attachments for the boom vang and mainsheet blocks, internal outhaul adjustment with 1:1 purchase. Quick-release aft end fitting. Photo colours are non-contractual: please contact us.<\/p>","protected":false},"excerpt":{"rendered":"<p>Racing booms for dinghies 420, 445, 470 and many more. Made in France. With attachments for the boom vang and mainsheet blocks, internal outhaul adjustment with 1:1 purchase. Quick-release aft end fitting. Photo colours are non-contractual: please contact us.<\/p>","protected":false},"featured_media":945,"template":"","meta":{"_acf_changed":false,"_uag_custom_page_level_css":""},"product_brand":[],"product_cat":[69],"product_tag":[],"class_list":{"0":"post-920","1":"product","2":"type-product","3":"status-publish","4":"has-post-thumbnail","6":"product_cat-bomes","8":"first","9":"onbackorder","10":"taxable","11":"shipping-taxable","12":"purchasable","13":"product-type-variable"},"acf":[],"aioseo_notices":[],"uagb_featured_image_src":{"full":["https:\/\/www.nenuphar.com\/wp-content\/uploads\/2026\/01\/1052.jpg",400,96,false],"thumbnail":["https:\/\/www.nenuphar.com\/wp-content\/uploads\/2026\/01\/1052-150x96.jpg",150,96,true],"medium":["https:\/\/www.nenuphar.com\/wp-content\/uploads\/2026\/01\/1052-300x72.jpg",300,72,true],"medium_large":["https:\/\/www.nenuphar.com\/wp-content\/uploads\/2026\/01\/1052.jpg",400,96,false],"large":["https:\/\/www.nenuphar.com\/wp-content\/uploads\/2026\/01\/1052.jpg",400,96,false],"1536x1536":["https:\/\/www.nenuphar.com\/wp-content\/uploads\/2026\/01\/1052.jpg",400,96,false],"2048x2048":["https:\/\/www.nenuphar.com\/wp-content\/uploads\/2026\/01\/1052.jpg",400,96,false],"trp-custom-language-flag":["https:\/\/www.nenuphar.com\/wp-content\/uploads\/2026\/01\/1052.jpg",18,4,false],"woocommerce_thumbnail":["https:\/\/www.nenuphar.com\/wp-content\/uploads\/2026\/01\/1052-300x96.jpg",300,96,true],"woocommerce_single":["https:\/\/www.nenuphar.com\/wp-content\/uploads\/2026\/01\/1052.jpg",400,96,false],"woocommerce_gallery_thumbnail":["https:\/\/www.nenuphar.com\/wp-content\/uploads\/2026\/01\/1052-100x96.jpg",100,96,true]},"uagb_author_info":{"display_name":"Karine","author_link":"https:\/\/www.nenuphar.com\/en\/author\/"},"uagb_comment_info":0,"uagb_excerpt":"Bomes r\u00e9gate pour d\u00e9riveurs 420, 445, 470 et bien plus encore.\u00a0Fabriqu\u00e9 en France. Avec ancrages pour le hale-bas et les poulies de GV, r\u00e9glage bordure int\u00e9rieur avec 1 d\u00e9multiplication. Embout arri\u00e8re prise rapide. COLORIS PHOTO NON CONTRACTUEL : Nous demander.","_links":{"self":[{"href":"https:\/\/www.nenuphar.com\/en\/wp-json\/wp\/v2\/product\/920","targetHints":{"allow":["GET"]}}],"collection":[{"href":"https:\/\/www.nenuphar.com\/en\/wp-json\/wp\/v2\/product"}],"about":[{"href":"https:\/\/www.nenuphar.com\/en\/wp-json\/wp\/v2\/types\/product"}],"wp:featuredmedia":[{"embeddable":true,"href":"https:\/\/www.nenuphar.com\/en\/wp-json\/wp\/v2\/media\/945"}],"wp:attachment":[{"href":"https:\/\/www.nenuphar.com\/en\/wp-json\/wp\/v2\/media?parent=920"}],"wp:term":[{"taxonomy":"product_brand","embeddable":true,"href":"https:\/\/www.nenuphar.com\/en\/wp-json\/wp\/v2\/product_brand?post=920"},{"taxonomy":"product_cat","embeddable":true,"href":"https:\/\/www.nenuphar.com\/en\/wp-json\/wp\/v2\/product_cat?post=920"},{"taxonomy":"product_tag","embeddable":true,"href":"https:\/\/www.nenuphar.com\/en\/wp-json\/wp\/v2\/product_tag?post=920"}],"curies":[{"name":"wp","href":"https:\/\/api.w.org\/{rel}","templated":true}]}}