{"id":929,"date":"2026-01-04T19:26:11","date_gmt":"2026-01-04T19:26:11","guid":{"rendered":"https:\/\/nen.kmkoncept.fr\/?post_type=product&#038;p=929"},"modified":"2026-04-28T07:29:37","modified_gmt":"2026-04-28T07:29:37","slug":"bome-equipe-ecole","status":"publish","type":"product","link":"https:\/\/www.nenuphar.com\/en\/shop\/navigation\/mats\/bomes\/bome-equipe-ecole\/","title":{"rendered":"EQUIPE SCHOOL BOOM"},"content":{"rendered":"<p>School boom compatible with Equipe. Made in France.<br \/>\nWith attachments for boom vang and mainsheet blocks, and internal outhaul adjustment. Round tube, 50 mm diameter. Supplied with vang block and boom blocks.<\/p>","protected":false},"excerpt":{"rendered":"<p>Boom for Equipe. Compatible version, for school use.<\/p>","protected":false},"featured_media":949,"template":"","meta":{"_acf_changed":false,"_uag_custom_page_level_css":""},"product_brand":[430],"product_cat":[69,199],"product_tag":[427],"class_list":{"0":"post-929","1":"product","2":"type-product","3":"status-publish","4":"has-post-thumbnail","6":"product_brand-nenuphar","7":"product_cat-bomes","8":"product_cat-equipe","9":"product_tag-equipe","10":"product_shipping_class-schenker","12":"first","13":"onbackorder","14":"taxable","15":"shipping-taxable","16":"purchasable","17":"product-type-simple"},"acf":[],"aioseo_notices":[],"uagb_featured_image_src":{"full":["https:\/\/www.nenuphar.com\/wp-content\/uploads\/2026\/01\/1677.jpg",400,127,false],"thumbnail":["https:\/\/www.nenuphar.com\/wp-content\/uploads\/2026\/01\/1677-150x127.jpg",150,127,true],"medium":["https:\/\/www.nenuphar.com\/wp-content\/uploads\/2026\/01\/1677-300x95.jpg",300,95,true],"medium_large":["https:\/\/www.nenuphar.com\/wp-content\/uploads\/2026\/01\/1677.jpg",400,127,false],"large":["https:\/\/www.nenuphar.com\/wp-content\/uploads\/2026\/01\/1677.jpg",400,127,false],"1536x1536":["https:\/\/www.nenuphar.com\/wp-content\/uploads\/2026\/01\/1677.jpg",400,127,false],"2048x2048":["https:\/\/www.nenuphar.com\/wp-content\/uploads\/2026\/01\/1677.jpg",400,127,false],"trp-custom-language-flag":["https:\/\/www.nenuphar.com\/wp-content\/uploads\/2026\/01\/1677.jpg",18,6,false],"woocommerce_thumbnail":["https:\/\/www.nenuphar.com\/wp-content\/uploads\/2026\/01\/1677-300x127.jpg",300,127,true],"woocommerce_single":["https:\/\/www.nenuphar.com\/wp-content\/uploads\/2026\/01\/1677.jpg",400,127,false],"woocommerce_gallery_thumbnail":["https:\/\/www.nenuphar.com\/wp-content\/uploads\/2026\/01\/1677-100x100.jpg",100,100,true]},"uagb_author_info":{"display_name":"Karine","author_link":"https:\/\/www.nenuphar.com\/en\/author\/"},"uagb_comment_info":0,"uagb_excerpt":"B\u00f4me \u00e9cole compatible pour Equipe. Fabriqu\u00e9 en France. Avec ancrages pour le hale-bas et les poulies de GV, r\u00e9glage de bordure int\u00e9rieure. Tube rond Diam\u00e8tre 50mm. Livr\u00e9 avec poulie hale bas et poulies de b\u00f4me.","_links":{"self":[{"href":"https:\/\/www.nenuphar.com\/en\/wp-json\/wp\/v2\/product\/929","targetHints":{"allow":["GET"]}}],"collection":[{"href":"https:\/\/www.nenuphar.com\/en\/wp-json\/wp\/v2\/product"}],"about":[{"href":"https:\/\/www.nenuphar.com\/en\/wp-json\/wp\/v2\/types\/product"}],"wp:featuredmedia":[{"embeddable":true,"href":"https:\/\/www.nenuphar.com\/en\/wp-json\/wp\/v2\/media\/949"}],"wp:attachment":[{"href":"https:\/\/www.nenuphar.com\/en\/wp-json\/wp\/v2\/media?parent=929"}],"wp:term":[{"taxonomy":"product_brand","embeddable":true,"href":"https:\/\/www.nenuphar.com\/en\/wp-json\/wp\/v2\/product_brand?post=929"},{"taxonomy":"product_cat","embeddable":true,"href":"https:\/\/www.nenuphar.com\/en\/wp-json\/wp\/v2\/product_cat?post=929"},{"taxonomy":"product_tag","embeddable":true,"href":"https:\/\/www.nenuphar.com\/en\/wp-json\/wp\/v2\/product_tag?post=929"}],"curies":[{"name":"wp","href":"https:\/\/api.w.org\/{rel}","templated":true}]}}