{"id":930,"date":"2026-01-04T19:26:11","date_gmt":"2026-01-04T19:26:11","guid":{"rendered":"https:\/\/nen.kmkoncept.fr\/?post_type=product&#038;p=930"},"modified":"2026-04-28T07:29:38","modified_gmt":"2026-04-28T07:29:38","slug":"bome-tabur-320-technispars-occasion","status":"publish","type":"product","link":"https:\/\/www.nenuphar.com\/en\/shop\/navigation\/mats\/bomes\/bome-tabur-320-technispars-occasion\/","title":{"rendered":"BOME TABUR 320 TECHNISPARS OCCASION"},"content":{"rendered":"<p>B\u00f4me de Tabur 320 de marque Technispars.<\/p>\n<p>Neuve mais avec quelques rayures.<\/p>\n<p>3 b\u00f4mes disponibles.<\/p>\n<p>Munie d&rsquo;une poulie \u00e0 l&rsquo;arri\u00e8re.<\/p>\n<p>Pour doigt de v\u00eet-de-mulet diam\u00e8tre 10 mm<\/p><\/p>","protected":false},"excerpt":{"rendered":"<p>B\u00f4me de Tabur 320 de marque Technispars. Neuve mais avec quelques rayures. 3 b\u00f4mes disponibles. Munie d&rsquo;une poulie \u00e0 l&rsquo;arri\u00e8re. Pour doigt de v\u00eet-de-mulet diam\u00e8tre 10 mm<\/p>","protected":false},"featured_media":950,"template":"","meta":{"_acf_changed":false,"_uag_custom_page_level_css":""},"product_brand":[],"product_cat":[69],"product_tag":[],"class_list":{"0":"post-930","1":"product","2":"type-product","3":"status-publish","4":"has-post-thumbnail","6":"product_cat-bomes","8":"first","9":"instock","10":"taxable","11":"shipping-taxable","12":"purchasable","13":"product-type-simple"},"acf":[],"aioseo_notices":[],"uagb_featured_image_src":{"full":["https:\/\/www.nenuphar.com\/wp-content\/uploads\/2026\/01\/5157-scaled.jpg",2560,359,false],"thumbnail":["https:\/\/www.nenuphar.com\/wp-content\/uploads\/2026\/01\/5157-150x150.jpg",150,150,true],"medium":["https:\/\/www.nenuphar.com\/wp-content\/uploads\/2026\/01\/5157-300x42.jpg",300,42,true],"medium_large":["https:\/\/www.nenuphar.com\/wp-content\/uploads\/2026\/01\/5157-768x108.jpg",768,108,true],"large":["https:\/\/www.nenuphar.com\/wp-content\/uploads\/2026\/01\/5157-1024x143.jpg",1024,143,true],"1536x1536":["https:\/\/www.nenuphar.com\/wp-content\/uploads\/2026\/01\/5157-1536x215.jpg",1536,215,true],"2048x2048":["https:\/\/www.nenuphar.com\/wp-content\/uploads\/2026\/01\/5157-2048x287.jpg",2048,287,true],"trp-custom-language-flag":["https:\/\/www.nenuphar.com\/wp-content\/uploads\/2026\/01\/5157-scaled.jpg",18,3,false],"woocommerce_thumbnail":["https:\/\/www.nenuphar.com\/wp-content\/uploads\/2026\/01\/5157-300x300.jpg",300,300,true],"woocommerce_single":["https:\/\/www.nenuphar.com\/wp-content\/uploads\/2026\/01\/5157-600x84.jpg",600,84,true],"woocommerce_gallery_thumbnail":["https:\/\/www.nenuphar.com\/wp-content\/uploads\/2026\/01\/5157-100x100.jpg",100,100,true]},"uagb_author_info":{"display_name":"Karine","author_link":"https:\/\/www.nenuphar.com\/en\/author\/"},"uagb_comment_info":0,"uagb_excerpt":"B\u00f4me de Tabur 320 de marque Technispars. Neuve mais avec quelques rayures. 3 b\u00f4mes disponibles. Munie d&rsquo;une poulie \u00e0 l&rsquo;arri\u00e8re. Pour doigt de v\u00eet-de-mulet diam\u00e8tre 10 mm","_links":{"self":[{"href":"https:\/\/www.nenuphar.com\/en\/wp-json\/wp\/v2\/product\/930","targetHints":{"allow":["GET"]}}],"collection":[{"href":"https:\/\/www.nenuphar.com\/en\/wp-json\/wp\/v2\/product"}],"about":[{"href":"https:\/\/www.nenuphar.com\/en\/wp-json\/wp\/v2\/types\/product"}],"wp:featuredmedia":[{"embeddable":true,"href":"https:\/\/www.nenuphar.com\/en\/wp-json\/wp\/v2\/media\/950"}],"wp:attachment":[{"href":"https:\/\/www.nenuphar.com\/en\/wp-json\/wp\/v2\/media?parent=930"}],"wp:term":[{"taxonomy":"product_brand","embeddable":true,"href":"https:\/\/www.nenuphar.com\/en\/wp-json\/wp\/v2\/product_brand?post=930"},{"taxonomy":"product_cat","embeddable":true,"href":"https:\/\/www.nenuphar.com\/en\/wp-json\/wp\/v2\/product_cat?post=930"},{"taxonomy":"product_tag","embeddable":true,"href":"https:\/\/www.nenuphar.com\/en\/wp-json\/wp\/v2\/product_tag?post=930"}],"curies":[{"name":"wp","href":"https:\/\/api.w.org\/{rel}","templated":true}]}}