{"id":968,"date":"2026-01-04T19:44:20","date_gmt":"2026-01-04T19:44:20","guid":{"rendered":"https:\/\/nen.kmkoncept.fr\/?post_type=product&#038;p=968"},"modified":"2026-04-28T07:29:38","modified_gmt":"2026-04-28T07:29:38","slug":"tangon-420-caravelle-vaurien-nlle-jauge","status":"publish","type":"product","link":"https:\/\/www.nenuphar.com\/en\/shop\/series\/deriveurs\/420\/tangon-420-caravelle-vaurien-nlle-jauge\/","title":{"rendered":"Spinnaker pole for 420, Caravelle \u2013 Vaurien (new class rules)"},"content":{"rendered":"<p>Complete spinnaker pole assembly with end fittings ref. 620 and central pad eye for 420, Caravelle, and Vaurien (new class rules). <\/p>\n<p>Black spinnaker pole, 1.5 mm wall thickness.<\/p>\n<\/p><\/p>","protected":false},"excerpt":{"rendered":"<p>Tangon mont\u00e9 complet avec embouts r\u00e9f 620 et pontet central pour 420, Caravelle et Vaurien nouvelle jauge Tangon noir \u00e9paisseur 1.5 mm<\/p>","protected":false},"featured_media":986,"template":"","meta":{"_acf_changed":false,"_uag_custom_page_level_css":""},"product_brand":[430],"product_cat":[186,197,403,218],"product_tag":[311,423,425],"class_list":{"0":"post-968","1":"product","2":"type-product","3":"status-publish","4":"has-post-thumbnail","6":"product_brand-nenuphar","7":"product_cat-186","8":"product_cat-caravelle","9":"product_cat-tangons","10":"product_cat-vaurien","11":"product_tag-311","12":"product_tag-caravelle","13":"product_tag-vaurien","14":"product_shipping_class-schenker","16":"first","17":"onbackorder","18":"taxable","19":"shipping-taxable","20":"purchasable","21":"product-type-simple"},"acf":[],"aioseo_notices":[],"uagb_featured_image_src":{"full":["https:\/\/www.nenuphar.com\/wp-content\/uploads\/2026\/01\/1310.jpg",400,68,false],"thumbnail":["https:\/\/www.nenuphar.com\/wp-content\/uploads\/2026\/01\/1310-150x68.jpg",150,68,true],"medium":["https:\/\/www.nenuphar.com\/wp-content\/uploads\/2026\/01\/1310-300x51.jpg",300,51,true],"medium_large":["https:\/\/www.nenuphar.com\/wp-content\/uploads\/2026\/01\/1310.jpg",400,68,false],"large":["https:\/\/www.nenuphar.com\/wp-content\/uploads\/2026\/01\/1310.jpg",400,68,false],"1536x1536":["https:\/\/www.nenuphar.com\/wp-content\/uploads\/2026\/01\/1310.jpg",400,68,false],"2048x2048":["https:\/\/www.nenuphar.com\/wp-content\/uploads\/2026\/01\/1310.jpg",400,68,false],"trp-custom-language-flag":["https:\/\/www.nenuphar.com\/wp-content\/uploads\/2026\/01\/1310.jpg",18,3,false],"woocommerce_thumbnail":["https:\/\/www.nenuphar.com\/wp-content\/uploads\/2026\/01\/1310-300x68.jpg",300,68,true],"woocommerce_single":["https:\/\/www.nenuphar.com\/wp-content\/uploads\/2026\/01\/1310.jpg",400,68,false],"woocommerce_gallery_thumbnail":["https:\/\/www.nenuphar.com\/wp-content\/uploads\/2026\/01\/1310-100x68.jpg",100,68,true]},"uagb_author_info":{"display_name":"Karine","author_link":"https:\/\/www.nenuphar.com\/en\/author\/"},"uagb_comment_info":0,"uagb_excerpt":"Tangon mont\u00e9 complet avec embouts r\u00e9f 620 et pontet central pour 420, Caravelle et Vaurien nouvelle jauge Tangon noir \u00e9paisseur 1.5 mm","_links":{"self":[{"href":"https:\/\/www.nenuphar.com\/en\/wp-json\/wp\/v2\/product\/968","targetHints":{"allow":["GET"]}}],"collection":[{"href":"https:\/\/www.nenuphar.com\/en\/wp-json\/wp\/v2\/product"}],"about":[{"href":"https:\/\/www.nenuphar.com\/en\/wp-json\/wp\/v2\/types\/product"}],"wp:featuredmedia":[{"embeddable":true,"href":"https:\/\/www.nenuphar.com\/en\/wp-json\/wp\/v2\/media\/986"}],"wp:attachment":[{"href":"https:\/\/www.nenuphar.com\/en\/wp-json\/wp\/v2\/media?parent=968"}],"wp:term":[{"taxonomy":"product_brand","embeddable":true,"href":"https:\/\/www.nenuphar.com\/en\/wp-json\/wp\/v2\/product_brand?post=968"},{"taxonomy":"product_cat","embeddable":true,"href":"https:\/\/www.nenuphar.com\/en\/wp-json\/wp\/v2\/product_cat?post=968"},{"taxonomy":"product_tag","embeddable":true,"href":"https:\/\/www.nenuphar.com\/en\/wp-json\/wp\/v2\/product_tag?post=968"}],"curies":[{"name":"wp","href":"https:\/\/api.w.org\/{rel}","templated":true}]}}